{"id":1643,"date":"2020-08-24T18:59:27","date_gmt":"2020-08-24T21:59:27","guid":{"rendered":"http:\/\/www.casadainjecao.com.br\/loja\/?page_id=1643"},"modified":"2023-06-26T10:05:47","modified_gmt":"2023-06-26T13:05:47","slug":"fale-conosco","status":"publish","type":"page","link":"https:\/\/www.casadainjecao.com.br\/loja\/fale-conosco\/","title":{"rendered":"Fale Conosco"},"content":{"rendered":"\n<h2 class=\"wp-block-heading\">Entre em contato para tirar d\u00favidas<\/h2>\n\n\n\n<p>Esse \u00e9 nosso canal de atendimento para clientes<\/p>\n\n\n<div class=\"leadform-show-form-1 leadform-show-form  lf-form-default leadform-lite\"><div class=\"lead-head\"><\/div>\r\n               <form action=\"\" method=\"post\" class=\"lead-form-front\" id=\"form_1\" enctype=\"multipart\/form-data\">\r\n                <h2 class=\"lfb-heading\">Fale Conosco<\/h2><div class=\"name-type lf-field\"><label>Nome<\/label>\r\n        <span><input id=\"name_1\" type=\"text\" name=\"name_1\" class=\"lf-form-name\" value=\"\" required placeholder=\"Nome\" \/>\r\n        <\/span><\/div><div class=\"text-type lf-field\"><label>E-mail<\/label>\r\n        <span><input id=\"email_2\" type=\"email\" class=\"lf-form-text \" name=\"email_2\" required value=\"\" placeholder=\"E-mail\" \/>\r\n        <\/span><\/div><div class=\"text-type lf-field\"><label>Telefone<\/label>\r\n        <span><input id=\"number_3\" type=\"number\" class=\"lf-form-text \" name=\"number_3\" required value=\"\" placeholder=\"Telefone\" \/>\r\n        <\/span><\/div><div class=\"textarea-type lf-field\"><label>Mensagem<\/label>\r\n            <span><textarea id=\"message_4\" name=\"message_4\" class=\"lf-form-textarea\" value=\"Mensagem\" placeholder=\"Mensagem\" required><\/textarea>\r\n            <\/span><\/div><div class=\"lf-form-panel\"><div class=\"submit-type lf-field\"><label><input id=\"0\" class=\"lf-form-submit\" type=\"submit\" name=\"submit\" value=\"ENVIAR\"\/>\r\n                <\/label><\/div><\/div>\r\n                <div class=\"captcha-field-area\" id=\"captcha-field-area\"><\/div>\r\n                <input type=\"hidden\" class=\"hidden_field\" name=\"hidden_field\" value=\"1\"\/>\r\n\r\n                <input type=\"hidden\" class=\"hidden_field\" name=\"_wpnonce_form\" value=\"34ad28fde3\"\/>\r\n                <input type=\"hidden\" class=\"this_form_captcha_status\" value=\"disable\"\/>\r\n                <div class=\"leadform-show-loading front-loading leadform-show-message-form-1\" >\r\n                <\/div>\r\n                <div class=\"lf-loading\">\r\n                    <div class=\"spinner\" id=\"loading_image\" style=\"display: none;\" wppb-add-style=\"display:none;\">\r\n                        <div class=\"bounce1\"><\/div>\r\n                        <div class=\"bounce2\"><\/div>\r\n                        <div class=\"bounce3\"><\/div>\r\n                    <\/div>\r\n                <\/div>\r\n                <\/form><p wppb-add-style=\"display:none;\" style=\"display:none;\" redirect=\"\" class=\"successmsg_1 successmsg\">Thank You ...<\/p><\/div>\n\n\n\n<hr class=\"wp-block-separator has-text-color has-background has-vivid-cyan-blue-background-color has-vivid-cyan-blue-color is-style-wide\"\/>\n\n\n\n<div class=\"wp-block-columns is-layout-flex wp-container-core-columns-layout-1 wp-block-columns-is-layout-flex\">\n<div class=\"wp-block-column is-layout-flow wp-block-column-is-layout-flow\" style=\"flex-basis:50%\">\n<h4 class=\"wp-block-heading\">Estamos aqui para te atender<\/h4>\n\n\n\n<p>Tem alguma d\u00favida?<br>Nossos especialistas est\u00e3o aqui para te ajudar!<\/p>\n\n\n\n<h4 class=\"has-text-align-left wp-block-heading\"><a href=\"tel:(11) 5062-1852\" data-type=\"tel\" data-id=\"tel:(11) 5062-1852\">(11) <a href=\"tel:(11) 91857.3259\">91857.3259<\/a><\/a><\/h4>\n\n\n\n<p>Hor\u00e1rio de atendimento:<br>Seg. a Sex.: das 8h \u00e0s 18h<\/p>\n<\/div>\n\n\n\n<div class=\"wp-block-column is-layout-flow wp-block-column-is-layout-flow\" style=\"flex-basis:50%\">\n<h4 class=\"wp-block-heading\">Fale com a gente pelo WhatsApp<\/h4>\n\n\n\n<p>Est\u00e1 com alguma d\u00favida? Fale com um de nossos especialistas no WhatsApp. \u00c9 super pr\u00e1tico<\/p>\n\n\n\n<p class=\"has-large-font-size\"><a rel=\"noreferrer noopener\" href=\"https:\/\/api.whatsapp.com\/send?1=pt_BR&amp;phone=5511947114335&amp;utm_medium=whatsapp\" target=\"_blank\">(11) <\/a><a href=\"tel:(11) 91857.3259\">91857.3259<\/a><\/p>\n\n\n\n<p>Hor\u00e1rio de atendimento do WhatsApp:<br>Seg. a sex.: das 8h \u00e0s 18h<br>S\u00e1bado: das 8h \u00e0s 12h<\/p>\n<\/div>\n<\/div>\n","protected":false},"excerpt":{"rendered":"<p>Entre em contato para tirar d\u00favidas Esse \u00e9 nosso canal de atendimento para clientes Estamos aqui para te atender Tem alguma d\u00favida?Nossos especialistas est\u00e3o aqui para te ajudar! (11) 91857.3259 Hor\u00e1rio de atendimento:Seg. a Sex.: das 8h \u00e0s 18h Fale com a gente pelo WhatsApp Est\u00e1 com alguma d\u00favida? Fale com um de nossos especialistas &hellip;<\/p>\n<p class=\"read-more\"> <a class=\" thunk-readmore button \" href=\"https:\/\/www.casadainjecao.com.br\/loja\/fale-conosco\/\"> <span class=\"screen-reader-text\">Fale Conosco<\/span>Read More<\/a><\/p>\n","protected":false},"author":1,"featured_media":0,"parent":0,"menu_order":0,"comment_status":"closed","ping_status":"closed","template":"","meta":{"_seopress_robots_primary_cat":"","_seopress_titles_title":"","_seopress_titles_desc":"Entre em contato para tirar d\u00favidas com as pe\u00e7as que precisa para seu carro. Nossos especialistas est\u00e3o aqui para te ajudar!","_seopress_robots_index":"","footnotes":"","_joinchat":{"view":"no"}},"_links":{"self":[{"href":"https:\/\/www.casadainjecao.com.br\/loja\/wp-json\/wp\/v2\/pages\/1643"}],"collection":[{"href":"https:\/\/www.casadainjecao.com.br\/loja\/wp-json\/wp\/v2\/pages"}],"about":[{"href":"https:\/\/www.casadainjecao.com.br\/loja\/wp-json\/wp\/v2\/types\/page"}],"author":[{"embeddable":true,"href":"https:\/\/www.casadainjecao.com.br\/loja\/wp-json\/wp\/v2\/users\/1"}],"replies":[{"embeddable":true,"href":"https:\/\/www.casadainjecao.com.br\/loja\/wp-json\/wp\/v2\/comments?post=1643"}],"version-history":[{"count":8,"href":"https:\/\/www.casadainjecao.com.br\/loja\/wp-json\/wp\/v2\/pages\/1643\/revisions"}],"predecessor-version":[{"id":25326,"href":"https:\/\/www.casadainjecao.com.br\/loja\/wp-json\/wp\/v2\/pages\/1643\/revisions\/25326"}],"wp:attachment":[{"href":"https:\/\/www.casadainjecao.com.br\/loja\/wp-json\/wp\/v2\/media?parent=1643"}],"curies":[{"name":"wp","href":"https:\/\/api.w.org\/{rel}","templated":true}]}}