{"id":1716,"date":"2020-09-17T12:42:58","date_gmt":"2020-09-17T15:42:58","guid":{"rendered":"http:\/\/www.casadainjecao.com.br\/loja\/?page_id=1716"},"modified":"2022-08-04T12:53:48","modified_gmt":"2022-08-04T15:53:48","slug":"localizacao","status":"publish","type":"page","link":"https:\/\/www.casadainjecao.com.br\/loja\/localizacao\/","title":{"rendered":"Localiza\u00e7\u00e3o"},"content":{"rendered":"\n<p>Para retirar seu produto, confira a localiza\u00e7\u00e3o da Casa da inje\u00e7\u00e3o em S\u00e3o Paulo.<\/p>\n\n\n\n<iframe src=\"https:\/\/www.google.com\/maps\/embed?pb=!1m18!1m12!1m3!1d3655.263578250145!2d-46.637854284474415!3d-23.630729870043982!2m3!1f0!2f0!3f0!3m2!1i1024!2i768!4f13.1!3m3!1m2!1s0x94ce5afc6a85ed6f%3A0x1f0f54e9b5adc7df!2sR.%20Em%C3%ADlia%20Sorrentino%2C%2040%20-%20Vila%20Monte%20Alegre%2C%20S%C3%A3o%20Paulo%20-%20SP%2C%2004306-050!5e0!3m2!1spt-BR!2sbr!4v1659622421742!5m2!1spt-BR!2sbr\" width=\"600\" height=\"450\" style=\"border:0;\" allowfullscreen=\"\" loading=\"lazy\" referrerpolicy=\"no-referrer-when-downgrade\"><\/iframe>https:\/\/g.page\/r\/CQFNABvREsQlEAI\/review\n\nhttps:\/\/g.page\/r\/CQFNABvREsQlEAI\/review\n\n\n\n<p>Para saber mais informa\u00e7\u00f5es sobre a empresa <a href=\"https:\/\/www.casadainjecao.com.br\/loja\/sobre-a-casa-da-injecao\/\">cl<\/a><a href=\"https:\/\/www.casadainjecao.com.br\/loja\/sobre-a-casa-da-injecao\/\" data-type=\"URL\" data-id=\"https:\/\/www.casadainjecao.com.br\/loja\/sobre-a-casa-da-injecao\/\">ique aqu<\/a><a href=\"https:\/\/www.casadainjecao.com.br\/loja\/sobre-a-casa-da-injecao\/\">i e saiba mais sobre a Casa da inje\u00e7\u00e3o.<\/a><\/p>\n","protected":false},"excerpt":{"rendered":"<p>Para retirar seu produto, confira a localiza\u00e7\u00e3o da Casa da inje\u00e7\u00e3o em S\u00e3o Paulo. https:\/\/g.page\/r\/CQFNABvREsQlEAI\/review https:\/\/g.page\/r\/CQFNABvREsQlEAI\/review Para saber mais informa\u00e7\u00f5es sobre a empresa clique aqui e saiba mais sobre a Casa da inje\u00e7\u00e3o.<\/p>\n","protected":false},"author":1,"featured_media":0,"parent":0,"menu_order":0,"comment_status":"closed","ping_status":"closed","template":"","meta":{"_seopress_robots_primary_cat":"","_seopress_titles_title":"Rua Emilia Sorrentino 40  Vila Monte Alegre Cep 04306050","_seopress_titles_desc":"","_seopress_robots_index":"","footnotes":"","_joinchat":[]},"_links":{"self":[{"href":"https:\/\/www.casadainjecao.com.br\/loja\/wp-json\/wp\/v2\/pages\/1716"}],"collection":[{"href":"https:\/\/www.casadainjecao.com.br\/loja\/wp-json\/wp\/v2\/pages"}],"about":[{"href":"https:\/\/www.casadainjecao.com.br\/loja\/wp-json\/wp\/v2\/types\/page"}],"author":[{"embeddable":true,"href":"https:\/\/www.casadainjecao.com.br\/loja\/wp-json\/wp\/v2\/users\/1"}],"replies":[{"embeddable":true,"href":"https:\/\/www.casadainjecao.com.br\/loja\/wp-json\/wp\/v2\/comments?post=1716"}],"version-history":[{"count":8,"href":"https:\/\/www.casadainjecao.com.br\/loja\/wp-json\/wp\/v2\/pages\/1716\/revisions"}],"predecessor-version":[{"id":18373,"href":"https:\/\/www.casadainjecao.com.br\/loja\/wp-json\/wp\/v2\/pages\/1716\/revisions\/18373"}],"wp:attachment":[{"href":"https:\/\/www.casadainjecao.com.br\/loja\/wp-json\/wp\/v2\/media?parent=1716"}],"curies":[{"name":"wp","href":"https:\/\/api.w.org\/{rel}","templated":true}]}}