{"id":268,"date":"2020-07-25T12:08:50","date_gmt":"2020-07-25T15:08:50","guid":{"rendered":"http:\/\/casadainjecao.com.br\/loja\/?page_id=268"},"modified":"2024-04-19T17:54:03","modified_gmt":"2024-04-19T20:54:03","slug":"politica-de-pagamento","status":"publish","type":"page","link":"https:\/\/www.casadainjecao.com.br\/loja\/politica-de-pagamento\/","title":{"rendered":"Pol\u00edtica de Pagamento"},"content":{"rendered":"\n<p>Formas de pagamentos aceitas no site:&nbsp;<strong>Cart\u00e3o de Cr\u00e9dito, D\u00e9bito e Boleto.<\/strong><\/p>\n\n\n\n<p>&nbsp;Voc\u00ea pode pagar seu pedido das seguintes maneiras:<br><br><strong>Pagamento com Cart\u00e3o de Cr\u00e9dito<\/strong><\/p>\n\n\n\n<ul>\n<li>O pedido estar\u00e1 sujeito \u00e0 aprova\u00e7\u00e3o da administradora de cart\u00e3o de cr\u00e9dito. Para ampliar ainda mais a sua seguran\u00e7a, as informa\u00e7\u00f5es contidas em seu cadastro s\u00e3o pass\u00edveis de confirma\u00e7\u00e3o, a CASA DA INJE\u00c7\u00c3O entrar\u00e1 em contato com voc\u00ea, caso tenha alguma inconformidade;&nbsp;&nbsp;<\/li>\n\n\n\n<li>Pagamento Parcelado: em at\u00e9 6 vezes com juros com parcelas m\u00ednimas de R$ 50,00 (cinq\u00fcenta reais);<\/li>\n\n\n\n<li>Utilizamos o Gatway de pagamento do <a href=\"https:\/\/www.pagseguro.com.br\" target=\"_blank\" aria-label=\"undefined (opens in a new tab)\" rel=\"noreferrer noopener nofollow\">Pag Seguro<\/a> que aceita as bandeiras: Visa\u00ae, Mastercard\u00ae, American Express\u00ae, Diners Club\u00ae, Elo\u00ae e Discover\u00ae<\/li>\n<\/ul>\n\n\n\n<p><strong>Pagamento com Cart\u00e3o de D\u00e9bito<\/strong><\/p>\n\n\n\n<ul>\n<li>O pedido estar\u00e1 sujeito \u00e0 aprova\u00e7\u00e3o da administradora de cart\u00e3o de d\u00e9bito. Para ampliar ainda mais a sua seguran\u00e7a, as informa\u00e7\u00f5es contidas em seu cadastro s\u00e3o pass\u00edveis de confirma\u00e7\u00e3o, a CASA DA INJE\u00c7\u00c3O entrar\u00e1 em contato com voc\u00ea, caso tenha alguma inconformidade; &nbsp;<\/li>\n\n\n\n<li>Trabalhamos com a bandeira Visa Electron\u00ae.<\/li>\n<\/ul>\n\n\n\n<p><strong>Pagamento n\u00e3o aprovado<\/strong><\/p>\n\n\n\n<ul>\n<li>Se n\u00e3o for poss\u00edvel concluir o pagamento em seu cart\u00e3o de cr\u00e9dito, voc\u00ea ser\u00e1 informado (a) pelo e-mail de cadastro. Neste caso, verifique com a administradora do cart\u00e3o qual o motivo do impedimento.<\/li>\n\n\n\n<li>Em alguns casos, \u00e9 poss\u00edvel usar outro cart\u00e3o para pagamento da compra. Neste caso acesse novamente &#8220;Sua Conta&#8221; na loja virtual e refa\u00e7a o pagamento.<\/li>\n<\/ul>\n\n\n\n<p>Voc\u00ea tamb\u00e9m poder\u00e1 entra em contato conosco\u00a0atrav\u00e9s do\u00a0SAC Loja Virtual\u00a0<strong>11 <strong><strong>91857-3259<\/strong><\/strong>, <\/strong>ou\u00a0<strong><a href=\"mailto:sac@casadainjecao.com.br\">sac@casadainjecao.com.br<\/a>, pelo Whatsapp 11 <strong><strong>91857-3259<\/strong><\/strong> e <\/strong>ou\u00a0pelo <strong><a href=\"https:\/\/loja.celmarboats.com.br\/contacts\/\" target=\"_blank\" rel=\"noreferrer noopener\">Fale Conosco<\/a> no site.\u00a0<\/strong><\/p>\n\n\n\n<p>&nbsp;<strong>Pagamento \u00e0 vista Boleto:<\/strong><\/p>\n\n\n\n<ul>\n<li>Pagamento do Boleto via rede banc\u00e1ria.<\/li>\n\n\n\n<li>Seu pedido ser\u00e1 enviado ap\u00f3s a compensa\u00e7\u00e3o do boleto em nossa conta corrente. Geralmente a compensa\u00e7\u00e3o ocorre em at\u00e9 2 dias&nbsp;\u00fateis.<\/li>\n\n\n\n<li>Voc\u00ea ter\u00e1 24 horas para realizar o pagamento do Boleto na rede banc\u00e1ria. Ap\u00f3s este prazo de 24h e se n\u00e3o localizado seu pagamento em nossa conta corrente o seu pedido ser\u00e1 autom\u00e1ticamente&nbsp;cancelado.<\/li>\n<\/ul>\n\n\n\n<p><strong>IMPORTANTE<\/strong>&nbsp;<\/p>\n\n\n\n<p>1) Antes de fechar a compra, confira os dados do pedido, a forma de pagamento e o endere\u00e7o de entrega. N\u00e3o ser\u00e1 poss\u00edvel alter\u00e1-los ap\u00f3s a finaliza\u00e7\u00e3o do pedido.<\/p>\n\n\n\n<p>2) Alertamos que, para sua seguran\u00e7a, as informa\u00e7\u00f5es inseridas em seu pedido poder\u00e3o passar por uma an\u00e1lise interna e estar\u00e3o sujeitas \u00e0 confirma\u00e7\u00e3o por telefone ou e-mail. Por isso, \u00e9 muito importante que seus dados cadastrais estejam sempre atualizados e completos, inclusive com telefone fixo para facilitar e agilizar o contato.&nbsp;<br><br>3) O prazo de entrega passa a ser considerado somente ap\u00f3s an\u00e1lise do pedido pela&nbsp;CASA DA INJE\u00c7\u00c3O&nbsp;e posterior confirma\u00e7\u00e3o do pagamento em dia \u00fatil. Voc\u00ea sempre ser\u00e1 notificado(a), por e-mail, sobre qualquer altera\u00e7\u00e3o no fluxo de processamento do pedido.<br><br>4) Uma compra com diverg\u00eancia de dados permanecer\u00e1 suspensa por 24 horas, de modo que voc\u00ea possa enviar as informa\u00e7\u00f5es necess\u00e1rias. Ap\u00f3s an\u00e1lise dos dados e&nbsp;libera\u00e7\u00e3o&nbsp;do pedido, o fluxo de entrega ser\u00e1 normal.<br><br>5) Se os dados n\u00e3o forem enviados pode haver demora na libera\u00e7\u00e3o da entrega do pedido ou&nbsp;cancelamento&nbsp;da compra.<\/p>\n\n\n\n<p>Refor\u00e7amos nosso comprometimento com a seguran\u00e7a do cart\u00e3o de cr\u00e9dito na Internet, garantindo aos nossos clientes total seguran\u00e7a em nossa loja virtual.<\/p>\n","protected":false},"excerpt":{"rendered":"<p>Formas de pagamentos aceitas no site:&nbsp;Cart\u00e3o de Cr\u00e9dito, D\u00e9bito e Boleto. &nbsp;Voc\u00ea pode pagar seu pedido das seguintes maneiras: Pagamento com Cart\u00e3o de Cr\u00e9dito Pagamento com Cart\u00e3o de D\u00e9bito Pagamento n\u00e3o aprovado Voc\u00ea tamb\u00e9m poder\u00e1 entra em contato conosco\u00a0atrav\u00e9s do\u00a0SAC Loja Virtual\u00a011 91857-3259, ou\u00a0sac@casadainjecao.com.br, pelo Whatsapp 11 91857-3259 e ou\u00a0pelo Fale Conosco no site.\u00a0 &nbsp;Pagamento &hellip;<\/p>\n<p class=\"read-more\"> <a class=\" thunk-readmore button \" href=\"https:\/\/www.casadainjecao.com.br\/loja\/politica-de-pagamento\/\"> <span class=\"screen-reader-text\">Pol\u00edtica de Pagamento<\/span>Read More<\/a><\/p>\n","protected":false},"author":1,"featured_media":0,"parent":0,"menu_order":0,"comment_status":"closed","ping_status":"closed","template":"","meta":{"_seopress_robots_primary_cat":"","_seopress_titles_title":"","_seopress_titles_desc":"","_seopress_robots_index":"","footnotes":"","_joinchat":[]},"_links":{"self":[{"href":"https:\/\/www.casadainjecao.com.br\/loja\/wp-json\/wp\/v2\/pages\/268"}],"collection":[{"href":"https:\/\/www.casadainjecao.com.br\/loja\/wp-json\/wp\/v2\/pages"}],"about":[{"href":"https:\/\/www.casadainjecao.com.br\/loja\/wp-json\/wp\/v2\/types\/page"}],"author":[{"embeddable":true,"href":"https:\/\/www.casadainjecao.com.br\/loja\/wp-json\/wp\/v2\/users\/1"}],"replies":[{"embeddable":true,"href":"https:\/\/www.casadainjecao.com.br\/loja\/wp-json\/wp\/v2\/comments?post=268"}],"version-history":[{"count":3,"href":"https:\/\/www.casadainjecao.com.br\/loja\/wp-json\/wp\/v2\/pages\/268\/revisions"}],"predecessor-version":[{"id":30440,"href":"https:\/\/www.casadainjecao.com.br\/loja\/wp-json\/wp\/v2\/pages\/268\/revisions\/30440"}],"wp:attachment":[{"href":"https:\/\/www.casadainjecao.com.br\/loja\/wp-json\/wp\/v2\/media?parent=268"}],"curies":[{"name":"wp","href":"https:\/\/api.w.org\/{rel}","templated":true}]}}