{"id":7645,"date":"2021-01-22T18:00:15","date_gmt":"2021-01-22T21:00:15","guid":{"rendered":"http:\/\/www.casadainjecao.com.br\/loja\/?page_id=7645"},"modified":"2024-02-05T16:55:32","modified_gmt":"2024-02-05T19:55:32","slug":"marcas","status":"publish","type":"page","link":"https:\/\/www.casadainjecao.com.br\/loja\/marcas\/","title":{"rendered":"Marcas"},"content":{"rendered":"\n<p>Encontre seu produto pela marca do seu ve\u00edculo<\/p>\n\n\n\n<div class=\"widget widget_berocket_product_brand_widget\"><style>.br_brand_br_brands_cache__7645_2 .br_widget_brand_element_slider {\r\n            width: calc(33.333333333333% - 6px);\r\n        }\r\n        .widget_berocket_product_brand_widget .brcs_slider_brands_container {\r\n            display: flex;\r\n            flex-wrap: wrap;\r\n            justify-content: space-between;\r\n        }\r\n        .widget_berocket_product_brand_widget .brcs_slider_brands_container .brand_slider_image a{\r\n            display: block;\r\n            text-align: center;\r\n        }\r\n        .widget_berocket_product_brand_widget .brcs_slider_brands_container .brand_slider_image a img{\r\n            margin: 0 auto;\r\n        }.br_brand_br_brands_cache__7645_2 .br_widget_brand_element_slider {\r\n        box-sizing: border-box;\r\n        padding: 3px;\r\n        margin: 3px;\r\n        \r\n    }<\/style><div class='brcs_slider_brands brcs_slider_brands_container br_brand_br_brands_cache__7645_2  br_brands_hierarchy_all' data-columns='3'><div class='br_widget_brand_element_slider list  ' >\r\n            <div class='brand_info brand_slider_image'>\r\n                <a href='https:\/\/www.casadainjecao.com.br\/loja\/marca\/asia-motors\/'> <span style=' display: block;'>Asia Motors <span class='br_brand_count'>(26)<\/span><\/span><\/a><\/div><\/div><div class='br_widget_brand_element_slider list  ' >\r\n            <div class='brand_info brand_slider_image'>\r\n                <a href='https:\/\/www.casadainjecao.com.br\/loja\/marca\/audi\/'><img src='http:\/\/www.casadainjecao.com.br\/loja\/wp-content\/uploads\/2020\/08\/logo-audi.png' alt='Audi'  style=' height:200px; object-fit:cover; ' \/> <span style=' display: block;'>Audi <span class='br_brand_count'>(58)<\/span><\/span><\/a><\/div><\/div><div class='br_widget_brand_element_slider list  ' >\r\n            <div class='brand_info brand_slider_image'>\r\n                <a href='https:\/\/www.casadainjecao.com.br\/loja\/marca\/bmw\/'><img src='http:\/\/www.casadainjecao.com.br\/loja\/wp-content\/uploads\/2020\/08\/logo-bmw.png' alt='BMW'  style=' height:200px; object-fit:cover; ' \/> <span style=' display: block;'>BMW <span class='br_brand_count'>(23)<\/span><\/span><\/a><\/div><\/div><div class='br_widget_brand_element_slider list  ' >\r\n            <div class='brand_info brand_slider_image'>\r\n                <a href='https:\/\/www.casadainjecao.com.br\/loja\/marca\/caoachery\/'><img src='http:\/\/www.casadainjecao.com.br\/loja\/wp-content\/uploads\/2020\/08\/logo-caoachery.png' alt='CaoaChery'  style=' height:200px; object-fit:cover; ' \/> <span style=' display: block;'>CaoaChery <span class='br_brand_count'>(13)<\/span><\/span><\/a><\/div><\/div><div class='br_widget_brand_element_slider list  ' >\r\n            <div class='brand_info brand_slider_image'>\r\n                <a href='https:\/\/www.casadainjecao.com.br\/loja\/marca\/chevrolet\/'><img src='http:\/\/www.casadainjecao.com.br\/loja\/wp-content\/uploads\/2020\/08\/logo-chevrolet.png' alt='Chevrolet'  style=' height:200px; object-fit:cover; ' \/> <span style=' display: block;'>Chevrolet <span class='br_brand_count'>(248)<\/span><\/span><\/a><\/div><\/div><div class='br_widget_brand_element_slider list  ' >\r\n            <div class='brand_info brand_slider_image'>\r\n                <a href='https:\/\/www.casadainjecao.com.br\/loja\/marca\/chrysler\/'> <span style=' display: block;'>Chrysler <span class='br_brand_count'>(13)<\/span><\/span><\/a><\/div><\/div><div class='br_widget_brand_element_slider list  ' >\r\n            <div class='brand_info brand_slider_image'>\r\n                <a href='https:\/\/www.casadainjecao.com.br\/loja\/marca\/citroen\/'><img src='http:\/\/www.casadainjecao.com.br\/loja\/wp-content\/uploads\/2020\/08\/logo-citroen.png' alt='Citroen'  style=' height:200px; object-fit:cover; ' \/> <span style=' display: block;'>Citroen <span class='br_brand_count'>(130)<\/span><\/span><\/a><\/div><\/div><div class='br_widget_brand_element_slider list  ' >\r\n            <div class='brand_info brand_slider_image'>\r\n                <a href='https:\/\/www.casadainjecao.com.br\/loja\/marca\/dodge-ram\/'> <span style=' display: block;'>Dodge <span class='br_brand_count'>(20)<\/span><\/span><\/a><\/div><\/div><div class='br_widget_brand_element_slider list  ' >\r\n            <div class='brand_info brand_slider_image'>\r\n                <a href='https:\/\/www.casadainjecao.com.br\/loja\/marca\/effa\/'> <span style=' display: block;'>Effa <span class='br_brand_count'>(13)<\/span><\/span><\/a><\/div><\/div><div class='br_widget_brand_element_slider list  ' >\r\n            <div class='brand_info brand_slider_image'>\r\n                <a href='https:\/\/www.casadainjecao.com.br\/loja\/marca\/fiat\/'><img src='http:\/\/www.casadainjecao.com.br\/loja\/wp-content\/uploads\/2020\/08\/logo-fiat.png' alt='Fiat'  style=' height:200px; object-fit:cover; ' \/> <span style=' display: block;'>Fiat <span class='br_brand_count'>(352)<\/span><\/span><\/a><\/div><\/div><div class='br_widget_brand_element_slider list  ' >\r\n            <div class='brand_info brand_slider_image'>\r\n                <a href='https:\/\/www.casadainjecao.com.br\/loja\/marca\/ford\/'><img src='http:\/\/www.casadainjecao.com.br\/loja\/wp-content\/uploads\/2020\/08\/logo-ford.png' alt='Ford'  style=' height:200px; object-fit:cover; ' \/> <span style=' display: block;'>Ford <span class='br_brand_count'>(164)<\/span><\/span><\/a><\/div><\/div><div class='br_widget_brand_element_slider list  ' >\r\n            <div class='brand_info brand_slider_image'>\r\n                <a href='https:\/\/www.casadainjecao.com.br\/loja\/marca\/honda\/'><img src='http:\/\/www.casadainjecao.com.br\/loja\/wp-content\/uploads\/2020\/08\/logo-honda.png' alt='Honda'  style=' height:200px; object-fit:cover; ' \/> <span style=' display: block;'>Honda <span class='br_brand_count'>(96)<\/span><\/span><\/a><\/div><\/div><div class='br_widget_brand_element_slider list  ' >\r\n            <div class='brand_info brand_slider_image'>\r\n                <a href='https:\/\/www.casadainjecao.com.br\/loja\/marca\/hyundai\/'><img src='http:\/\/www.casadainjecao.com.br\/loja\/wp-content\/uploads\/2020\/08\/logo-hyundai.png' alt='Hyundai'  style=' height:200px; object-fit:cover; ' \/> <span style=' display: block;'>Hyundai <span class='br_brand_count'>(98)<\/span><\/span><\/a><\/div><\/div><div class='br_widget_brand_element_slider list  ' >\r\n            <div class='brand_info brand_slider_image'>\r\n                <a href='https:\/\/www.casadainjecao.com.br\/loja\/marca\/iveco\/'> <span style=' display: block;'>Iveco <span class='br_brand_count'>(14)<\/span><\/span><\/a><\/div><\/div><div class='br_widget_brand_element_slider list  ' >\r\n            <div class='brand_info brand_slider_image'>\r\n                <a href='https:\/\/www.casadainjecao.com.br\/loja\/marca\/jac\/'> <span style=' display: block;'>Jac <span class='br_brand_count'>(66)<\/span><\/span><\/a><\/div><\/div><div class='br_widget_brand_element_slider list  ' >\r\n            <div class='brand_info brand_slider_image'>\r\n                <a href='https:\/\/www.casadainjecao.com.br\/loja\/marca\/jeep\/'><img src='http:\/\/www.casadainjecao.com.br\/loja\/wp-content\/uploads\/2020\/08\/logo-jeep.png' alt='Jeep'  style=' height:200px; object-fit:cover; ' \/> <span style=' display: block;'>Jeep <span class='br_brand_count'>(41)<\/span><\/span><\/a><\/div><\/div><div class='br_widget_brand_element_slider list  ' >\r\n            <div class='brand_info brand_slider_image'>\r\n                <a href='https:\/\/www.casadainjecao.com.br\/loja\/marca\/kia\/'><img src='http:\/\/www.casadainjecao.com.br\/loja\/wp-content\/uploads\/2020\/08\/logo-kia.png' alt='Kia'  style=' height:200px; object-fit:cover; ' \/> <span style=' display: block;'>Kia <span class='br_brand_count'>(110)<\/span><\/span><\/a><\/div><\/div><div class='br_widget_brand_element_slider list  ' >\r\n            <div class='brand_info brand_slider_image'>\r\n                <a href='https:\/\/www.casadainjecao.com.br\/loja\/marca\/land-rover\/'><img src='http:\/\/www.casadainjecao.com.br\/loja\/wp-content\/uploads\/2020\/08\/logo-landrover.png' alt='Land Rover'  style=' height:200px; object-fit:cover; ' \/> <span style=' display: block;'>Land Rover <span class='br_brand_count'>(9)<\/span><\/span><\/a><\/div><\/div><div class='br_widget_brand_element_slider list  ' >\r\n            <div class='brand_info brand_slider_image'>\r\n                <a href='https:\/\/www.casadainjecao.com.br\/loja\/marca\/lifan\/'> <span style=' display: block;'>Lifan <span class='br_brand_count'>(3)<\/span><\/span><\/a><\/div><\/div><div class='br_widget_brand_element_slider list  ' >\r\n            <div class='brand_info brand_slider_image'>\r\n                <a href='https:\/\/www.casadainjecao.com.br\/loja\/marca\/man\/'> <span style=' display: block;'>Man <span class='br_brand_count'>(1)<\/span><\/span><\/a><\/div><\/div><div class='br_widget_brand_element_slider list  ' >\r\n            <div class='brand_info brand_slider_image'>\r\n                <a href='https:\/\/www.casadainjecao.com.br\/loja\/marca\/marcopolo\/'> <span style=' display: block;'>Marcopolo <span class='br_brand_count'>(5)<\/span><\/span><\/a><\/div><\/div><div class='br_widget_brand_element_slider list  ' >\r\n            <div class='brand_info brand_slider_image'>\r\n                <a href='https:\/\/www.casadainjecao.com.br\/loja\/marca\/mazda\/'> <span style=' display: block;'>Mazda <span class='br_brand_count'>(12)<\/span><\/span><\/a><\/div><\/div><div class='br_widget_brand_element_slider list  ' >\r\n            <div class='brand_info brand_slider_image'>\r\n                <a href='https:\/\/www.casadainjecao.com.br\/loja\/marca\/mercedes-benz\/'><img src='http:\/\/www.casadainjecao.com.br\/loja\/wp-content\/uploads\/2020\/08\/logo-mercedesbenz.png' alt='Mercedes-Benz'  style=' height:200px; object-fit:cover; ' \/> <span style=' display: block;'>Mercedes-Benz <span class='br_brand_count'>(51)<\/span><\/span><\/a><\/div><\/div><div class='br_widget_brand_element_slider list  ' >\r\n            <div class='brand_info brand_slider_image'>\r\n                <a href='https:\/\/www.casadainjecao.com.br\/loja\/marca\/mitsubishi\/'><img src='http:\/\/www.casadainjecao.com.br\/loja\/wp-content\/uploads\/2020\/08\/logo-mitsubishi.png' alt='Mitsubishi'  style=' height:200px; object-fit:cover; ' \/> <span style=' display: block;'>Mitsubishi <span class='br_brand_count'>(53)<\/span><\/span><\/a><\/div><\/div><div class='br_widget_brand_element_slider list  ' >\r\n            <div class='brand_info brand_slider_image'>\r\n                <a href='https:\/\/www.casadainjecao.com.br\/loja\/marca\/new-holland\/'> <span style=' display: block;'>New Holland <span class='br_brand_count'>(1)<\/span><\/span><\/a><\/div><\/div><div class='br_widget_brand_element_slider list  ' >\r\n            <div class='brand_info brand_slider_image'>\r\n                <a href='https:\/\/www.casadainjecao.com.br\/loja\/marca\/nissan\/'><img src='http:\/\/www.casadainjecao.com.br\/loja\/wp-content\/uploads\/2020\/08\/logo-nissan.png' alt='Nissan'  style=' height:200px; object-fit:cover; ' \/> <span style=' display: block;'>Nissan <span class='br_brand_count'>(119)<\/span><\/span><\/a><\/div><\/div><div class='br_widget_brand_element_slider list  ' >\r\n            <div class='brand_info brand_slider_image'>\r\n                <a href='https:\/\/www.casadainjecao.com.br\/loja\/marca\/geral\/'> <span style=' display: block;'>Outras <span class='br_brand_count'>(8)<\/span><\/span><\/a><\/div><\/div><div class='br_widget_brand_element_slider list  ' >\r\n            <div class='brand_info brand_slider_image'>\r\n                <a href='https:\/\/www.casadainjecao.com.br\/loja\/marca\/peugeot\/'><img src='http:\/\/www.casadainjecao.com.br\/loja\/wp-content\/uploads\/2020\/08\/logo-peugeot.png' alt='Peugeot'  style=' height:200px; object-fit:cover; ' \/> <span style=' display: block;'>Peugeot <span class='br_brand_count'>(150)<\/span><\/span><\/a><\/div><\/div><div class='br_widget_brand_element_slider list  ' >\r\n            <div class='brand_info brand_slider_image'>\r\n                <a href='https:\/\/www.casadainjecao.com.br\/loja\/marca\/porsche\/'> <span style=' display: block;'>Porsche <span class='br_brand_count'>(4)<\/span><\/span><\/a><\/div><\/div><div class='br_widget_brand_element_slider list  ' >\r\n            <div class='brand_info brand_slider_image'>\r\n                <a href='https:\/\/www.casadainjecao.com.br\/loja\/marca\/renault\/'><img src='http:\/\/www.casadainjecao.com.br\/loja\/wp-content\/uploads\/2020\/08\/logo-renault.png' alt='Renault'  style=' height:200px; object-fit:cover; ' \/> <span style=' display: block;'>Renault <span class='br_brand_count'>(2481)<\/span><\/span><\/a><\/div><\/div><div class='br_widget_brand_element_slider list  ' >\r\n            <div class='brand_info brand_slider_image'>\r\n                <a href='https:\/\/www.casadainjecao.com.br\/loja\/marca\/caminhao-scania\/'> <span style=' display: block;'>Scania <span class='br_brand_count'>(8)<\/span><\/span><\/a><\/div><\/div><div class='br_widget_brand_element_slider list  ' >\r\n            <div class='brand_info brand_slider_image'>\r\n                <a href='https:\/\/www.casadainjecao.com.br\/loja\/marca\/subaru\/'> <span style=' display: block;'>Subaru <span class='br_brand_count'>(2)<\/span><\/span><\/a><\/div><\/div><div class='br_widget_brand_element_slider list  ' >\r\n            <div class='brand_info brand_slider_image'>\r\n                <a href='https:\/\/www.casadainjecao.com.br\/loja\/marca\/suzuki\/'> <span style=' display: block;'>Suzuki <span class='br_brand_count'>(14)<\/span><\/span><\/a><\/div><\/div><div class='br_widget_brand_element_slider list  ' >\r\n            <div class='brand_info brand_slider_image'>\r\n                <a href='https:\/\/www.casadainjecao.com.br\/loja\/marca\/toyota\/'><img src='http:\/\/www.casadainjecao.com.br\/loja\/wp-content\/uploads\/2020\/08\/logo-toyota.png' alt='Toyota'  style=' height:200px; object-fit:cover; ' \/> <span style=' display: block;'>Toyota <span class='br_brand_count'>(66)<\/span><\/span><\/a><\/div><\/div><div class='br_widget_brand_element_slider list  ' >\r\n            <div class='brand_info brand_slider_image'>\r\n                <a href='https:\/\/www.casadainjecao.com.br\/loja\/marca\/volkswagen\/'><img src='http:\/\/www.casadainjecao.com.br\/loja\/wp-content\/uploads\/2020\/08\/logo-volks.png' alt='Volkswagen'  style=' height:200px; object-fit:cover; ' \/> <span style=' display: block;'>Volkswagen <span class='br_brand_count'>(308)<\/span><\/span><\/a><\/div><\/div><div class='br_widget_brand_element_slider list  ' >\r\n            <div class='brand_info brand_slider_image'>\r\n                <a href='https:\/\/www.casadainjecao.com.br\/loja\/marca\/volvo\/'><img src='http:\/\/www.casadainjecao.com.br\/loja\/wp-content\/uploads\/2020\/08\/logo-volvo.png' alt='Volvo'  style=' height:200px; object-fit:cover; ' \/> <span style=' display: block;'>Volvo <span class='br_brand_count'>(31)<\/span><\/span><\/a><\/div><\/div><div class='br_widget_brand_element_slider list  ' >\r\n            <div class='brand_info brand_slider_image'>\r\n                <a href='https:\/\/www.casadainjecao.com.br\/loja\/marca\/yamaha\/'> <span style=' display: block;'>Yamaha <span class='br_brand_count'>(6)<\/span><\/span><\/a><\/div><\/div><div class='br_widget_brand_element_slider list  ' >\r\n            <div class='brand_info brand_slider_image'>\r\n                <a href='https:\/\/www.casadainjecao.com.br\/loja\/marca\/farol\/'> <span style=' display: block;'>Yamaha <span class='br_brand_count'>(1)<\/span><\/span><\/a><\/div><\/div><\/div><\/div>\n","protected":false},"excerpt":{"rendered":"<p>Encontre seu produto pela marca do seu ve\u00edculo<\/p>\n","protected":false},"author":1,"featured_media":0,"parent":0,"menu_order":0,"comment_status":"closed","ping_status":"closed","template":"","meta":{"_seopress_robots_primary_cat":"","_seopress_titles_title":"Marcas de carro - Encontre pe\u00e7as para seu carro","_seopress_titles_desc":"loja de autope\u00e7as especializada em pe\u00e7as para Renault e multimarcas. Vendas online de autope\u00e7as para carros nacionais e importados. CLIQUE AGORA","_seopress_robots_index":"","_kad_blocks_custom_css":"","_kad_blocks_head_custom_js":"","_kad_blocks_body_custom_js":"","_kad_blocks_footer_custom_js":"","footnotes":"","_joinchat":[]},"taxonomy_info":[],"featured_image_src_large":false,"author_info":{"display_name":"herlon","author_link":"https:\/\/www.casadainjecao.com.br\/loja\/author\/herlon\/"},"comment_info":0,"_links":{"self":[{"href":"https:\/\/www.casadainjecao.com.br\/loja\/wp-json\/wp\/v2\/pages\/7645"}],"collection":[{"href":"https:\/\/www.casadainjecao.com.br\/loja\/wp-json\/wp\/v2\/pages"}],"about":[{"href":"https:\/\/www.casadainjecao.com.br\/loja\/wp-json\/wp\/v2\/types\/page"}],"author":[{"embeddable":true,"href":"https:\/\/www.casadainjecao.com.br\/loja\/wp-json\/wp\/v2\/users\/1"}],"replies":[{"embeddable":true,"href":"https:\/\/www.casadainjecao.com.br\/loja\/wp-json\/wp\/v2\/comments?post=7645"}],"version-history":[{"count":5,"href":"https:\/\/www.casadainjecao.com.br\/loja\/wp-json\/wp\/v2\/pages\/7645\/revisions"}],"predecessor-version":[{"id":25339,"href":"https:\/\/www.casadainjecao.com.br\/loja\/wp-json\/wp\/v2\/pages\/7645\/revisions\/25339"}],"wp:attachment":[{"href":"https:\/\/www.casadainjecao.com.br\/loja\/wp-json\/wp\/v2\/media?parent=7645"}],"curies":[{"name":"wp","href":"https:\/\/api.w.org\/{rel}","templated":true}]}}