{"id":1005,"date":"2020-08-04T04:19:17","date_gmt":"2020-08-04T07:19:17","guid":{"rendered":"http:\/\/casadainjecao.com.br\/loja\/?post_type=product&#038;p=1005"},"modified":"2024-04-15T08:56:05","modified_gmt":"2024-04-15T11:56:05","slug":"carcaca-valvula-termostatica-peugeot-e-citroen-9675916080","status":"publish","type":"product","link":"https:\/\/www.casadainjecao.com.br\/loja\/autopecas\/motor\/valvulas\/carcaca-valvula-termostatica-peugeot-e-citroen-9675916080\/","title":{"rendered":"Carca\u00e7a Valvula Termost\u00e1tica Peugeot e Citroen &#8211; 967"},"content":{"rendered":"<p>Carca\u00e7a Valvula Termost\u00e1tica Peugeot e Citroen &#8211; 9675916080<\/p>\n","protected":false},"excerpt":{"rendered":"<p>Carca\u00e7a Valvula Termost\u00e1tica Original<br \/>\nPeugeot 206 1.6 16v 98&#8230;<br \/>\nCitroen C3 1.6 16v 01&#8230;<br \/>\nCodigo:-9675916080 c=27<\/p>\n","protected":false},"featured_media":1440,"template":"","meta":{"_seopress_robots_primary_cat":"none","_seopress_titles_title":"","_seopress_titles_desc":"","_seopress_robots_index":"","_seopress_analysis_target_kw":"","_kad_blocks_custom_css":"","_kad_blocks_head_custom_js":"","_kad_blocks_body_custom_js":"","_kad_blocks_footer_custom_js":"","_kadence_starter_templates_imported_post":false,"_joinchat":[]},"product_brand":[],"product_cat":[244],"product_tag":[246,132],"berocket_brand":[],"class_list":{"0":"post-1005","1":"product","2":"type-product","3":"status-publish","4":"has-post-thumbnail","6":"product_cat-valvulas","7":"product_tag-citroen-c3","8":"product_tag-peugeot-206","9":"thunk-woo-product-list","10":"big-store-woo-hover-zoom","11":"open-single-product-tab-horizontal","12":"open-shadow-","13":"open-shadow-hover-","15":"first","16":"outofstock","17":"sale","18":"taxable","19":"shipping-taxable","20":"purchasable","21":"product-type-simple"},"taxonomy_info":{"product_cat":[{"value":244,"label":"Valvulas"}],"product_tag":[{"value":246,"label":"Citroen C3"},{"value":132,"label":"Peugeot 206"}]},"featured_image_src_large":["https:\/\/www.casadainjecao.com.br\/loja\/wp-content\/uploads\/2020\/08\/Carcaca-Valvula-Termostatica-Peugeot-e-Citroen.png",600,385,false],"author_info":[],"comment_info":"","_links":{"self":[{"href":"https:\/\/www.casadainjecao.com.br\/loja\/wp-json\/wp\/v2\/product\/1005","targetHints":{"allow":["GET"]}}],"collection":[{"href":"https:\/\/www.casadainjecao.com.br\/loja\/wp-json\/wp\/v2\/product"}],"about":[{"href":"https:\/\/www.casadainjecao.com.br\/loja\/wp-json\/wp\/v2\/types\/product"}],"wp:featuredmedia":[{"embeddable":true,"href":"https:\/\/www.casadainjecao.com.br\/loja\/wp-json\/wp\/v2\/media\/1440"}],"wp:attachment":[{"href":"https:\/\/www.casadainjecao.com.br\/loja\/wp-json\/wp\/v2\/media?parent=1005"}],"wp:term":[{"taxonomy":"product_brand","embeddable":true,"href":"https:\/\/www.casadainjecao.com.br\/loja\/wp-json\/wp\/v2\/product_brand?post=1005"},{"taxonomy":"product_cat","embeddable":true,"href":"https:\/\/www.casadainjecao.com.br\/loja\/wp-json\/wp\/v2\/product_cat?post=1005"},{"taxonomy":"product_tag","embeddable":true,"href":"https:\/\/www.casadainjecao.com.br\/loja\/wp-json\/wp\/v2\/product_tag?post=1005"},{"taxonomy":"berocket_brand","embeddable":true,"href":"https:\/\/www.casadainjecao.com.br\/loja\/wp-json\/wp\/v2\/berocket_brand?post=1005"}],"curies":[{"name":"wp","href":"https:\/\/api.w.org\/{rel}","templated":true}]}}