{"id":10170,"date":"2021-04-22T11:03:52","date_gmt":"2021-04-22T14:03:52","guid":{"rendered":"https:\/\/www.casadainjecao.com.br\/loja\/?post_type=product&#038;p=10170"},"modified":"2025-03-21T11:48:19","modified_gmt":"2025-03-21T14:48:19","slug":"emblema-tampa-traseira-renault-fluence-908897907r","status":"publish","type":"product","link":"https:\/\/www.casadainjecao.com.br\/loja\/autopecas\/exterior\/emblema\/emblema-tampa-traseira-renault-fluence-908897907r\/","title":{"rendered":"Emblema Plastico Tampa Traseira Renault Fluence &#8211; 8200"},"content":{"rendered":"<h2>Emblema Pl\u00e1stico Logotipo Tampa da Traseira<\/h2>\n<p><strong>RENAULT\u00a0<\/strong><\/p>\n<p>Renault Sandero Authentique, Expression, Expression flex, Privil\u00e9ge flex, Stepway flex, Vibe flex, GT Line 1.0 16v 1.6 8v 1.6 16v (2002 a 2013)<\/p>\n<p>Renault Sandero II Authentique, Expression, RS, Stepway, GT Line, Vibe flex, Dynamique 1.0 12v 1.0 16v 1.6 8v 1.6 16v 2.0 16v (2013 a 2022)<\/p>\n<p>Renault Logan Authentique, Expression, Privil\u00e9ge flex 1.0 16v 1.6 8v 1.6 16v (2002 a 2013)<\/p>\n<p>Renault Logan II Authentique, Expression, Dynamique flex 1.0 16v 1.6 8v 1.6 16v (2013 a 2022)<\/p>\n<p>Renault Duster Expression, Dynamique flex, Duster 1.6 16v 2.0 16v (2001 a 2018)<\/p>\n<p>Renault Fluence Dynamique, Privil\u00e9ge flex, Expression, GT Line, El\u00e9trico 1.6 16v 2.0 16v (2001 a 2018)<\/p>\n<h4>C\u00f3digo de refer\u00eancia:<\/h4>\n<p>8200560861,908897184r,908897533r,908898579r,908897573r,908897907r, 908894785r<\/p>\n<h4>Condi\u00e7\u00f5es:<\/h4>\n<p>Novo Original\/ Marca Renault<\/p>\n<h4>Garantia:<\/h4>\n<p>3 Meses<\/p>\n<h3><strong>ATEN\u00c7\u00c3O<\/strong>: Antes de efetuar a compra verifique o c\u00f3digo da pe\u00e7a que est\u00e1 instalada no seu ve\u00edculo.<\/h3>\n<h4><strong>O que \u00e9 e para que serve o Emblema Logotipo da Tampa Traseira?<\/strong><\/h4>\n<p>O Emblema logotipo da Tampa traseira serve principalmente para fins est\u00e9ticos e identifica\u00e7\u00e3o da marca. Muitas vezes cont\u00e9m o logotipo ou nome do fabricante do ve\u00edculo, e \u00e9 uma forma visual de identificar a marca do carro.<\/p>\n<p>&nbsp;<\/p>\n<p>A Casa da Inje\u00e7\u00e3o oferece total garantia nos produtos comprados em nosso site.<\/p>\n<ol>\n<li>Cada item \u00e9 rigorosamente testado antes do envio<\/li>\n<li>Se os itens estiverem danificados ou parcialmente defeituosos, entre em contato conosco.<\/li>\n<\/ol>\n<p>Se houver qualquer defeito, n\u00f3s lhe enviaremos uma substitui\u00e7\u00e3o ap\u00f3s receber o pacote ou devolvemos seu dinheiro.<\/p>\n<p>Leia nossa<span style=\"color: #ff0000;\"> <a style=\"color: #ff0000;\" href=\"https:\/\/www.casadainjecao.com.br\/loja\/politica-de-devolucao\">pol\u00edtica de devolu\u00e7\u00e3o aqui<\/a><\/span><\/p>\n<p>&#8212;&#8212;&#8212;&#8212;&#8212;&#8212;&#8212;&#8212;&#8212;&#8212;&#8212;&#8212;&#8212;&#8212;&#8212;&#8212;&#8212;&#8212;&#8212;&#8211;<\/p>\n<h4>Tem alguma d\u00favida?<\/h4>\n<p>Entre em contato que podemos ajudar!<\/p>\n<p>Confira as informa\u00e7\u00f5es adicionais abaixo:<\/p>\n<ul>\n<li>Todos os nossos produtos s\u00e3o novos, semi-novos, originais, paralelos e possuem garantia.<\/li>\n<li>Todos os produtos anunciados est\u00e3o dispon\u00edveis em estoque e s\u00e3o enviados com extrema rapidez.<\/li>\n<li>O frete pode ser simulado antes de efetuar a compra, basta clicar em \u201cver custos de envio\u201d.<\/li>\n<li>Verifique o endere\u00e7o de entrega cadastrado e atualize caso necess\u00e1rio.<\/li>\n<li>Confirme se a pe\u00e7a \u00e9 correta para o seu modelo de ve\u00edculo.<\/li>\n<li>Para pe\u00e7as automotivas, recomendamos a instala\u00e7\u00e3o por um profissional especializado.<\/li>\n<\/ul>\n<p>Caso possua outras d\u00favidas, entre em contato.<\/p>\n","protected":false},"excerpt":{"rendered":"<h2>Emblema Traseira Renault Duster Fluence Logan Sandero\u00a0 &#8211; 8200560861<\/h2>\n","protected":false},"featured_media":33682,"template":"","meta":{"_seopress_robots_primary_cat":"none","_seopress_titles_title":"","_seopress_titles_desc":"","_seopress_robots_index":"","_seopress_analysis_target_kw":"","_kad_blocks_custom_css":"","_kad_blocks_head_custom_js":"","_kad_blocks_body_custom_js":"","_kad_blocks_footer_custom_js":"","_kadence_starter_templates_imported_post":false,"_joinchat":[]},"product_brand":[],"product_cat":[83,1057,23,1277],"product_tag":[52,139,66,50,91],"berocket_brand":[394],"class_list":{"0":"post-10170","1":"product","2":"type-product","3":"status-publish","4":"has-post-thumbnail","6":"product_cat-carroceria","7":"product_cat-emblema","8":"product_cat-exterior","9":"product_cat-tampa-porta-mala","10":"product_tag-duster","11":"product_tag-fluence","12":"product_tag-logan","13":"product_tag-megane","14":"product_tag-sandero","15":"berocket_brand-renault","16":"thunk-woo-product-list","17":"big-store-woo-hover-zoom","18":"open-single-product-tab-horizontal","19":"open-shadow-","20":"open-shadow-hover-","22":"first","23":"outofstock","24":"sale","25":"taxable","26":"shipping-taxable","27":"purchasable","28":"product-type-simple"},"taxonomy_info":{"product_cat":[{"value":83,"label":"Carroceria"},{"value":1057,"label":"Emblema"},{"value":23,"label":"Exterior"},{"value":1277,"label":"Tampa Porta Mala"}],"product_tag":[{"value":52,"label":"Duster"},{"value":139,"label":"Fluence"},{"value":66,"label":"Logan"},{"value":50,"label":"Megane"},{"value":91,"label":"Sandero"}],"berocket_brand":[{"value":394,"label":"Renault"}]},"featured_image_src_large":["https:\/\/www.casadainjecao.com.br\/loja\/wp-content\/uploads\/2021\/04\/Emblema-Plastico-Tampa-Traseira-Renault-Fluence-8200560861-920x920.jpg",640,640,true],"author_info":[],"comment_info":"","_links":{"self":[{"href":"https:\/\/www.casadainjecao.com.br\/loja\/wp-json\/wp\/v2\/product\/10170","targetHints":{"allow":["GET"]}}],"collection":[{"href":"https:\/\/www.casadainjecao.com.br\/loja\/wp-json\/wp\/v2\/product"}],"about":[{"href":"https:\/\/www.casadainjecao.com.br\/loja\/wp-json\/wp\/v2\/types\/product"}],"wp:featuredmedia":[{"embeddable":true,"href":"https:\/\/www.casadainjecao.com.br\/loja\/wp-json\/wp\/v2\/media\/33682"}],"wp:attachment":[{"href":"https:\/\/www.casadainjecao.com.br\/loja\/wp-json\/wp\/v2\/media?parent=10170"}],"wp:term":[{"taxonomy":"product_brand","embeddable":true,"href":"https:\/\/www.casadainjecao.com.br\/loja\/wp-json\/wp\/v2\/product_brand?post=10170"},{"taxonomy":"product_cat","embeddable":true,"href":"https:\/\/www.casadainjecao.com.br\/loja\/wp-json\/wp\/v2\/product_cat?post=10170"},{"taxonomy":"product_tag","embeddable":true,"href":"https:\/\/www.casadainjecao.com.br\/loja\/wp-json\/wp\/v2\/product_tag?post=10170"},{"taxonomy":"berocket_brand","embeddable":true,"href":"https:\/\/www.casadainjecao.com.br\/loja\/wp-json\/wp\/v2\/berocket_brand?post=10170"}],"curies":[{"name":"wp","href":"https:\/\/api.w.org\/{rel}","templated":true}]}}