{"id":10223,"date":"2021-04-26T10:59:04","date_gmt":"2021-04-26T13:59:04","guid":{"rendered":"https:\/\/www.casadainjecao.com.br\/loja\/?post_type=product&#038;p=10223"},"modified":"2026-01-20T09:59:46","modified_gmt":"2026-01-20T12:59:46","slug":"rolamento-de-roda-traseira-renault-megane-2-0-16v-fc12784s03","status":"publish","type":"product","link":"https:\/\/www.casadainjecao.com.br\/loja\/autopecas\/suspencao\/rolamentos-pivo\/rolamento-de-roda-traseira-renault-megane-2-0-16v-fc12784s03\/","title":{"rendered":"Rolamento Roda Traseira Renault Clio Megane R19 &#8211; FC12"},"content":{"rendered":"<h2>Rolamento de Roda Traseira<\/h2>\n<p>RENAULT CLIO CAMPUS EVOLUTION &#8211; 2009\u00a0 2010<\/p>\n<p>RENAULT CLIO I PHASE I II &#8211; 1990 1991 1992 1993 1994 1995\u00a0 1996<\/p>\n<p>RENAULT CLIO I PHASE III &#8211; 1996 1997 1998<\/p>\n<p>RENAULT CLIO II &#8211; 1999 2000 2001<\/p>\n<p>RENAULT CLIO II FL &#8211; 2001 2002 2003 2004 2005 2006 2007 2008\u00a0 2009<\/p>\n<p>RENAULT LUT\u00c9CIA &#8211; 1994 1995 1996 1997 1998<\/p>\n<p>RENAULT MEGANE CLASSIC PHASE II &#8211;\u00a0 1999 2000 2001 2002<\/p>\n<p>RENAULT MEGANE PHASE I &#8211; 1995 1996 1997 1998 1999<\/p>\n<p>RENAULT MEGANE PHASE II &#8211; 1999 2000 2001 2002 2003<\/p>\n<h4>C\u00f3digo de refer\u00eancia:<\/h4>\n<p>FC12784S03, SNR FC12784S03, 7703090313<\/p>\n<h4>Condi\u00e7\u00f5es:<\/h4>\n<p>Novo \/ Marca Renault<\/p>\n<h4>Especifica\u00e7\u00f5es:<\/h4>\n<p>Medidas 25X52X37<\/p>\n<h4>Garantia:<\/h4>\n<p>3 meses<\/p>\n<h3><strong>ATEN\u00c7\u00c3O<\/strong>: Antes de efetuar a compra verifique o c\u00f3digo da Rolamento da Roda Traseira pe\u00e7a que est\u00e1 instalada no seu ve\u00edculo.<\/h3>\n<h4>O que \u00e9 e para que serve o Sensor Rota\u00e7\u00e3o?<\/h4>\n<p>O Rolamento da Roda traseira \u00e9 uma pe\u00e7a usada para permitir que as rodas traseiras girem suavemente em torno do eixo. \u00c9 uma parte essencial do sistema de suspens\u00e3o e dire\u00e7\u00e3o do ve\u00edculo.<\/p>\n<p>&nbsp;<\/p>\n<p>A Casa da Inje\u00e7\u00e3o oferece total garantia nos produtos comprados em nosso site.<\/p>\n<ol>\n<li>Cada item \u00e9 rigorosamente testado antes do envio<\/li>\n<li>Se os itens estiverem danificados ou parcialmente defeituosos, entre em contato conosco.<\/li>\n<\/ol>\n<p>Se houver qualquer defeito, n\u00f3s lhe enviaremos uma substitui\u00e7\u00e3o ap\u00f3s receber o pacote ou devolvemos seu dinheiro.<\/p>\n<p>Leia nossa\u00a0<a href=\"https:\/\/www.casadainjecao.com.br\/loja\/politica-de-devolucao\">pol\u00edtica de devolu\u00e7\u00e3o aqui<\/a><\/p>\n<p>\u2014\u2014\u2014\u2014\u2014\u2014\u2014\u2014\u2014\u2014\u2014\u2014\u2014\u2014\u2014\u2014\u2014\u2014\u2014\u2013<\/p>\n<h4>Tem alguma d\u00favida?<\/h4>\n<p>Entre em contato que podemos ajudar!<\/p>\n<p>Confira as informa\u00e7\u00f5es adicionais abaixo:<\/p>\n<ul>\n<li>Todos os nossos produtos s\u00e3o novos, originais e paralelos possuem garantia.<\/li>\n<li>Todos os produtos anunciados est\u00e3o dispon\u00edveis em estoque e s\u00e3o enviados com extrema rapidez.<\/li>\n<li>O frete pode ser simulado antes de efetuar a compra, basta clicar em \u201cver custos de envio\u201d.<\/li>\n<li>Verifique o endere\u00e7o de entrega cadastrado e atualize caso necess\u00e1rio.<\/li>\n<li>Confirme se a pe\u00e7a \u00e9 correta para o seu modelo de ve\u00edculo.<\/li>\n<li>Para pe\u00e7as automotivas, recomendamos a instala\u00e7\u00e3o por um profissional especializado.<\/li>\n<\/ul>\n<p>Caso possua outras d\u00favidas, entre em contato.<\/p>\n","protected":false},"excerpt":{"rendered":"<h2>Rolamento de Roda Traseira SNR Renault Clio Megane R19 Twingo Peugeot 205 206 306 Citroen AX<\/h2>\n<h2>C\u00f3digo: 7703090313, FC12784S03<\/h2>\n","protected":false},"featured_media":37635,"template":"","meta":{"_seopress_robots_primary_cat":"none","_seopress_titles_title":"","_seopress_titles_desc":"","_seopress_robots_index":"","_joinchat":[]},"product_cat":[1173,1104],"product_tag":[49,50,90],"berocket_brand":[394],"_links":{"self":[{"href":"https:\/\/www.casadainjecao.com.br\/loja\/wp-json\/wp\/v2\/product\/10223"}],"collection":[{"href":"https:\/\/www.casadainjecao.com.br\/loja\/wp-json\/wp\/v2\/product"}],"about":[{"href":"https:\/\/www.casadainjecao.com.br\/loja\/wp-json\/wp\/v2\/types\/product"}],"wp:featuredmedia":[{"embeddable":true,"href":"https:\/\/www.casadainjecao.com.br\/loja\/wp-json\/wp\/v2\/media\/37635"}],"wp:attachment":[{"href":"https:\/\/www.casadainjecao.com.br\/loja\/wp-json\/wp\/v2\/media?parent=10223"}],"wp:term":[{"taxonomy":"product_cat","embeddable":true,"href":"https:\/\/www.casadainjecao.com.br\/loja\/wp-json\/wp\/v2\/product_cat?post=10223"},{"taxonomy":"product_tag","embeddable":true,"href":"https:\/\/www.casadainjecao.com.br\/loja\/wp-json\/wp\/v2\/product_tag?post=10223"},{"taxonomy":"berocket_brand","embeddable":true,"href":"https:\/\/www.casadainjecao.com.br\/loja\/wp-json\/wp\/v2\/berocket_brand?post=10223"}],"curies":[{"name":"wp","href":"https:\/\/api.w.org\/{rel}","templated":true}]}}