{"id":10387,"date":"2021-05-04T16:40:01","date_gmt":"2021-05-04T19:40:01","guid":{"rendered":"https:\/\/www.casadainjecao.com.br\/loja\/?post_type=product&#038;p=10387"},"modified":"2024-04-28T17:58:40","modified_gmt":"2024-04-28T20:58:40","slug":"correia-direcao-hidraulica-renault-clio-kangoo-7701477540-kit","status":"publish","type":"product","link":"https:\/\/www.casadainjecao.com.br\/loja\/autopecas\/motor\/correias\/correia-direcao-hidraulica-renault-clio-kangoo-7701477540-kit\/","title":{"rendered":"Kit Correia Dire\u00e7\u00e3o Hidraulica Renault Clio Kangoo &#8211;"},"content":{"rendered":"<h1>Kit Correia Dire\u00e7\u00e3o Hidraulica Renault Clio Kangoo &#8211; 7701477540<\/h1>\n","protected":false},"excerpt":{"rendered":"<h2>Correia Poly V Dire\u00e7\u00e3o Hidraulica e Tensor Original<\/h2>\n<h2>Renault Clio 1.0 16v D4D 00&gt;16 \/1.0 8V D7D 00&gt;05<\/h2>\n<h2>Kangoo 1.0 16V D4D 03&gt;05 \/1.0 8V D7D 00&gt;03<\/h2>\n<h2>Codigo:- 7701477540\/8200833576<\/h2>\n","protected":false},"featured_media":10389,"template":"","meta":{"_seopress_robots_primary_cat":"none","_seopress_titles_title":"","_seopress_titles_desc":"","_seopress_robots_index":"","_seopress_analysis_target_kw":"","_kad_blocks_custom_css":"","_kad_blocks_head_custom_js":"","_kad_blocks_body_custom_js":"","_kad_blocks_footer_custom_js":"","_kadence_starter_templates_imported_post":false,"_joinchat":[]},"product_brand":[],"product_cat":[213,22,231],"product_tag":[49,57],"berocket_brand":[394],"class_list":{"0":"post-10387","1":"product","2":"type-product","3":"status-publish","4":"has-post-thumbnail","6":"product_cat-correias","7":"product_cat-motor","8":"product_cat-polias","9":"product_tag-clio","10":"product_tag-kangoo","11":"berocket_brand-renault","12":"thunk-woo-product-list","13":"big-store-woo-hover-zoom","14":"open-single-product-tab-horizontal","15":"open-shadow-","16":"open-shadow-hover-","18":"first","19":"instock","20":"sale","21":"taxable","22":"shipping-taxable","23":"purchasable","24":"product-type-simple"},"taxonomy_info":{"product_cat":[{"value":213,"label":"Correias"},{"value":22,"label":"Motor"},{"value":231,"label":"Polias"}],"product_tag":[{"value":49,"label":"Clio"},{"value":57,"label":"Kangoo"}],"berocket_brand":[{"value":394,"label":"Renault"}]},"featured_image_src_large":["https:\/\/www.casadainjecao.com.br\/loja\/wp-content\/uploads\/2021\/05\/7701477540-coreria-e-tensor-clio-kangoo.jpg",270,387,false],"author_info":[],"comment_info":"","_links":{"self":[{"href":"https:\/\/www.casadainjecao.com.br\/loja\/wp-json\/wp\/v2\/product\/10387","targetHints":{"allow":["GET"]}}],"collection":[{"href":"https:\/\/www.casadainjecao.com.br\/loja\/wp-json\/wp\/v2\/product"}],"about":[{"href":"https:\/\/www.casadainjecao.com.br\/loja\/wp-json\/wp\/v2\/types\/product"}],"wp:featuredmedia":[{"embeddable":true,"href":"https:\/\/www.casadainjecao.com.br\/loja\/wp-json\/wp\/v2\/media\/10389"}],"wp:attachment":[{"href":"https:\/\/www.casadainjecao.com.br\/loja\/wp-json\/wp\/v2\/media?parent=10387"}],"wp:term":[{"taxonomy":"product_brand","embeddable":true,"href":"https:\/\/www.casadainjecao.com.br\/loja\/wp-json\/wp\/v2\/product_brand?post=10387"},{"taxonomy":"product_cat","embeddable":true,"href":"https:\/\/www.casadainjecao.com.br\/loja\/wp-json\/wp\/v2\/product_cat?post=10387"},{"taxonomy":"product_tag","embeddable":true,"href":"https:\/\/www.casadainjecao.com.br\/loja\/wp-json\/wp\/v2\/product_tag?post=10387"},{"taxonomy":"berocket_brand","embeddable":true,"href":"https:\/\/www.casadainjecao.com.br\/loja\/wp-json\/wp\/v2\/berocket_brand?post=10387"}],"curies":[{"name":"wp","href":"https:\/\/api.w.org\/{rel}","templated":true}]}}