{"id":10426,"date":"2021-05-06T10:26:45","date_gmt":"2021-05-06T13:26:45","guid":{"rendered":"https:\/\/www.casadainjecao.com.br\/loja\/?post_type=product&#038;p=10426"},"modified":"2026-04-01T21:05:23","modified_gmt":"2026-04-02T00:05:23","slug":"anel-trava-da-tulipa-renault-kangoo-8200295074","status":"publish","type":"product","link":"https:\/\/www.casadainjecao.com.br\/loja\/autopecas\/transmissao\/cambio\/anel-trava-da-tulipa-renault-kangoo-8200295074\/","title":{"rendered":"Anel Trava da Tulipa Cambio Renault Kangoo &#8211; 820029507"},"content":{"rendered":"<h2>Anel Trava da Tulipa Original Cambio jb1\/jb3\/jc5<\/h2>\n<h3>Renault<\/h3>\n<h3>Sandero 2007 a 2014<\/h3>\n<h3>Logan 2007 a 2014<\/h3>\n<h3>Megane 2006 a 2013<\/h3>\n<h3>Kangoo 2000 em diante<\/h3>\n<h3>Scenic 1998 a 2010<\/h3>\n<h3>Clio 1996 a 2016<\/h3>\n<h3>C\u00f3digo de Refer\u00eancia:<\/h3>\n<h3>8200295074, 7700113257, 7703066331<\/h3>\n<h5>Condi\u00e7\u00f5es:<br \/>\nProduto Novo \/ Marca Renault<br \/>\nGarantia:<br \/>\n3 Meses<br \/>\nATEN\u00c7\u00c3O: Antes de efetuar a compra verifique o c\u00f3digo da sua pe\u00e7a que est\u00e1 instalado no seu ve\u00edculo.<br \/>\nA Casa da Inje\u00e7\u00e3o SP oferece total garantia nos produtos comprados em nosso site.<br \/>\nCada item \u00e9 rigorosamente inspecionado \u00a0antes do envio<br \/>\nSe os itens estiverem danificados ou parcialmente defeituosos, entre em contato conosco.<br \/>\nProcure um profissional devidamente licenciado para a instala\u00e7\u00e3o e fa\u00e7a revis\u00f5es periodicamente. A empresa n\u00e3o se responsabiliza por problemas oriundos da m\u00e1 instala\u00e7\u00e3o ou com a falta de cuidados peri\u00f3dicos dos componentes.<br \/>\nSe houver qualquer defeito, ficamos a disposi\u00e7\u00e3o para a substitui\u00e7\u00e3o ou devolvemos seu dinheiro.<br \/>\nTem alguma d\u00favida?<br \/>\nEntre em contato que podemos ajudar!<br \/>\nConfira as informa\u00e7\u00f5es adicionais abaixo:<br \/>\nTodos os produtos anunciados est\u00e3o dispon\u00edveis em estoque e s\u00e3o enviados com extrema rapidez .<br \/>\nO frete pode ser simulado antes de efetuar a compra, basta clicar em \u201cver custos de envio\u201d.<br \/>\nVerifique o endere\u00e7o de entrega cadastrado e atualize caso necess\u00e1rio.<br \/>\nConfirme se a pe\u00e7a \u00e9 correta para o seu modelo de ve\u00edculo.<br \/>\nPara pe\u00e7as automotivas, recomendamos a instala\u00e7\u00e3o por um profissional especializado.<br \/>\nCaso possua outras d\u00favidas, entre em contato.<\/h5>\n","protected":false},"excerpt":{"rendered":"<h1>Anel Trava da Tulipa Cambio\u00a0Renault Kangoo &#8211; 8200295074<\/h1>\n","protected":false},"featured_media":10429,"template":"","meta":{"_seopress_robots_primary_cat":"none","_seopress_titles_title":"","_seopress_titles_desc":"","_seopress_robots_index":"","_joinchat":[]},"product_cat":[320,324,327,26],"product_tag":[49,57,66,50,51],"berocket_brand":[394],"_links":{"self":[{"href":"https:\/\/www.casadainjecao.com.br\/loja\/wp-json\/wp\/v2\/product\/10426"}],"collection":[{"href":"https:\/\/www.casadainjecao.com.br\/loja\/wp-json\/wp\/v2\/product"}],"about":[{"href":"https:\/\/www.casadainjecao.com.br\/loja\/wp-json\/wp\/v2\/types\/product"}],"wp:featuredmedia":[{"embeddable":true,"href":"https:\/\/www.casadainjecao.com.br\/loja\/wp-json\/wp\/v2\/media\/10429"}],"wp:attachment":[{"href":"https:\/\/www.casadainjecao.com.br\/loja\/wp-json\/wp\/v2\/media?parent=10426"}],"wp:term":[{"taxonomy":"product_cat","embeddable":true,"href":"https:\/\/www.casadainjecao.com.br\/loja\/wp-json\/wp\/v2\/product_cat?post=10426"},{"taxonomy":"product_tag","embeddable":true,"href":"https:\/\/www.casadainjecao.com.br\/loja\/wp-json\/wp\/v2\/product_tag?post=10426"},{"taxonomy":"berocket_brand","embeddable":true,"href":"https:\/\/www.casadainjecao.com.br\/loja\/wp-json\/wp\/v2\/berocket_brand?post=10426"}],"curies":[{"name":"wp","href":"https:\/\/api.w.org\/{rel}","templated":true}]}}