{"id":1043,"date":"2020-08-04T04:55:20","date_gmt":"2020-08-04T07:55:20","guid":{"rendered":"http:\/\/casadainjecao.com.br\/loja\/?post_type=product&#038;p=1043"},"modified":"2025-02-21T10:27:56","modified_gmt":"2025-02-21T13:27:56","slug":"jogo-de-vela-de-ignicao-original-trafic-megane-2-0-8v-7702266045","status":"publish","type":"product","link":"https:\/\/www.casadainjecao.com.br\/loja\/autopecas\/motor\/jogo-de-vela-de-ignicao-original-trafic-megane-2-0-8v-7702266045\/","title":{"rendered":"Jogo de Vela De Igni\u00e7\u00e3o Original Trafic Megane 2.0 8V &#82"},"content":{"rendered":"<h1>Jogo de Vela De Igni\u00e7\u00e3o Original Trafic Megane 2.0 8V &#8211; 7702266045<\/h1>\n","protected":false},"excerpt":{"rendered":"<h2>Jogo de Vela De Igni\u00e7\u00e3o Original<br \/>\nRenault Trafic Megane 2.0 8v 1997&#8230;<br \/>\nSP1 WR7D+ FIAT, FORD, GM, VW<br \/>\nCodigo:-7702266045 c=30<\/h2>\n","protected":false},"featured_media":1439,"template":"","meta":{"_seopress_robots_primary_cat":"none","_seopress_titles_title":"","_seopress_titles_desc":"","_seopress_robots_index":"","_joinchat":[]},"product_cat":[22],"product_tag":[50,152],"berocket_brand":[381,383,384,394],"_links":{"self":[{"href":"https:\/\/www.casadainjecao.com.br\/loja\/wp-json\/wp\/v2\/product\/1043"}],"collection":[{"href":"https:\/\/www.casadainjecao.com.br\/loja\/wp-json\/wp\/v2\/product"}],"about":[{"href":"https:\/\/www.casadainjecao.com.br\/loja\/wp-json\/wp\/v2\/types\/product"}],"wp:featuredmedia":[{"embeddable":true,"href":"https:\/\/www.casadainjecao.com.br\/loja\/wp-json\/wp\/v2\/media\/1439"}],"wp:attachment":[{"href":"https:\/\/www.casadainjecao.com.br\/loja\/wp-json\/wp\/v2\/media?parent=1043"}],"wp:term":[{"taxonomy":"product_cat","embeddable":true,"href":"https:\/\/www.casadainjecao.com.br\/loja\/wp-json\/wp\/v2\/product_cat?post=1043"},{"taxonomy":"product_tag","embeddable":true,"href":"https:\/\/www.casadainjecao.com.br\/loja\/wp-json\/wp\/v2\/product_tag?post=1043"},{"taxonomy":"berocket_brand","embeddable":true,"href":"https:\/\/www.casadainjecao.com.br\/loja\/wp-json\/wp\/v2\/berocket_brand?post=1043"}],"curies":[{"name":"wp","href":"https:\/\/api.w.org\/{rel}","templated":true}]}}