{"id":10502,"date":"2021-05-12T12:03:42","date_gmt":"2021-05-12T15:03:42","guid":{"rendered":"https:\/\/www.casadainjecao.com.br\/loja\/?post_type=product&#038;p=10502"},"modified":"2025-03-21T08:54:13","modified_gmt":"2025-03-21T11:54:13","slug":"porca-de-fixacao-da-lanterna-traseira-renault-clio-7703041016","status":"publish","type":"product","link":"https:\/\/www.casadainjecao.com.br\/loja\/autopecas\/exterior\/iluminacao\/porca-de-fixacao-da-lanterna-traseira-renault-clio-7703041016\/","title":{"rendered":"Porca de Fixa\u00e7\u00e3o da Lanterna Traseira Renault Clio &#8211;"},"content":{"rendered":"<h1>Porca de Fixa\u00e7\u00e3o da Lanterna Traseira Renault Clio &#8211; 7703041016<\/h1>\n","protected":false},"excerpt":{"rendered":"<h2>Porca de Fixa\u00e7\u00e3o da Lanterna Traseira M6<\/h2>\n<h2>Renault Clio Megane Master Twingo R19 R21<\/h2>\n<h2>Codigo:- 7703041016 c=5<\/h2>\n","protected":false},"featured_media":10504,"template":"","meta":{"_seopress_robots_primary_cat":"none","_seopress_titles_title":"","_seopress_titles_desc":"","_seopress_robots_index":"","_seopress_analysis_target_kw":"","_kad_blocks_custom_css":"","_kad_blocks_head_custom_js":"","_kad_blocks_body_custom_js":"","_kad_blocks_footer_custom_js":"","_kadence_starter_templates_imported_post":false,"_joinchat":[]},"product_brand":[],"product_cat":[23,1095,308],"product_tag":[49,81,50,90,1158,53],"berocket_brand":[394],"class_list":{"0":"post-10502","1":"product","2":"type-product","3":"status-publish","4":"has-post-thumbnail","6":"product_cat-exterior","7":"product_cat-iluminacao","8":"product_cat-lanterna","9":"product_tag-clio","10":"product_tag-master","11":"product_tag-megane","12":"product_tag-r19","13":"product_tag-r21","14":"product_tag-twingo","15":"berocket_brand-renault","16":"thunk-woo-product-list","17":"big-store-woo-hover-zoom","18":"open-single-product-tab-horizontal","19":"open-shadow-","20":"open-shadow-hover-","22":"first","23":"outofstock","24":"sale","25":"taxable","26":"shipping-taxable","27":"purchasable","28":"product-type-simple"},"taxonomy_info":{"product_cat":[{"value":23,"label":"Exterior"},{"value":1095,"label":"Ilumina\u00e7\u00e3o"},{"value":308,"label":"Lanterna"}],"product_tag":[{"value":49,"label":"Clio"},{"value":81,"label":"Master"},{"value":50,"label":"Megane"},{"value":90,"label":"R19"},{"value":1158,"label":"R21"},{"value":53,"label":"Twingo"}],"berocket_brand":[{"value":394,"label":"Renault"}]},"featured_image_src_large":["https:\/\/www.casadainjecao.com.br\/loja\/wp-content\/uploads\/2021\/05\/770304016.jpg",200,175,false],"author_info":[],"comment_info":"","_links":{"self":[{"href":"https:\/\/www.casadainjecao.com.br\/loja\/wp-json\/wp\/v2\/product\/10502","targetHints":{"allow":["GET"]}}],"collection":[{"href":"https:\/\/www.casadainjecao.com.br\/loja\/wp-json\/wp\/v2\/product"}],"about":[{"href":"https:\/\/www.casadainjecao.com.br\/loja\/wp-json\/wp\/v2\/types\/product"}],"wp:featuredmedia":[{"embeddable":true,"href":"https:\/\/www.casadainjecao.com.br\/loja\/wp-json\/wp\/v2\/media\/10504"}],"wp:attachment":[{"href":"https:\/\/www.casadainjecao.com.br\/loja\/wp-json\/wp\/v2\/media?parent=10502"}],"wp:term":[{"taxonomy":"product_brand","embeddable":true,"href":"https:\/\/www.casadainjecao.com.br\/loja\/wp-json\/wp\/v2\/product_brand?post=10502"},{"taxonomy":"product_cat","embeddable":true,"href":"https:\/\/www.casadainjecao.com.br\/loja\/wp-json\/wp\/v2\/product_cat?post=10502"},{"taxonomy":"product_tag","embeddable":true,"href":"https:\/\/www.casadainjecao.com.br\/loja\/wp-json\/wp\/v2\/product_tag?post=10502"},{"taxonomy":"berocket_brand","embeddable":true,"href":"https:\/\/www.casadainjecao.com.br\/loja\/wp-json\/wp\/v2\/berocket_brand?post=10502"}],"curies":[{"name":"wp","href":"https:\/\/api.w.org\/{rel}","templated":true}]}}