{"id":10531,"date":"2021-05-17T13:48:05","date_gmt":"2021-05-17T16:48:05","guid":{"rendered":"https:\/\/www.casadainjecao.com.br\/loja\/?post_type=product&#038;p=10531"},"modified":"2023-05-29T17:08:53","modified_gmt":"2023-05-29T20:08:53","slug":"suporte-de-fixacao-do-freio-de-mao-renault-master-364060001r","status":"publish","type":"product","link":"https:\/\/www.casadainjecao.com.br\/loja\/autopecas\/freios\/cabo-freio-de-mao\/suporte-de-fixacao-do-freio-de-mao-renault-master-364060001r\/","title":{"rendered":"Suporte de Fixa\u00e7\u00e3o do Freio de M\u00e3o Renault Master &#8211;"},"content":{"rendered":"<h1>Suporte de Fixa\u00e7\u00e3o Espia do Freio de M\u00e3o<\/h1>\n<h1>Renault Master 2.3 2018 &#8211; 364060001r<\/h1>\n","protected":false},"excerpt":{"rendered":"<h2>Suporte de Fixa\u00e7\u00e3o do Freio de M\u00e3o<\/h2>\n<h2>Renault Master 2.3 2018<\/h2>\n<h2>Codigo:- 364060001r c=16<\/h2>\n","protected":false},"featured_media":10535,"template":"","meta":{"_seopress_robots_primary_cat":"none","_seopress_titles_title":"","_seopress_titles_desc":"","_seopress_robots_index":"","_joinchat":[]},"product_cat":[172,20],"product_tag":[81],"berocket_brand":[394],"_links":{"self":[{"href":"https:\/\/www.casadainjecao.com.br\/loja\/wp-json\/wp\/v2\/product\/10531"}],"collection":[{"href":"https:\/\/www.casadainjecao.com.br\/loja\/wp-json\/wp\/v2\/product"}],"about":[{"href":"https:\/\/www.casadainjecao.com.br\/loja\/wp-json\/wp\/v2\/types\/product"}],"wp:featuredmedia":[{"embeddable":true,"href":"https:\/\/www.casadainjecao.com.br\/loja\/wp-json\/wp\/v2\/media\/10535"}],"wp:attachment":[{"href":"https:\/\/www.casadainjecao.com.br\/loja\/wp-json\/wp\/v2\/media?parent=10531"}],"wp:term":[{"taxonomy":"product_cat","embeddable":true,"href":"https:\/\/www.casadainjecao.com.br\/loja\/wp-json\/wp\/v2\/product_cat?post=10531"},{"taxonomy":"product_tag","embeddable":true,"href":"https:\/\/www.casadainjecao.com.br\/loja\/wp-json\/wp\/v2\/product_tag?post=10531"},{"taxonomy":"berocket_brand","embeddable":true,"href":"https:\/\/www.casadainjecao.com.br\/loja\/wp-json\/wp\/v2\/berocket_brand?post=10531"}],"curies":[{"name":"wp","href":"https:\/\/api.w.org\/{rel}","templated":true}]}}