{"id":10551,"date":"2021-05-18T12:30:52","date_gmt":"2021-05-18T15:30:52","guid":{"rendered":"https:\/\/www.casadainjecao.com.br\/loja\/?post_type=product&#038;p=10551"},"modified":"2024-07-25T14:19:47","modified_gmt":"2024-07-25T17:19:47","slug":"rolamento-agulhas-caixa-cambio-5-marcha-renault-7703090312","status":"publish","type":"product","link":"https:\/\/www.casadainjecao.com.br\/loja\/autopecas\/transmissao\/cambio\/rolamento-agulhas-caixa-cambio-5-marcha-renault-7703090312\/","title":{"rendered":"Rolamento Agulhas Caixa Cambio 5 Marcha Renault &#8211; 7703"},"content":{"rendered":"<h2>Rolamento Agulhas<\/h2>\n<p><strong>RENAULT<\/strong><\/p>\n<p>Renault Twingo E2 Pack, E5 initiale, 22C, 2PK E2 1.0 8v 1.0 16v 1.1 8v 1.2 8v (1993 a 2017)<\/p>\n<p>Renault Sc\u00e9nic I RT, RN, RXE, Egeus, Expression, Privil\u00e9ge, Alize, Authentique, Privil\u00e9ge flex, Sportway 1.6 16v 2.0 8v 2.0 16v (1996 a 2017)<\/p>\n<p>Renault R19 RN, RT, Cabriolet 1.6 8v 1.6 1.8 8v 1.8 16v (1988 a 1997)<\/p>\n<p>Renault R21 TXI, TXE, GTX 2.2 8V (1986 a 1993)<\/p>\n<h4>C\u00f3digo de Refer\u00eancia:<\/h4>\n<p>7703090312<\/p>\n<p><strong>Condi\u00e7\u00f5es:<\/strong><\/p>\n<p>Novo Original \/ Marca Renault<\/p>\n<h4>Especifica\u00e7\u00f5es:<\/h4>\n<p>caixa c\u00e2mbio 5 marchas (29x32x23,8)<\/p>\n<h4><strong>Garantia:<\/strong><\/h4>\n<p>3 Meses<strong>\u00a0<\/strong><\/p>\n<h3>ATEN\u00c7\u00c3O: Antes de efetuar a compra verifique o c\u00f3digo da sua pe\u00e7a que est\u00e1 instalada no seu ve\u00edculo.<\/h3>\n<h3><strong>APLICA\u00c7\u00c3O:<\/strong><\/h3>\n<p>Linha Renault<\/p>\n<h4><strong>O que \u00e9 e para que serve o Rolamento Agulhas?<\/strong><\/h4>\n<p>O Rolamento de agulha \u00e9 comumente utilizado para diversas aplica\u00e7\u00f5es, incluindo em caixas de c\u00e2mbio de ve\u00edculos. A fun\u00e7\u00e3o espec\u00edfica do rolamento de agulhas na caixa de c\u00e2mbio \u00e9 oferecer suporte a cargas radiais, especialmente em situa\u00e7\u00f5es em que o espa\u00e7o radial \u00e9 limitado, oferecendo resist\u00eancia e suporte nessas condi\u00e7\u00f5es, o que \u00e9 essencial para a transmiss\u00e3o eficiente da pot\u00eancia do motor para as rodas.<\/p>\n<p>&nbsp;<\/p>\n<p>A Casa da Inje\u00e7\u00e3o oferece total garantia nos produtos comprados em nosso site.<\/p>\n<ol>\n<li>Cada item \u00e9 rigorosamente testado antes do envio<\/li>\n<li>Se os itens estiverem danificados ou parcialmente defeituosos, entre em contato conosco.<\/li>\n<\/ol>\n<p>Se houver qualquer defeito, n\u00f3s lhe enviaremos uma substitui\u00e7\u00e3o ap\u00f3s receber o pacote ou devolvemos seu dinheiro.<\/p>\n<p>Leia nossa\u00a0<span style=\"color: #ff0000;\"><a style=\"color: #ff0000;\" href=\"https:\/\/www.casadainjecao.com.br\/loja\/politica-de-devolucao\">pol\u00edtica de devolu\u00e7\u00e3o aqui<\/a><\/span><\/p>\n<p>\u2014\u2014\u2014\u2014\u2014\u2014\u2014\u2014\u2014\u2014\u2014\u2014\u2014\u2014\u2014\u2014\u2014\u2014\u2014\u2013<\/p>\n<p><strong>Tem alguma d\u00favida?<\/strong><\/p>\n<p>Entre em contato que podemos ajudar!<\/p>\n<p>Confira as informa\u00e7\u00f5es adicionais abaixo:<\/p>\n<ul>\n<li>Todos os nossos produtos s\u00e3o novos, semi-novos, originais e paralelos possuem garantia.<\/li>\n<li>Todos os produtos anunciados est\u00e3o dispon\u00edveis em estoque e s\u00e3o enviados com extrema rapidez.<\/li>\n<li>O frete pode ser simulado antes de efetuar a compra, basta clicar em \u201cver custos de envio\u201d.<\/li>\n<li>Verifique o endere\u00e7o de entrega cadastrado e atualize caso necess\u00e1rio.<\/li>\n<li>Confirme se a pe\u00e7a \u00e9 correta para o seu modelo de ve\u00edculo.<\/li>\n<li>Para pe\u00e7as automotivas, recomendamos a instala\u00e7\u00e3o por um profissional especializado.<\/li>\n<\/ul>\n<p>Caso possua outras d\u00favidas, entre em contato.<\/p>\n<p>&nbsp;<\/p>\n","protected":false},"excerpt":{"rendered":"<h2>Rolamento Agulhas Caixa C\u00e2mbio 5 Marcha Renault &#8211; 7703090312<\/h2>\n","protected":false},"featured_media":10553,"template":"","meta":{"_seopress_robots_primary_cat":"none","_seopress_titles_title":"","_seopress_titles_desc":"","_seopress_robots_index":"","_seopress_analysis_target_kw":"","_kad_blocks_custom_css":"","_kad_blocks_head_custom_js":"","_kad_blocks_body_custom_js":"","_kad_blocks_footer_custom_js":"","_kadence_starter_templates_imported_post":false,"_joinchat":[]},"product_brand":[],"product_cat":[320,329,26],"product_tag":[50,90,1158,51,53],"berocket_brand":[394],"class_list":{"0":"post-10551","1":"product","2":"type-product","3":"status-publish","4":"has-post-thumbnail","6":"product_cat-cambio","7":"product_cat-rolamentos-transmissao","8":"product_cat-transmissao","9":"product_tag-megane","10":"product_tag-r19","11":"product_tag-r21","12":"product_tag-scenic","13":"product_tag-twingo","14":"berocket_brand-renault","15":"thunk-woo-product-list","16":"big-store-woo-hover-zoom","17":"open-single-product-tab-horizontal","18":"open-shadow-","19":"open-shadow-hover-","21":"first","22":"outofstock","23":"sale","24":"taxable","25":"shipping-taxable","26":"purchasable","27":"product-type-simple"},"taxonomy_info":{"product_cat":[{"value":320,"label":"Cambio"},{"value":329,"label":"Rolamentos"},{"value":26,"label":"Transmiss\u00e3o"}],"product_tag":[{"value":50,"label":"Megane"},{"value":90,"label":"R19"},{"value":1158,"label":"R21"},{"value":51,"label":"Scenic"},{"value":53,"label":"Twingo"}],"berocket_brand":[{"value":394,"label":"Renault"}]},"featured_image_src_large":["https:\/\/www.casadainjecao.com.br\/loja\/wp-content\/uploads\/2021\/05\/7703090312-rolamento-cambio-twingo-megane-scenic.jpg",300,307,false],"author_info":[],"comment_info":"","_links":{"self":[{"href":"https:\/\/www.casadainjecao.com.br\/loja\/wp-json\/wp\/v2\/product\/10551","targetHints":{"allow":["GET"]}}],"collection":[{"href":"https:\/\/www.casadainjecao.com.br\/loja\/wp-json\/wp\/v2\/product"}],"about":[{"href":"https:\/\/www.casadainjecao.com.br\/loja\/wp-json\/wp\/v2\/types\/product"}],"wp:featuredmedia":[{"embeddable":true,"href":"https:\/\/www.casadainjecao.com.br\/loja\/wp-json\/wp\/v2\/media\/10553"}],"wp:attachment":[{"href":"https:\/\/www.casadainjecao.com.br\/loja\/wp-json\/wp\/v2\/media?parent=10551"}],"wp:term":[{"taxonomy":"product_brand","embeddable":true,"href":"https:\/\/www.casadainjecao.com.br\/loja\/wp-json\/wp\/v2\/product_brand?post=10551"},{"taxonomy":"product_cat","embeddable":true,"href":"https:\/\/www.casadainjecao.com.br\/loja\/wp-json\/wp\/v2\/product_cat?post=10551"},{"taxonomy":"product_tag","embeddable":true,"href":"https:\/\/www.casadainjecao.com.br\/loja\/wp-json\/wp\/v2\/product_tag?post=10551"},{"taxonomy":"berocket_brand","embeddable":true,"href":"https:\/\/www.casadainjecao.com.br\/loja\/wp-json\/wp\/v2\/berocket_brand?post=10551"}],"curies":[{"name":"wp","href":"https:\/\/api.w.org\/{rel}","templated":true}]}}