{"id":1068,"date":"2020-08-04T11:49:10","date_gmt":"2020-08-04T14:49:10","guid":{"rendered":"http:\/\/casadainjecao.com.br\/loja\/?post_type=product&#038;p=1068"},"modified":"2023-10-18T08:53:43","modified_gmt":"2023-10-18T11:53:43","slug":"corpo-de-borboleta-peugeot-206-1-0-16v","status":"publish","type":"product","link":"https:\/\/www.casadainjecao.com.br\/loja\/autopecas\/injecao-eletronica\/corpo-de-borboleta\/corpo-de-borboleta-peugeot-206-1-0-16v\/","title":{"rendered":"Corpo De Borboleta Peugeot 206 Renault Clio1.0 16v &#8211; H"},"content":{"rendered":"<h1>Corpo de Borboleta &#8211; TBI<\/h1>\n<h1>PEUGEOT<br \/>\n206 1.0 16V GASOLINA<\/h1>\n<h1>RENAULT<br \/>\nCLIO 1.0 16V GASOLINA<\/h1>\n<h1>Codigo:- H8200067219\/ 8200166870 \/ 7701051585\/SMR00102 \/ SMR00101 \/ 42SMR1\/714036<\/h1>\n<h1>O corpo de borboleta (tamb\u00e9m conhecido como TBI Throttle Body Injection) controla a entrada de ar na admiss\u00e3o do motor para o cilindro, auxiliando o funcionamento da marcha lenta e da acelera\u00e7\u00e3o.<\/h1>\n","protected":false},"excerpt":{"rendered":"<h2>Corpo De Borboleta Peugeot 206 Renault Clio1.0 16v &#8211; H8200067219<\/h2>\n","protected":false},"featured_media":25264,"template":"","meta":{"_seopress_robots_primary_cat":"none","_seopress_titles_title":"","_seopress_titles_desc":"","_seopress_robots_index":"","_joinchat":[]},"product_cat":[258,21],"product_tag":[49,132],"berocket_brand":[393,394],"_links":{"self":[{"href":"https:\/\/www.casadainjecao.com.br\/loja\/wp-json\/wp\/v2\/product\/1068"}],"collection":[{"href":"https:\/\/www.casadainjecao.com.br\/loja\/wp-json\/wp\/v2\/product"}],"about":[{"href":"https:\/\/www.casadainjecao.com.br\/loja\/wp-json\/wp\/v2\/types\/product"}],"wp:featuredmedia":[{"embeddable":true,"href":"https:\/\/www.casadainjecao.com.br\/loja\/wp-json\/wp\/v2\/media\/25264"}],"wp:attachment":[{"href":"https:\/\/www.casadainjecao.com.br\/loja\/wp-json\/wp\/v2\/media?parent=1068"}],"wp:term":[{"taxonomy":"product_cat","embeddable":true,"href":"https:\/\/www.casadainjecao.com.br\/loja\/wp-json\/wp\/v2\/product_cat?post=1068"},{"taxonomy":"product_tag","embeddable":true,"href":"https:\/\/www.casadainjecao.com.br\/loja\/wp-json\/wp\/v2\/product_tag?post=1068"},{"taxonomy":"berocket_brand","embeddable":true,"href":"https:\/\/www.casadainjecao.com.br\/loja\/wp-json\/wp\/v2\/berocket_brand?post=1068"}],"curies":[{"name":"wp","href":"https:\/\/api.w.org\/{rel}","templated":true}]}}