{"id":10708,"date":"2021-09-09T10:53:26","date_gmt":"2021-09-09T13:53:26","guid":{"rendered":"https:\/\/www.casadainjecao.com.br\/loja\/?post_type=product&#038;p=10708"},"modified":"2026-01-22T10:48:50","modified_gmt":"2026-01-22T13:48:50","slug":"reservatorio-oleo-de-freio-topic-osa4449680","status":"publish","type":"product","link":"https:\/\/www.casadainjecao.com.br\/loja\/autopecas\/freios\/fluido-de-freio\/reservatorio-oleo-de-freio-topic-osa4449680\/","title":{"rendered":"Reservatorio Oleo Cilindro de  Freio Topic &#8211; OSA444968"},"content":{"rendered":"<h2>Reservat\u00f3rio Ol\u00e9o do Cilindro de Freio<\/h2>\n<p>Asia &#8211; Topic &#8211; 1993 a 1999<\/p>\n<p>Kia -Besta &#8211; 2.2 &#8211; 2.7 &#8211; 1993 a 2004<\/p>\n<p>Marca: \u00c1SIA<br \/>\n&#8211; Condi\u00e7\u00e3o do item: N O V O<br \/>\n&#8211; Modelo: RESERVAT\u00d3RIO DE \u00d3LEO<br \/>\n&#8211; OEM: OSA4449680<br \/>\n&#8211; Codigo:- OSA4449680<\/p>\n<h4>Condi\u00e7\u00f5es:<\/h4>\n<p>Produto Novo<\/p>\n<h4><strong>Garantia:<\/strong><\/h4>\n<p>3 Meses<\/p>\n<h3>ATEN\u00c7\u00c3O<br \/>\n* IMPORTANTE confirmar a numera\u00e7\u00e3o antes da compra, e se a mesma bate com o C\u00d3DIGO ORIG do carro. C\u00f3digo igual pe\u00e7a correta, caso seja diferente entre em contato conosco para confirma\u00e7\u00e3o do mesmo e para tirar suas duvidas.<\/h3>\n<p>A Casa da Inje\u00e7\u00e3o oferece total garantia nos produtos comprados em nosso site.<\/p>\n<ol>\n<li>Cada item \u00e9 rigorosamente testado antes do envio<\/li>\n<li>Se os itens estiverem danificados ou parcialmente defeituosos, entre em contato conosco.<\/li>\n<li>Procure um profissional devidamente licenciado para a instala\u00e7\u00e3o e fa\u00e7a revis\u00f5es periodicamente. A empresa n\u00e3o se responsabiliza por problemas oriundos da m\u00e1 instala\u00e7\u00e3o ou com a falta de cuidados peri\u00f3dicos dos componentes.<\/li>\n<\/ol>\n<p>Se houver qualquer defeito, n\u00f3s lhe enviaremos uma substitui\u00e7\u00e3o ap\u00f3s receber o pacote ou devolvemos seu dinheiro.<\/p>\n<p>Leia nossa\u00a0<a href=\"https:\/\/www.casadainjecao.com.br\/loja\/politica-de-devolucao\">pol\u00edtica de devolu\u00e7\u00e3o aqui<\/a><\/p>\n<p>\u2014\u2014\u2014\u2014\u2014\u2014\u2014\u2014\u2014\u2014\u2014\u2014\u2014\u2014\u2014\u2014\u2014\u2014\u2014\u2013<\/p>\n<p><strong>Tem alguma d\u00favida?<\/strong><\/p>\n<p>Entre em contato que podemos ajudar!<\/p>\n<p>Confira as informa\u00e7\u00f5es adicionais abaixo:<\/p>\n<ul>\n<li>Todos os nossos produtos s\u00e3o novos, semi-novos, originais e paralelos possuem garantia.<\/li>\n<li>Todos os produtos anunciados est\u00e3o dispon\u00edveis em estoque e s\u00e3o enviados com extrema rapidez.<\/li>\n<li>O frete pode ser simulado antes de efetuar a compra, basta clicar em \u201cver custos de envio\u201d.<\/li>\n<li>Verifique o endere\u00e7o de entrega cadastrado e atualize caso necess\u00e1rio.<\/li>\n<li>Confirme se a pe\u00e7a \u00e9 correta para o seu modelo de ve\u00edculo.<\/li>\n<li>Para pe\u00e7as automotivas, recomendamos a instala\u00e7\u00e3o por um profissional especializado.<\/li>\n<li>Caso possua outras d\u00favidas, entre em contato.<\/li>\n<\/ul>\n","protected":false},"excerpt":{"rendered":"<h2>Reservat\u00f3rio Ol\u00e9o Cilindro de Freio\u00a0Kia Besta Topic &#8211;\u00a0OSA4449680<\/h2>\n<h2><\/h2>\n","protected":false},"featured_media":30703,"template":"","meta":{"_seopress_robots_primary_cat":"none","_seopress_titles_title":"","_seopress_titles_desc":"","_seopress_robots_index":"","_kad_blocks_custom_css":"","_kad_blocks_head_custom_js":"","_kad_blocks_body_custom_js":"","_kad_blocks_footer_custom_js":"","_joinchat":[]},"product_cat":[179,20,1215],"product_tag":[],"berocket_brand":[388],"taxonomy_info":{"product_cat":[{"value":179,"label":"Fluido de Freio"},{"value":20,"label":"Freios"},{"value":1215,"label":"Reservatorio"}],"berocket_brand":[{"value":388,"label":"Kia"}]},"featured_image_src_large":["https:\/\/www.casadainjecao.com.br\/loja\/wp-content\/uploads\/2021\/09\/Reservatorio-de-Oleo-de-Freio-da-kia-Topic-original-OSA4449680-920x920.jpg",640,640,true],"author_info":[],"comment_info":"","_links":{"self":[{"href":"https:\/\/www.casadainjecao.com.br\/loja\/wp-json\/wp\/v2\/product\/10708"}],"collection":[{"href":"https:\/\/www.casadainjecao.com.br\/loja\/wp-json\/wp\/v2\/product"}],"about":[{"href":"https:\/\/www.casadainjecao.com.br\/loja\/wp-json\/wp\/v2\/types\/product"}],"wp:featuredmedia":[{"embeddable":true,"href":"https:\/\/www.casadainjecao.com.br\/loja\/wp-json\/wp\/v2\/media\/30703"}],"wp:attachment":[{"href":"https:\/\/www.casadainjecao.com.br\/loja\/wp-json\/wp\/v2\/media?parent=10708"}],"wp:term":[{"taxonomy":"product_cat","embeddable":true,"href":"https:\/\/www.casadainjecao.com.br\/loja\/wp-json\/wp\/v2\/product_cat?post=10708"},{"taxonomy":"product_tag","embeddable":true,"href":"https:\/\/www.casadainjecao.com.br\/loja\/wp-json\/wp\/v2\/product_tag?post=10708"},{"taxonomy":"berocket_brand","embeddable":true,"href":"https:\/\/www.casadainjecao.com.br\/loja\/wp-json\/wp\/v2\/berocket_brand?post=10708"}],"curies":[{"name":"wp","href":"https:\/\/api.w.org\/{rel}","templated":true}]}}