{"id":10747,"date":"2021-09-09T15:47:33","date_gmt":"2021-09-09T18:47:33","guid":{"rendered":"https:\/\/www.casadainjecao.com.br\/loja\/?post_type=product&#038;p=10747"},"modified":"2022-03-17T14:43:20","modified_gmt":"2022-03-17T17:43:20","slug":"placa-retencao-rolamento-caixa-transmissao-8200741266","status":"publish","type":"product","link":"https:\/\/www.casadainjecao.com.br\/loja\/autopecas\/motor\/retentor\/placa-retencao-rolamento-caixa-transmissao-8200741266\/","title":{"rendered":"Placa Reten\u00e7\u00e3o Rolamento Caixa Transmiss\u00e3o Renault Master"},"content":{"rendered":"<h1>Placa Reten\u00e7\u00e3o Rolamento Caixa Transmiss\u00e3o Renault Laguna Trafic &#8211; 8200741266<\/h1>\n","protected":false},"excerpt":{"rendered":"<h2>Placa Reten\u00e7\u00e3o Rolamento Caixa Transmiss\u00e3o<\/h2>\n<h2>Renault Laguna Trafic Master<\/h2>\n<h2>Codigo: 8200741266 c=5<\/h2>\n","protected":false},"featured_media":10755,"template":"","meta":{"_seopress_robots_primary_cat":"none","_seopress_titles_title":"","_seopress_titles_desc":"","_seopress_robots_index":"","_seopress_analysis_target_kw":"","_kad_blocks_custom_css":"","_kad_blocks_head_custom_js":"","_kad_blocks_body_custom_js":"","_kad_blocks_footer_custom_js":"","_kadence_starter_templates_imported_post":false,"_joinchat":[]},"product_brand":[],"product_cat":[22,238,329,26],"product_tag":[],"berocket_brand":[394],"class_list":{"0":"post-10747","1":"product","2":"type-product","3":"status-publish","4":"has-post-thumbnail","6":"product_cat-motor","7":"product_cat-retentor","8":"product_cat-rolamentos-transmissao","9":"product_cat-transmissao","10":"berocket_brand-renault","11":"thunk-woo-product-list","12":"big-store-woo-hover-zoom","13":"open-single-product-tab-horizontal","14":"open-shadow-","15":"open-shadow-hover-","17":"first","18":"outofstock","19":"sale","20":"taxable","21":"shipping-taxable","22":"purchasable","23":"product-type-simple"},"taxonomy_info":{"product_cat":[{"value":22,"label":"Motor"},{"value":238,"label":"Retentor"},{"value":329,"label":"Rolamentos"},{"value":26,"label":"Transmiss\u00e3o"}],"berocket_brand":[{"value":394,"label":"Renault"}]},"featured_image_src_large":["https:\/\/www.casadainjecao.com.br\/loja\/wp-content\/uploads\/2021\/09\/placa-retencao-rolamento-cambio-renault-master-8200741266-900x675.png",640,480,true],"author_info":[],"comment_info":"","_links":{"self":[{"href":"https:\/\/www.casadainjecao.com.br\/loja\/wp-json\/wp\/v2\/product\/10747","targetHints":{"allow":["GET"]}}],"collection":[{"href":"https:\/\/www.casadainjecao.com.br\/loja\/wp-json\/wp\/v2\/product"}],"about":[{"href":"https:\/\/www.casadainjecao.com.br\/loja\/wp-json\/wp\/v2\/types\/product"}],"wp:featuredmedia":[{"embeddable":true,"href":"https:\/\/www.casadainjecao.com.br\/loja\/wp-json\/wp\/v2\/media\/10755"}],"wp:attachment":[{"href":"https:\/\/www.casadainjecao.com.br\/loja\/wp-json\/wp\/v2\/media?parent=10747"}],"wp:term":[{"taxonomy":"product_brand","embeddable":true,"href":"https:\/\/www.casadainjecao.com.br\/loja\/wp-json\/wp\/v2\/product_brand?post=10747"},{"taxonomy":"product_cat","embeddable":true,"href":"https:\/\/www.casadainjecao.com.br\/loja\/wp-json\/wp\/v2\/product_cat?post=10747"},{"taxonomy":"product_tag","embeddable":true,"href":"https:\/\/www.casadainjecao.com.br\/loja\/wp-json\/wp\/v2\/product_tag?post=10747"},{"taxonomy":"berocket_brand","embeddable":true,"href":"https:\/\/www.casadainjecao.com.br\/loja\/wp-json\/wp\/v2\/berocket_brand?post=10747"}],"curies":[{"name":"wp","href":"https:\/\/api.w.org\/{rel}","templated":true}]}}