{"id":1083,"date":"2020-08-04T12:07:40","date_gmt":"2020-08-04T15:07:40","guid":{"rendered":"http:\/\/casadainjecao.com.br\/loja\/?post_type=product&#038;p=1083"},"modified":"2023-07-02T08:29:38","modified_gmt":"2023-07-02T11:29:38","slug":"flauta-de-combustivel-hyunday-azera-35304-3c300","status":"publish","type":"product","link":"https:\/\/www.casadainjecao.com.br\/loja\/autopecas\/injecao-eletronica\/flauta-bico-injetores\/flauta-de-combustivel-hyunday-azera-35304-3c300\/","title":{"rendered":"Flauta de Combustivel Hyunday Azera &#8211; 35304-3C300"},"content":{"rendered":"<h1>Flauta de Combustivel Hyunday Azera &#8211; 35304-3C300<\/h1>\n","protected":false},"excerpt":{"rendered":"<h2>Flauta de Combustivel<br \/>\nHyunday Azera V6<br \/>\nCodigo:- 35304-3C300 c=48<\/h2>\n","protected":false},"featured_media":1084,"template":"","meta":{"_seopress_robots_primary_cat":"none","_seopress_titles_title":"","_seopress_titles_desc":"","_seopress_robots_index":"","_kad_blocks_custom_css":"","_kad_blocks_head_custom_js":"","_kad_blocks_body_custom_js":"","_kad_blocks_footer_custom_js":"","_joinchat":[]},"product_cat":[261,21],"product_tag":[288],"berocket_brand":[386],"taxonomy_info":{"product_cat":[{"value":261,"label":"Flauta Bico Injetores"},{"value":21,"label":"Inje\u00e7\u00e3o Eletr\u00f4nica"}],"product_tag":[{"value":288,"label":"Azera"}],"berocket_brand":[{"value":386,"label":"Hyundai"}]},"featured_image_src_large":["https:\/\/www.casadainjecao.com.br\/loja\/wp-content\/uploads\/2020\/08\/Flauta-de-Combustivel-Hynday-Azera.png",600,398,false],"author_info":[],"comment_info":"","_links":{"self":[{"href":"https:\/\/www.casadainjecao.com.br\/loja\/wp-json\/wp\/v2\/product\/1083"}],"collection":[{"href":"https:\/\/www.casadainjecao.com.br\/loja\/wp-json\/wp\/v2\/product"}],"about":[{"href":"https:\/\/www.casadainjecao.com.br\/loja\/wp-json\/wp\/v2\/types\/product"}],"wp:featuredmedia":[{"embeddable":true,"href":"https:\/\/www.casadainjecao.com.br\/loja\/wp-json\/wp\/v2\/media\/1084"}],"wp:attachment":[{"href":"https:\/\/www.casadainjecao.com.br\/loja\/wp-json\/wp\/v2\/media?parent=1083"}],"wp:term":[{"taxonomy":"product_cat","embeddable":true,"href":"https:\/\/www.casadainjecao.com.br\/loja\/wp-json\/wp\/v2\/product_cat?post=1083"},{"taxonomy":"product_tag","embeddable":true,"href":"https:\/\/www.casadainjecao.com.br\/loja\/wp-json\/wp\/v2\/product_tag?post=1083"},{"taxonomy":"berocket_brand","embeddable":true,"href":"https:\/\/www.casadainjecao.com.br\/loja\/wp-json\/wp\/v2\/berocket_brand?post=1083"}],"curies":[{"name":"wp","href":"https:\/\/api.w.org\/{rel}","templated":true}]}}