{"id":10850,"date":"2021-09-12T15:49:54","date_gmt":"2021-09-12T18:49:54","guid":{"rendered":"https:\/\/www.casadainjecao.com.br\/loja\/?post_type=product&#038;p=10850"},"modified":"2022-02-08T15:32:52","modified_gmt":"2022-02-08T18:32:52","slug":"moldura-coluna-direcao-renault-clio-symbol-8200446724","status":"publish","type":"product","link":"https:\/\/www.casadainjecao.com.br\/loja\/autopecas\/interior\/moldura\/moldura-coluna-direcao-renault-clio-symbol-8200446724\/","title":{"rendered":"Moldura Coluna Dire\u00e7\u00e3o Renault Clio Symbol &#8211; 8200446"},"content":{"rendered":"<h1>Moldura Coluna Dire\u00e7\u00e3o Renault Clio Symbol &#8211; 8200446724<\/h1>\n","protected":false},"excerpt":{"rendered":"<h2>Moldura Coluna Dire\u00e7\u00e3o Escamoteavel<\/h2>\n<h2>Renault Clio Symbol<\/h2>\n<h2>Codigo:-<span style=\"font-size: 16px;\">\u00a0<\/span> 8200446724 c=3g<\/h2>\n","protected":false},"featured_media":10861,"template":"","meta":{"_seopress_robots_primary_cat":"none","_seopress_titles_title":"","_seopress_titles_desc":"","_seopress_robots_index":"","_joinchat":[]},"product_cat":[24,1216],"product_tag":[49,89],"berocket_brand":[394],"_links":{"self":[{"href":"https:\/\/www.casadainjecao.com.br\/loja\/wp-json\/wp\/v2\/product\/10850"}],"collection":[{"href":"https:\/\/www.casadainjecao.com.br\/loja\/wp-json\/wp\/v2\/product"}],"about":[{"href":"https:\/\/www.casadainjecao.com.br\/loja\/wp-json\/wp\/v2\/types\/product"}],"wp:featuredmedia":[{"embeddable":true,"href":"https:\/\/www.casadainjecao.com.br\/loja\/wp-json\/wp\/v2\/media\/10861"}],"wp:attachment":[{"href":"https:\/\/www.casadainjecao.com.br\/loja\/wp-json\/wp\/v2\/media?parent=10850"}],"wp:term":[{"taxonomy":"product_cat","embeddable":true,"href":"https:\/\/www.casadainjecao.com.br\/loja\/wp-json\/wp\/v2\/product_cat?post=10850"},{"taxonomy":"product_tag","embeddable":true,"href":"https:\/\/www.casadainjecao.com.br\/loja\/wp-json\/wp\/v2\/product_tag?post=10850"},{"taxonomy":"berocket_brand","embeddable":true,"href":"https:\/\/www.casadainjecao.com.br\/loja\/wp-json\/wp\/v2\/berocket_brand?post=10850"}],"curies":[{"name":"wp","href":"https:\/\/api.w.org\/{rel}","templated":true}]}}