{"id":10884,"date":"2021-09-13T13:31:38","date_gmt":"2021-09-13T16:31:38","guid":{"rendered":"https:\/\/www.casadainjecao.com.br\/loja\/?post_type=product&#038;p=10884"},"modified":"2023-07-06T19:11:24","modified_gmt":"2023-07-06T22:11:24","slug":"vedacao-da-porta-traseira-esquerda-renault-megane-ii-2003-2008","status":"publish","type":"product","link":"https:\/\/www.casadainjecao.com.br\/loja\/autopecas\/carroceria\/frisos-carroceria\/vedacao-da-porta-traseira-esquerda-renault-megane-ii-2003-2008\/","title":{"rendered":"Veda\u00e7\u00e3o Porta Traseira Esquerda Renault Megane II &#8211; "},"content":{"rendered":"<h1>Veda\u00e7\u00e3o Adesiva Porta Traseira Esquerda Renault Megane II &#8211; 8200616331<\/h1>\n","protected":false},"excerpt":{"rendered":"<h2>Veda\u00e7\u00e3o Adesiva Porta Traseira Esquerda<\/h2>\n<h2>Renault Megane II<\/h2>\n<h2>Codigo:- 8200616331\/8200270602\u00a0 c=22g<\/h2>\n<h2><\/h2>\n","protected":false},"featured_media":10925,"template":"","meta":{"_seopress_robots_primary_cat":"none","_seopress_titles_title":"","_seopress_titles_desc":"","_seopress_robots_index":"","_seopress_analysis_target_kw":"","_kad_blocks_custom_css":"","_kad_blocks_head_custom_js":"","_kad_blocks_body_custom_js":"","_kad_blocks_footer_custom_js":"","_kadence_starter_templates_imported_post":false,"_joinchat":[]},"product_brand":[],"product_cat":[83,23,1213,24,1169],"product_tag":[1219],"berocket_brand":[394],"class_list":{"0":"post-10884","1":"product","2":"type-product","3":"status-publish","4":"has-post-thumbnail","6":"product_cat-carroceria","7":"product_cat-exterior","8":"product_cat-frisos-carroceria","9":"product_cat-interior","10":"product_cat-porta-traseira","11":"product_tag-renault-megane-ii","12":"berocket_brand-renault","13":"thunk-woo-product-list","14":"big-store-woo-hover-zoom","15":"open-single-product-tab-horizontal","16":"open-shadow-","17":"open-shadow-hover-","19":"first","20":"instock","21":"sale","22":"taxable","23":"shipping-taxable","24":"purchasable","25":"product-type-simple"},"taxonomy_info":{"product_cat":[{"value":83,"label":"Carroceria"},{"value":23,"label":"Exterior"},{"value":1213,"label":"Frisos"},{"value":24,"label":"Interior"},{"value":1169,"label":"Porta Traseira"}],"product_tag":[{"value":1219,"label":"Renault Megane II"}],"berocket_brand":[{"value":394,"label":"Renault"}]},"featured_image_src_large":["https:\/\/www.casadainjecao.com.br\/loja\/wp-content\/uploads\/2021\/09\/Vedacao-de-porta-traseira-esquerda-Renault-8200616331-900x670.png",640,476,true],"author_info":[],"comment_info":"","_links":{"self":[{"href":"https:\/\/www.casadainjecao.com.br\/loja\/wp-json\/wp\/v2\/product\/10884","targetHints":{"allow":["GET"]}}],"collection":[{"href":"https:\/\/www.casadainjecao.com.br\/loja\/wp-json\/wp\/v2\/product"}],"about":[{"href":"https:\/\/www.casadainjecao.com.br\/loja\/wp-json\/wp\/v2\/types\/product"}],"wp:featuredmedia":[{"embeddable":true,"href":"https:\/\/www.casadainjecao.com.br\/loja\/wp-json\/wp\/v2\/media\/10925"}],"wp:attachment":[{"href":"https:\/\/www.casadainjecao.com.br\/loja\/wp-json\/wp\/v2\/media?parent=10884"}],"wp:term":[{"taxonomy":"product_brand","embeddable":true,"href":"https:\/\/www.casadainjecao.com.br\/loja\/wp-json\/wp\/v2\/product_brand?post=10884"},{"taxonomy":"product_cat","embeddable":true,"href":"https:\/\/www.casadainjecao.com.br\/loja\/wp-json\/wp\/v2\/product_cat?post=10884"},{"taxonomy":"product_tag","embeddable":true,"href":"https:\/\/www.casadainjecao.com.br\/loja\/wp-json\/wp\/v2\/product_tag?post=10884"},{"taxonomy":"berocket_brand","embeddable":true,"href":"https:\/\/www.casadainjecao.com.br\/loja\/wp-json\/wp\/v2\/berocket_brand?post=10884"}],"curies":[{"name":"wp","href":"https:\/\/api.w.org\/{rel}","templated":true}]}}