{"id":10910,"date":"2021-09-13T12:35:15","date_gmt":"2021-09-13T15:35:15","guid":{"rendered":"https:\/\/www.casadainjecao.com.br\/loja\/?post_type=product&#038;p=10910"},"modified":"2025-12-01T10:03:01","modified_gmt":"2025-12-01T13:03:01","slug":"fechadura-porta-dianteira-esquerda-renault-clio-7701045304","status":"publish","type":"product","link":"https:\/\/www.casadainjecao.com.br\/loja\/autopecas\/carroceria\/fechadura\/fechadura-porta-dianteira-esquerda-renault-clio-7701045304\/","title":{"rendered":"Fechadura Porta Dianteira Esquerda Renault Clio &#8211; 7701"},"content":{"rendered":"<h2 data-start=\"125\" data-end=\"171\">Fechadura da Porta Dianteira Esquerda (lado do motorista)<\/h2>\n<p data-start=\"172\" data-end=\"222\"><strong data-start=\"172\" data-end=\"220\">Renault Clio II 1.0 \/ 1.6 \u2013 Anos 1998 a 2001<\/strong><\/p>\n<hr data-start=\"224\" data-end=\"227\" \/>\n<h4 data-start=\"229\" data-end=\"263\"><strong data-start=\"237\" data-end=\"261\">Descri\u00e7\u00e3o do Produto<\/strong><\/h4>\n<p data-start=\"264\" data-end=\"399\">Fechadura da porta dianteira esquerda compat\u00edvel com o <strong data-start=\"319\" data-end=\"338\">Renault Clio II<\/strong>, aplic\u00e1vel nos modelos <strong data-start=\"362\" data-end=\"384\">SI, RL, RT, Campus<\/strong>, entre outros.<\/p>\n<ul data-start=\"401\" data-end=\"626\">\n<li data-start=\"401\" data-end=\"470\">\n<p data-start=\"403\" data-end=\"470\"><strong data-start=\"403\" data-end=\"412\">Tipo:<\/strong> Fechadura mec\u00e2nica manual (acionamento por chave comum)<\/p>\n<\/li>\n<li data-start=\"471\" data-end=\"512\">\n<p data-start=\"473\" data-end=\"512\"><strong data-start=\"473\" data-end=\"499\">C\u00f3digo Original (OEM):<\/strong> 7701045304<\/p>\n<\/li>\n<li data-start=\"513\" data-end=\"563\">\n<p data-start=\"515\" data-end=\"563\"><strong data-start=\"515\" data-end=\"529\">Aplica\u00e7\u00e3o:<\/strong> Clio 1.0 e 1.6 \u2013 de 1998 a 2001<\/p>\n<\/li>\n<li data-start=\"564\" data-end=\"626\">\n<p data-start=\"566\" data-end=\"626\"><strong data-start=\"566\" data-end=\"590\">Local de instala\u00e7\u00e3o:<\/strong> Porta dianteira lado do motorista<\/p>\n<\/li>\n<\/ul>\n<hr data-start=\"628\" data-end=\"631\" \/>\n<h4 data-start=\"633\" data-end=\"668\"><strong data-start=\"642\" data-end=\"666\">Informa\u00e7\u00f5es T\u00e9cnicas<\/strong><\/h4>\n<ul data-start=\"669\" data-end=\"766\">\n<li data-start=\"669\" data-end=\"686\">\n<p data-start=\"671\" data-end=\"686\">Produto: Novo<\/p>\n<\/li>\n<li data-start=\"687\" data-end=\"714\">\n<p data-start=\"689\" data-end=\"714\">Marca: Original Renault<\/p>\n<\/li>\n<li data-start=\"715\" data-end=\"766\">\n<p data-start=\"717\" data-end=\"766\">Garantia: 3 meses<\/p>\n<\/li>\n<\/ul>\n<hr data-start=\"768\" data-end=\"771\" \/>\n<h3>\u00a0Aten\u00e7\u00e3o<\/h3>\n<h3 data-start=\"790\" data-end=\"963\">Antes de efetuar a compra, <strong data-start=\"817\" data-end=\"871\">confirme o c\u00f3digo da pe\u00e7a instalada no seu ve\u00edculo<\/strong> ou envie o <strong data-start=\"883\" data-end=\"903\">n\u00famero do chassi<\/strong> para que possamos verificar a compatibilidade com precis\u00e3o.<\/h3>\n<p>A Casa da Inje\u00e7\u00e3o oferece total garantia nos produtos comprados em nosso site.<\/p>\n<p>Cada item \u00e9 rigorosamente testado antes do envio<\/p>\n<p>Se os itens estiverem danificados ou parcialmente defeituosos, entre em contato conosco.<\/p>\n<p>Procure um profissional devidamente licenciado para a instala\u00e7\u00e3o e fa\u00e7a revis\u00f5es periodicamente. A empresa n\u00e3o se responsabiliza por problemas oriundos da m\u00e1 instala\u00e7\u00e3o ou com a falta de cuidados peri\u00f3dicos dos componentes.<\/p>\n<p>Se houver qualquer defeito, n\u00f3s lhe enviaremos uma substitui\u00e7\u00e3o ap\u00f3s receber o pacote ou devolvemos seu dinheiro.<\/p>\n<p>Leia nossa\u00a0<a href=\"https:\/\/www.casadainjecao.com.br\/loja\/politica-de-devolucao\"><span style=\"color: blue;\">pol\u00edtica de devolu\u00e7\u00e3o aqui<\/span><\/a><\/p>\n<p>\u2014\u2014\u2014\u2014\u2014\u2014\u2014\u2014\u2014\u2014\u2014\u2014\u2014\u2014\u2014\u2014\u2014\u2014\u2014\u2013<\/p>\n<p>Tem alguma d\u00favida?<\/p>\n<p>Entre em contato que podemos ajudar!<\/p>\n<p>Confira as informa\u00e7\u00f5es adicionais abaixo:<\/p>\n<p>Todos os nossos produtos s\u00e3o novos, semi-novos, originais e paralelos possuem garantia.<\/p>\n<p>Todos os produtos anunciados est\u00e3o dispon\u00edveis em estoque e s\u00e3o enviados com extrema rapidez.<\/p>\n<p>O frete pode ser simulado antes de efetuar a compra, basta clicar em \u201cver custos de envio\u201d.<\/p>\n<p>Verifique o endere\u00e7o de entrega cadastrado e atualize caso necess\u00e1rio.<\/p>\n<p>Confirme se a pe\u00e7a \u00e9 correta para o seu modelo de ve\u00edculo.<\/p>\n<p>Para pe\u00e7as automotivas, recomendamos a instala\u00e7\u00e3o por um profissional especializado.<\/p>\n<p>Caso possua outras d\u00favidas, entre em contato.<\/p>\n","protected":false},"excerpt":{"rendered":"<h2>Fechadura Porta Dianteira Esquerda Renault Clio &#8211; 7701045304<\/h2>\n","protected":false},"featured_media":16690,"template":"","meta":{"_seopress_robots_primary_cat":"none","_seopress_titles_title":"","_seopress_titles_desc":"","_seopress_robots_index":"","_joinchat":[]},"product_cat":[83,92],"product_tag":[49],"berocket_brand":[394],"_links":{"self":[{"href":"https:\/\/www.casadainjecao.com.br\/loja\/wp-json\/wp\/v2\/product\/10910"}],"collection":[{"href":"https:\/\/www.casadainjecao.com.br\/loja\/wp-json\/wp\/v2\/product"}],"about":[{"href":"https:\/\/www.casadainjecao.com.br\/loja\/wp-json\/wp\/v2\/types\/product"}],"wp:featuredmedia":[{"embeddable":true,"href":"https:\/\/www.casadainjecao.com.br\/loja\/wp-json\/wp\/v2\/media\/16690"}],"wp:attachment":[{"href":"https:\/\/www.casadainjecao.com.br\/loja\/wp-json\/wp\/v2\/media?parent=10910"}],"wp:term":[{"taxonomy":"product_cat","embeddable":true,"href":"https:\/\/www.casadainjecao.com.br\/loja\/wp-json\/wp\/v2\/product_cat?post=10910"},{"taxonomy":"product_tag","embeddable":true,"href":"https:\/\/www.casadainjecao.com.br\/loja\/wp-json\/wp\/v2\/product_tag?post=10910"},{"taxonomy":"berocket_brand","embeddable":true,"href":"https:\/\/www.casadainjecao.com.br\/loja\/wp-json\/wp\/v2\/berocket_brand?post=10910"}],"curies":[{"name":"wp","href":"https:\/\/api.w.org\/{rel}","templated":true}]}}