{"id":11057,"date":"2021-09-15T16:27:15","date_gmt":"2021-09-15T19:27:15","guid":{"rendered":"https:\/\/www.casadainjecao.com.br\/loja\/?post_type=product&#038;p=11057"},"modified":"2024-08-12T11:40:32","modified_gmt":"2024-08-12T14:40:32","slug":"carcaca-valvula-termostatica-renault-megane-ii-scenic-laguna-ii-8200489586","status":"publish","type":"product","link":"https:\/\/www.casadainjecao.com.br\/loja\/autopecas\/motor\/valvula-termostatica-motor\/carcaca-valvula-termostatica-renault-megane-ii-scenic-laguna-ii-8200489586\/","title":{"rendered":"Carca\u00e7a V\u00e1lvula Term\u00f3statica Renault Megane Scenic Laguna"},"content":{"rendered":"<h1>Carca\u00e7a V\u00e1lvula Term\u00f3statica Original<\/h1>\n<h1>Renault Megane II Scenic Laguna II 2.0 16v F4R &#8211; 2003 A 2013<\/h1>\n<h1>Codigo: &#8211; 8200489586<\/h1>\n<h1><\/h1>\n","protected":false},"excerpt":{"rendered":"<h2>Carca\u00e7a V\u00e1lvula Term\u00f3statica Renault Megane II Scenic Laguna II &#8211; 8200489586<\/h2>\n","protected":false},"featured_media":11115,"template":"","meta":{"_seopress_robots_primary_cat":"none","_seopress_titles_title":"","_seopress_titles_desc":"","_seopress_robots_index":"","_seopress_analysis_target_kw":"","_kad_blocks_custom_css":"","_kad_blocks_head_custom_js":"","_kad_blocks_body_custom_js":"","_kad_blocks_footer_custom_js":"","_kadence_starter_templates_imported_post":false,"_joinchat":[]},"product_brand":[],"product_cat":[22,1813,244],"product_tag":[1225,1219,62],"berocket_brand":[394],"class_list":{"0":"post-11057","1":"product","2":"type-product","3":"status-publish","4":"has-post-thumbnail","6":"product_cat-motor","7":"product_cat-valvula-termostatica-motor","8":"product_cat-valvulas","9":"product_tag-renault-laguna-ii","10":"product_tag-renault-megane-ii","11":"product_tag-renault-scenic","12":"berocket_brand-renault","13":"thunk-woo-product-list","14":"big-store-woo-hover-zoom","15":"open-single-product-tab-horizontal","16":"open-shadow-","17":"open-shadow-hover-","19":"first","20":"outofstock","21":"sale","22":"taxable","23":"shipping-taxable","24":"purchasable","25":"product-type-simple"},"taxonomy_info":{"product_cat":[{"value":22,"label":"Motor"},{"value":1813,"label":"V\u00e1lvula Termost\u00e1tica"},{"value":244,"label":"Valvulas"}],"product_tag":[{"value":1225,"label":"Renault Laguna II"},{"value":1219,"label":"Renault Megane II"},{"value":62,"label":"Renault Scenic"}],"berocket_brand":[{"value":394,"label":"Renault"}]},"featured_image_src_large":["https:\/\/www.casadainjecao.com.br\/loja\/wp-content\/uploads\/2021\/09\/8200489586-valvula-termostatica-megane-scenic-900x676.png",640,481,true],"author_info":[],"comment_info":"","_links":{"self":[{"href":"https:\/\/www.casadainjecao.com.br\/loja\/wp-json\/wp\/v2\/product\/11057","targetHints":{"allow":["GET"]}}],"collection":[{"href":"https:\/\/www.casadainjecao.com.br\/loja\/wp-json\/wp\/v2\/product"}],"about":[{"href":"https:\/\/www.casadainjecao.com.br\/loja\/wp-json\/wp\/v2\/types\/product"}],"wp:featuredmedia":[{"embeddable":true,"href":"https:\/\/www.casadainjecao.com.br\/loja\/wp-json\/wp\/v2\/media\/11115"}],"wp:attachment":[{"href":"https:\/\/www.casadainjecao.com.br\/loja\/wp-json\/wp\/v2\/media?parent=11057"}],"wp:term":[{"taxonomy":"product_brand","embeddable":true,"href":"https:\/\/www.casadainjecao.com.br\/loja\/wp-json\/wp\/v2\/product_brand?post=11057"},{"taxonomy":"product_cat","embeddable":true,"href":"https:\/\/www.casadainjecao.com.br\/loja\/wp-json\/wp\/v2\/product_cat?post=11057"},{"taxonomy":"product_tag","embeddable":true,"href":"https:\/\/www.casadainjecao.com.br\/loja\/wp-json\/wp\/v2\/product_tag?post=11057"},{"taxonomy":"berocket_brand","embeddable":true,"href":"https:\/\/www.casadainjecao.com.br\/loja\/wp-json\/wp\/v2\/berocket_brand?post=11057"}],"curies":[{"name":"wp","href":"https:\/\/api.w.org\/{rel}","templated":true}]}}