{"id":11130,"date":"2021-09-17T13:52:50","date_gmt":"2021-09-17T16:52:50","guid":{"rendered":"https:\/\/www.casadainjecao.com.br\/loja\/?post_type=product&#038;p=11130"},"modified":"2026-03-30T11:59:29","modified_gmt":"2026-03-30T14:59:29","slug":"cabo-vela-ignicao-renault-clio-7700856795","status":"publish","type":"product","link":"https:\/\/www.casadainjecao.com.br\/loja\/autopecas\/eletrica\/cabos-de-velas\/cabo-vela-ignicao-renault-clio-7700856795\/","title":{"rendered":"Cabo Vela Igni\u00e7\u00e3o Renault Clio &#8211; 7700856795"},"content":{"rendered":"<h1>Cabo Vela Igni\u00e7\u00e3o<\/h1>\n<h1>Renault Clio<\/h1>\n<h1>Codigo:- 7700856795<\/h1>\n","protected":false},"excerpt":{"rendered":"<h2>Cabo Vela Igni\u00e7\u00e3o<\/h2>\n<h2>Renault Clio<\/h2>\n<h2>Codigo:- 7700856795<\/h2>\n","protected":false},"featured_media":11132,"template":"","meta":{"_seopress_robots_primary_cat":"","_seopress_titles_title":"","_seopress_titles_desc":"","_seopress_robots_index":"","_joinchat":[]},"product_cat":[129,17],"product_tag":[849],"berocket_brand":[394],"_links":{"self":[{"href":"https:\/\/www.casadainjecao.com.br\/loja\/wp-json\/wp\/v2\/product\/11130"}],"collection":[{"href":"https:\/\/www.casadainjecao.com.br\/loja\/wp-json\/wp\/v2\/product"}],"about":[{"href":"https:\/\/www.casadainjecao.com.br\/loja\/wp-json\/wp\/v2\/types\/product"}],"wp:featuredmedia":[{"embeddable":true,"href":"https:\/\/www.casadainjecao.com.br\/loja\/wp-json\/wp\/v2\/media\/11132"}],"wp:attachment":[{"href":"https:\/\/www.casadainjecao.com.br\/loja\/wp-json\/wp\/v2\/media?parent=11130"}],"wp:term":[{"taxonomy":"product_cat","embeddable":true,"href":"https:\/\/www.casadainjecao.com.br\/loja\/wp-json\/wp\/v2\/product_cat?post=11130"},{"taxonomy":"product_tag","embeddable":true,"href":"https:\/\/www.casadainjecao.com.br\/loja\/wp-json\/wp\/v2\/product_tag?post=11130"},{"taxonomy":"berocket_brand","embeddable":true,"href":"https:\/\/www.casadainjecao.com.br\/loja\/wp-json\/wp\/v2\/berocket_brand?post=11130"}],"curies":[{"name":"wp","href":"https:\/\/api.w.org\/{rel}","templated":true}]}}