{"id":11165,"date":"2021-09-19T10:22:12","date_gmt":"2021-09-19T13:22:12","guid":{"rendered":"https:\/\/www.casadainjecao.com.br\/loja\/?post_type=product&#038;p=11165"},"modified":"2025-12-04T16:09:23","modified_gmt":"2025-12-04T19:09:23","slug":"filtro-de-oleo-cambio-automatico-renault-duster-8201219252","status":"publish","type":"product","link":"https:\/\/www.casadainjecao.com.br\/loja\/autopecas\/transmissao\/cambio\/filtro-de-oleo-cambio-automatico-renault-duster-8201219252\/","title":{"rendered":"Filtro de Ol\u00e9o do C\u00e2mbio Autom\u00e1tico Renault Duster &#8211"},"content":{"rendered":"<h2>Filtro de Ol\u00e9o C\u00e2mbio Autom\u00e1tico = Pescador de Oleo Caixa de Cambio =\u00a0Trocador de Calor<\/h2>\n<p><strong>RENAULT<\/strong><\/p>\n<p>Renault M\u00e9gane I RN, RT, RXE, Alize, Egeus, Expression 1.6 8v 1.6 16v 2.0 8v (1995 a 2016)<\/p>\n<p>Renault M\u00e9gane II Dynamique flex, Expression, Extreme, Privil\u00e9ge 1.6 16v (2001 a 2016)<\/p>\n<p>Renault M\u00e9gane I Sedan RT, RXE, Alize, Egeus, Privil\u00e9ge 1.6 8v 1.6 16v 2.0 8v 2.0 16v\u00a0 (1996 a 2017)<\/p>\n<p>Renault Captur Intense flex, Zen 1.6 2.0 16v (2001 a 2020)<\/p>\n<p>Renault Laguna RT, RXE, V6, Executive 2.0 8v 2.0 16v 3.0 12v (1993 a 2011)<\/p>\n<p>Renault Laguna II Expression, Privil\u00e9ge v6 2.0 16v 3.0 24v (2000 a 2016)<\/p>\n<p>Renault Duster Expression, Dynamique flex 1.6 16v 2.0 16v (2001 a 2018)<\/p>\n<p>Renault Sc\u00e9nic I RT, RXE, RN, Alize, Egeus, Expression, Privil\u00e9ge, Privil\u00e9ge flex, Authentique, Sportway 1.6 16v 2.0 8v 2.0 16v\u00a0 (1996 a 2017)<\/p>\n<p>Renault Grand Sc\u00e9nic Dynamique 2.0 16v (2002 a 2018)<\/p>\n<h3><strong>C\u00f3digo de Refer\u00eancia:<\/strong><\/h3>\n<p>8201219252, 7700107587, 7711116051<\/p>\n<h4><strong>Condi\u00e7\u00f5es: <\/strong><\/h4>\n<p>Novo Original \/ Marca Renault<\/p>\n<h4>Espcifica\u00e7\u00f5es:<\/h4>\n<p>Com oxida\u00e7\u00e3o<\/p>\n<h4><strong>Garantia:<\/strong><\/h4>\n<p>3 Meses<\/p>\n<h3>ATEN\u00c7\u00c3O: Antes de efetuar a compra verifique o c\u00f3digo da sua pe\u00e7a que est\u00e1 instalada no seu ve\u00edculo.<\/h3>\n<h3>APLICA\u00c7\u00c3O:<\/h3>\n<p>Linha Renault<\/p>\n<h4>O que \u00e9 e para que serve o Filtro de Ol\u00e9o do C\u00e2mbio Autom\u00e1tico?<\/h4>\n<p>O Filtro de \u00d3leo do c\u00e2mbio autom\u00e1tico \u00e9 projetado para reter part\u00edculas e impurezas presentes no fluido de transmiss\u00e3o. Isso \u00e9 essencial para garantir que o \u00f3leo que circula no sistema fique limpo e livre de contaminantes que podem causar desgaste prematuro dos componentes internos.<\/p>\n<p>&nbsp;<\/p>\n<p>A Casa da Inje\u00e7\u00e3o oferece total garantia nos produtos comprados em nosso site.<\/p>\n<ol>\n<li>Cada item \u00e9 rigorosamente testado antes do envio<\/li>\n<li>Se os itens estiverem danificados ou parcialmente defeituosos, entre em contato conosco.<\/li>\n<\/ol>\n<p>Se houver qualquer defeito, n\u00f3s lhe enviaremos uma substitui\u00e7\u00e3o ap\u00f3s receber o pacote ou devolvemos seu dinheiro.<\/p>\n<p>Leia nossa<span style=\"color: #ff0000;\">\u00a0<a style=\"color: #ff0000;\" href=\"https:\/\/www.casadainjecao.com.br\/loja\/politica-de-devolucao\">pol\u00edtica de devolu\u00e7\u00e3o aqui<\/a><\/span><\/p>\n<p>\u2014\u2014\u2014\u2014\u2014\u2014\u2014\u2014\u2014\u2014\u2014\u2014\u2014\u2014\u2014\u2014\u2014\u2014\u2014\u2013<\/p>\n<p><strong>Tem alguma d\u00favida?<\/strong><\/p>\n<p>Entre em contato que podemos ajudar!<\/p>\n<p>Confira as informa\u00e7\u00f5es adicionais abaixo:<\/p>\n<ul>\n<li>Todos os nossos produtos s\u00e3o novos, semi-novos, originais e paralelos possuem garantia.<\/li>\n<li>Todos os produtos anunciados est\u00e3o dispon\u00edveis em estoque e s\u00e3o enviados com extrema rapidez.<\/li>\n<li>O frete pode ser simulado antes de efetuar a compra, basta clicar em \u201cver custos de envio\u201d.<\/li>\n<li>Verifique o endere\u00e7o de entrega cadastrado e atualize caso necess\u00e1rio.<\/li>\n<li>Confirme se a pe\u00e7a \u00e9 correta para o seu modelo de ve\u00edculo.<\/li>\n<li>Para pe\u00e7as automotivas, recomendamos a instala\u00e7\u00e3o por um profissional especializado.<\/li>\n<\/ul>\n<p>Caso possua outras d\u00favidas, entre em contato.<\/p>\n","protected":false},"excerpt":{"rendered":"<h2>Filtro de Ol\u00e9o C\u00e2mbio Autom\u00e1tico AL4 DPO Renault Captur Duster Megane &#8211; 8201219252<\/h2>\n","protected":false},"featured_media":27550,"template":"","meta":{"_seopress_robots_primary_cat":"none","_seopress_titles_title":"","_seopress_titles_desc":"","_seopress_robots_index":"","_joinchat":[]},"product_cat":[320,1249,26,2111],"product_tag":[173,52,1788,128,150,66,1810,1844,147,1843],"berocket_brand":[382,393,394],"_links":{"self":[{"href":"https:\/\/www.casadainjecao.com.br\/loja\/wp-json\/wp\/v2\/product\/11165"}],"collection":[{"href":"https:\/\/www.casadainjecao.com.br\/loja\/wp-json\/wp\/v2\/product"}],"about":[{"href":"https:\/\/www.casadainjecao.com.br\/loja\/wp-json\/wp\/v2\/types\/product"}],"wp:featuredmedia":[{"embeddable":true,"href":"https:\/\/www.casadainjecao.com.br\/loja\/wp-json\/wp\/v2\/media\/27550"}],"wp:attachment":[{"href":"https:\/\/www.casadainjecao.com.br\/loja\/wp-json\/wp\/v2\/media?parent=11165"}],"wp:term":[{"taxonomy":"product_cat","embeddable":true,"href":"https:\/\/www.casadainjecao.com.br\/loja\/wp-json\/wp\/v2\/product_cat?post=11165"},{"taxonomy":"product_tag","embeddable":true,"href":"https:\/\/www.casadainjecao.com.br\/loja\/wp-json\/wp\/v2\/product_tag?post=11165"},{"taxonomy":"berocket_brand","embeddable":true,"href":"https:\/\/www.casadainjecao.com.br\/loja\/wp-json\/wp\/v2\/berocket_brand?post=11165"}],"curies":[{"name":"wp","href":"https:\/\/api.w.org\/{rel}","templated":true}]}}