{"id":11448,"date":"2021-09-24T07:11:35","date_gmt":"2021-09-24T10:11:35","guid":{"rendered":"https:\/\/www.casadainjecao.com.br\/loja\/?post_type=product&#038;p=11448"},"modified":"2023-05-18T15:28:33","modified_gmt":"2023-05-18T18:28:33","slug":"tubo-de-oleo-da-caixa-de-direcao-renault-trafic-6000025451","status":"publish","type":"product","link":"https:\/\/www.casadainjecao.com.br\/loja\/autopecas\/suspencao\/caixa-de-direcao\/tubo-de-oleo-da-caixa-de-direcao-renault-trafic-6000025451\/","title":{"rendered":"Tubo de Oleo da Caixa de Dire\u00e7\u00e3o Renault Trafic &#8211; 60"},"content":{"rendered":"<h1>Tubo de Oleo da Caixa de Dire\u00e7\u00e3o Renault Trafic &#8211; 6000025451<\/h1>\n","protected":false},"excerpt":{"rendered":"<h2>Tubo de Oleo da Caixa de Dire\u00e7\u00e3o<\/h2>\n<h2>Renault Trafic<\/h2>\n<h2>Codigo:- 6000025451\u00a0 c=183<\/h2>\n","protected":false},"featured_media":18386,"template":"","meta":{"_seopress_robots_primary_cat":"none","_seopress_titles_title":"","_seopress_titles_desc":"","_seopress_robots_index":"","_seopress_analysis_target_kw":"","_kad_blocks_custom_css":"","_kad_blocks_head_custom_js":"","_kad_blocks_body_custom_js":"","_kad_blocks_footer_custom_js":"","_kadence_starter_templates_imported_post":false,"_joinchat":[]},"product_brand":[],"product_cat":[1176,1104],"product_tag":[152],"berocket_brand":[394],"class_list":{"0":"post-11448","1":"product","2":"type-product","3":"status-publish","4":"has-post-thumbnail","6":"product_cat-caixa-de-direcao","7":"product_cat-suspencao","8":"product_tag-trafic","9":"berocket_brand-renault","10":"thunk-woo-product-list","11":"big-store-woo-hover-zoom","12":"open-single-product-tab-horizontal","13":"open-shadow-","14":"open-shadow-hover-","16":"first","17":"outofstock","18":"sale","19":"taxable","20":"shipping-taxable","21":"purchasable","22":"product-type-simple"},"taxonomy_info":{"product_cat":[{"value":1176,"label":"Caixa de Dire\u00e7\u00e3o"},{"value":1104,"label":"Suspen\u00e7\u00e3o"}],"product_tag":[{"value":152,"label":"Trafic"}],"berocket_brand":[{"value":394,"label":"Renault"}]},"featured_image_src_large":["https:\/\/www.casadainjecao.com.br\/loja\/wp-content\/uploads\/2021\/09\/Tubo-de-Oleo-da-Caixa-de-Direcao-Renault-Trafic-6000025451-origi.jpg",640,480,false],"author_info":[],"comment_info":"","_links":{"self":[{"href":"https:\/\/www.casadainjecao.com.br\/loja\/wp-json\/wp\/v2\/product\/11448","targetHints":{"allow":["GET"]}}],"collection":[{"href":"https:\/\/www.casadainjecao.com.br\/loja\/wp-json\/wp\/v2\/product"}],"about":[{"href":"https:\/\/www.casadainjecao.com.br\/loja\/wp-json\/wp\/v2\/types\/product"}],"wp:featuredmedia":[{"embeddable":true,"href":"https:\/\/www.casadainjecao.com.br\/loja\/wp-json\/wp\/v2\/media\/18386"}],"wp:attachment":[{"href":"https:\/\/www.casadainjecao.com.br\/loja\/wp-json\/wp\/v2\/media?parent=11448"}],"wp:term":[{"taxonomy":"product_brand","embeddable":true,"href":"https:\/\/www.casadainjecao.com.br\/loja\/wp-json\/wp\/v2\/product_brand?post=11448"},{"taxonomy":"product_cat","embeddable":true,"href":"https:\/\/www.casadainjecao.com.br\/loja\/wp-json\/wp\/v2\/product_cat?post=11448"},{"taxonomy":"product_tag","embeddable":true,"href":"https:\/\/www.casadainjecao.com.br\/loja\/wp-json\/wp\/v2\/product_tag?post=11448"},{"taxonomy":"berocket_brand","embeddable":true,"href":"https:\/\/www.casadainjecao.com.br\/loja\/wp-json\/wp\/v2\/berocket_brand?post=11448"}],"curies":[{"name":"wp","href":"https:\/\/api.w.org\/{rel}","templated":true}]}}