{"id":11625,"date":"2021-09-30T15:05:09","date_gmt":"2021-09-30T18:05:09","guid":{"rendered":"https:\/\/www.casadainjecao.com.br\/loja\/?post_type=product&#038;p=11625"},"modified":"2025-12-03T11:24:19","modified_gmt":"2025-12-03T14:24:19","slug":"batente-fechadura-porta-original-renault-fluence-825706855r","status":"publish","type":"product","link":"https:\/\/www.casadainjecao.com.br\/loja\/autopecas\/carroceria\/batente\/batente-fechadura-porta-original-renault-fluence-825706855r\/","title":{"rendered":"Batente Fechadura Porta Original Renault Fluence &#8211; 825"},"content":{"rendered":"<h2>Batente Fechadura da Porta Dianteira Esquerda<\/h2>\n<h3><strong>RENAULT\u00a0<\/strong><\/h3>\n<h3>Fluence Dynamique, Privil\u00e9ge, Expression, GT line, El\u00e9trico 1.6 16v 2.0 16v (2011 a 2018)<\/h3>\n<h3>Captur\u00a0 Intense flex, Zen 1.6 16v 2.0 16v (2001 a 2020)<\/h3>\n<h3>Zo\u00e9 El\u00e9trico (2001 a 2019)<\/h3>\n<h3>C\u00f3digo de Refer\u00eancia:<\/h3>\n<h3>825706855r, 825705229r, 825700004r<\/h3>\n<h3><strong>Condi\u00e7\u00f5es:<\/strong><\/h3>\n<h3>Novo Original \/ Marca Renault<\/h3>\n<h3><strong>Garantia:<\/strong><\/h3>\n<h3>3 Meses<strong>\u00a0<\/strong><\/h3>\n<h3>ATEN\u00c7\u00c3O: Antes de efetuar a compra verifique o c\u00f3digo da sua pe\u00e7a que est\u00e1 instalada no seu ve\u00edculo.<\/h3>\n<h3><strong>APLICA\u00c7\u00c3O:<\/strong><\/h3>\n<p>Linha Renault<\/p>\n<h4><strong>\u00a0O que \u00e9 e para que serve o Batente Fechadura da Porta?<\/strong><\/h4>\n<p>O Batente da Fechadura da Porta est\u00e1 localizado no batente da carroceria, pr\u00f3ximo \u00e0 \u00e1rea onde a lingueta da fechadura se encaixa quando a porta est\u00e1 fechada. A principal fun\u00e7\u00e3o da batente da fechadura \u00e9 fornecer uma superf\u00edcie de contato para a lingueta da fechadura e garantir um fechamento seguro da porta. O batente serve como ponto de refer\u00eancia para a lingueta da fechadura quando a porta est\u00e1 fechada. Ele determina a posi\u00e7\u00e3o exata onde a fechadura deve ser encaixada para garantir o travamento adequado da porta.<\/p>\n<p>&nbsp;<\/p>\n<p>A Casa da Inje\u00e7\u00e3o oferece total garantia nos produtos comprados em nosso site.<\/p>\n<ol>\n<li>Cada item \u00e9 rigorosamente testado antes do envio<\/li>\n<li>Se os itens estiverem danificados ou parcialmente defeituosos, entre em contato conosco.<\/li>\n<\/ol>\n<p>Se houver qualquer defeito, n\u00f3s lhe enviaremos uma substitui\u00e7\u00e3o ap\u00f3s receber o pacote ou devolvemos seu dinheiro.<\/p>\n<p>Leia nossa<span style=\"color: #ff0000;\">\u00a0<a style=\"color: #ff0000;\" href=\"https:\/\/www.casadainjecao.com.br\/loja\/politica-de-devolucao\">pol\u00edtica de devolu\u00e7\u00e3o aqui<\/a><\/span><\/p>\n<p>\u2014\u2014\u2014\u2014\u2014\u2014\u2014\u2014\u2014\u2014\u2014\u2014\u2014\u2014\u2014\u2014\u2014\u2014\u2014\u2013<\/p>\n<p><strong>Tem alguma d\u00favida?<\/strong><\/p>\n<p>Entre em contato que podemos ajudar!<\/p>\n<p>Confira as informa\u00e7\u00f5es adicionais abaixo:<\/p>\n<ul>\n<li>Todos os nossos produtos s\u00e3o novos, semi-novos, originais e paralelos possuem garantia.<\/li>\n<li>Todos os produtos anunciados est\u00e3o dispon\u00edveis em estoque e s\u00e3o enviados com extrema rapidez.<\/li>\n<li>O frete pode ser simulado antes de efetuar a compra, basta clicar em \u201cver custos de envio\u201d.<\/li>\n<li>Verifique o endere\u00e7o de entrega cadastrado e atualize caso necess\u00e1rio.<\/li>\n<li>Confirme se a pe\u00e7a \u00e9 correta para o seu modelo de ve\u00edculo.<\/li>\n<li>Para pe\u00e7as automotivas, recomendamos a instala\u00e7\u00e3o por um profissional especializado.<\/li>\n<\/ul>\n<p>Caso possua outras d\u00favidas, entre em contato.<\/p>\n","protected":false},"excerpt":{"rendered":"<h2>Batente da Fechadura da Porta Dianteira Esquerda<\/h2>\n<h2>Lado Direito e Esquerdo Original &#8211; 825706855r, 825705229r, 825700004r<\/h2>\n","protected":false},"featured_media":42908,"template":"","meta":{"_seopress_robots_primary_cat":"none","_seopress_titles_title":"","_seopress_titles_desc":"","_seopress_robots_index":"","_joinchat":[]},"product_cat":[84,83,92],"product_tag":[173,139,1911],"berocket_brand":[394],"_links":{"self":[{"href":"https:\/\/www.casadainjecao.com.br\/loja\/wp-json\/wp\/v2\/product\/11625"}],"collection":[{"href":"https:\/\/www.casadainjecao.com.br\/loja\/wp-json\/wp\/v2\/product"}],"about":[{"href":"https:\/\/www.casadainjecao.com.br\/loja\/wp-json\/wp\/v2\/types\/product"}],"wp:featuredmedia":[{"embeddable":true,"href":"https:\/\/www.casadainjecao.com.br\/loja\/wp-json\/wp\/v2\/media\/42908"}],"wp:attachment":[{"href":"https:\/\/www.casadainjecao.com.br\/loja\/wp-json\/wp\/v2\/media?parent=11625"}],"wp:term":[{"taxonomy":"product_cat","embeddable":true,"href":"https:\/\/www.casadainjecao.com.br\/loja\/wp-json\/wp\/v2\/product_cat?post=11625"},{"taxonomy":"product_tag","embeddable":true,"href":"https:\/\/www.casadainjecao.com.br\/loja\/wp-json\/wp\/v2\/product_tag?post=11625"},{"taxonomy":"berocket_brand","embeddable":true,"href":"https:\/\/www.casadainjecao.com.br\/loja\/wp-json\/wp\/v2\/berocket_brand?post=11625"}],"curies":[{"name":"wp","href":"https:\/\/api.w.org\/{rel}","templated":true}]}}