{"id":11872,"date":"2021-10-07T11:35:43","date_gmt":"2021-10-07T14:35:43","guid":{"rendered":"https:\/\/www.casadainjecao.com.br\/loja\/?post_type=product&#038;p=11872"},"modified":"2024-03-30T12:29:38","modified_gmt":"2024-03-30T15:29:38","slug":"coletor-de-admissao-fiesta-ka-1-6-2002-ate-2014-ecosport-1-6-2003-ate-2012-motor-zetec-rocam-m-335","status":"publish","type":"product","link":"https:\/\/www.casadainjecao.com.br\/loja\/autopecas\/motor\/coletores-de-admissao\/coletor-de-admissao-fiesta-ka-1-6-2002-ate-2014-ecosport-1-6-2003-ate-2012-motor-zetec-rocam-m-335\/","title":{"rendered":"Coletor de Admiss\u00e3o Ford Zetec Rocan Fiesta Ka EcoSport &#8"},"content":{"rendered":"<h2>Coletor de Admiss\u00e3o Ford Zetec Rocan Semi Novo ( Com Detalhes)<\/h2>\n<p>APLICA\u00c7\u00c3O:<\/p>\n<p>Ford Ka\u00a0 1.0 8v FLEX<br \/>\nFord Fiesta 1.0 8v FLEX<\/p>\n<p>C\u00f3digo do Produto:<\/p>\n<p>2900307649, 2N1U-9424-EB, 2N1U-9424-EC, 2N1U9424EC, 2N1U9424EB, 2N1U-9424-BD1, 2N1U9424BD1<\/p>\n<p>Condi\u00e7\u00f5es:<\/p>\n<p>Semi Novo Original \/ Marca Ford<\/p>\n<p>Especifica\u00e7\u00f5es:<\/p>\n<p>Conte\u00fado da embalagem: 1 Coletor Admiss\u00e3o Com Detalhes Semi Novo<\/p>\n<p>Garantia:<\/p>\n<p>3 Meses<\/p>\n<p>ATEN\u00c7\u00c3O: Antes de efetuar a compra verifique o c\u00f3digo da sua pe\u00e7a que est\u00e1 instalada no seu ve\u00edculo.<\/p>\n<p>O que \u00e9 e para que serve o Coletor Admiss\u00e3o?<\/p>\n<p>O Coletor de admiss\u00e3o \u00e9 um componente fundamental em sistemas de combust\u00e3o interna, especialmente em motores de autom\u00f3veis. Sua fun\u00e7\u00e3o principal \u00e9 canalizar e distribuir o ar necess\u00e1rio para a combust\u00e3o no interior dos cilindros do motor, juntamente com o combust\u00edvel. O termo \u201cadmiss\u00e3o\u201d refere-se \u00e0 entrada de ar no motor.<\/p>\n<p>A Casa da Inje\u00e7\u00e3o oferece total garantia nos produtos comprados em nosso site.<\/p>\n<ol>\n<li>Cada item \u00e9 rigorosamente testado antes do envio<\/li>\n<li>Se os itens estiverem danificados ou parcialmente defeituosos, entre em contato conosco.<\/li>\n<\/ol>\n<p>Se houver qualquer defeito, n\u00f3s lhe enviaremos uma substitui\u00e7\u00e3o ap\u00f3s receber o pacote ou devolvemos seu dinheiro.<\/p>\n<p>Leia nossa\u00a0<a href=\"https:\/\/www.casadainjecao.com.br\/loja\/politica-de-devolucao\">pol\u00edtica de devolu\u00e7\u00e3o aqui<\/a><\/p>\n<p>-\u2014\u2014\u2014\u2014\u2014\u2014\u2014\u2014\u2014\u2014\u2014\u2014\u2014\u2014\u2014\u2014\u2014\u2014\u2014\u2013<\/p>\n<p><strong>Tem alguma d\u00favida?<\/strong><\/p>\n<p>Entre em contato que podemos ajudar!<\/p>\n<p>Confira as informa\u00e7\u00f5es adicionais abaixo:<\/p>\n<ul>\n<li>Todos os nossos produtos s\u00e3o novos, originais e possuem garantia.<\/li>\n<li>Todos os produtos anunciados est\u00e3o dispon\u00edveis em estoque e s\u00e3o enviados com extrema rapidez.<\/li>\n<li>O frete pode ser simulado antes de efetuar a compra, basta clicar em \u201cver custos de envio\u201d.<\/li>\n<li>Verifique o endere\u00e7o de entrega cadastrado e atualize caso necess\u00e1rio.<\/li>\n<li>Confirme se a pe\u00e7a \u00e9 correta para o seu modelo de ve\u00edculo.<\/li>\n<li>Para pe\u00e7as automotivas, recomendamos a instala\u00e7\u00e3o por um profissional especializado.<\/li>\n<\/ul>\n<p>Caso possua outras d\u00favidas, entre em contato.<\/p>\n<p>&nbsp;<\/p>\n<h1><\/h1>\n","protected":false},"excerpt":{"rendered":"<h2>Coletor de Admiss\u00e3o Ford Zetec Rocan<\/h2>\n<p>APLICA\u00c7\u00c3O:<\/p>\n<p>Ford Ka\u00a0 1.0 8v FLEX<br \/>\nFord Fiesta 1.0 8v FLEX<\/p>\n<p>C\u00f3digo do Produto:<\/p>\n<p>2900307649, 2N1U-9424-EB, 2N1U-9424-EC, 2N1U9424EC, 2N1U9424EB, 2N1U-9424-BD1, 2N1U9424BD1<\/p>\n<p>Condi\u00e7\u00f5es:<\/p>\n<p>Semi Novo Original \/ Marca Ford<\/p>\n","protected":false},"featured_media":29495,"template":"","meta":{"_seopress_robots_primary_cat":"none","_seopress_titles_title":"","_seopress_titles_desc":"","_seopress_robots_index":"","_seopress_analysis_target_kw":"","_kad_blocks_custom_css":"","_kad_blocks_head_custom_js":"","_kad_blocks_body_custom_js":"","_kad_blocks_footer_custom_js":"","_kadence_starter_templates_imported_post":false,"_joinchat":[]},"product_brand":[],"product_cat":[212,22],"product_tag":[274,276,277],"berocket_brand":[384],"class_list":{"0":"post-11872","1":"product","2":"type-product","3":"status-publish","4":"has-post-thumbnail","6":"product_cat-coletores-de-admissao","7":"product_cat-motor","8":"product_tag-ecosport","9":"product_tag-fiesta","10":"product_tag-ford-ka","11":"berocket_brand-ford","12":"thunk-woo-product-list","13":"big-store-woo-hover-zoom","14":"open-single-product-tab-horizontal","15":"open-shadow-","16":"open-shadow-hover-","18":"first","19":"outofstock","20":"sale","21":"taxable","22":"shipping-taxable","23":"purchasable","24":"product-type-simple"},"taxonomy_info":{"product_cat":[{"value":212,"label":"Coletores de Admiss\u00e3o"},{"value":22,"label":"Motor"}],"product_tag":[{"value":274,"label":"Ecosport"},{"value":276,"label":"Fiesta"},{"value":277,"label":"Ford ka"}],"berocket_brand":[{"value":384,"label":"Ford"}]},"featured_image_src_large":["https:\/\/www.casadainjecao.com.br\/loja\/wp-content\/uploads\/2021\/10\/2900307649-2-920x920.jpg",640,640,true],"author_info":[],"comment_info":"","_links":{"self":[{"href":"https:\/\/www.casadainjecao.com.br\/loja\/wp-json\/wp\/v2\/product\/11872","targetHints":{"allow":["GET"]}}],"collection":[{"href":"https:\/\/www.casadainjecao.com.br\/loja\/wp-json\/wp\/v2\/product"}],"about":[{"href":"https:\/\/www.casadainjecao.com.br\/loja\/wp-json\/wp\/v2\/types\/product"}],"wp:featuredmedia":[{"embeddable":true,"href":"https:\/\/www.casadainjecao.com.br\/loja\/wp-json\/wp\/v2\/media\/29495"}],"wp:attachment":[{"href":"https:\/\/www.casadainjecao.com.br\/loja\/wp-json\/wp\/v2\/media?parent=11872"}],"wp:term":[{"taxonomy":"product_brand","embeddable":true,"href":"https:\/\/www.casadainjecao.com.br\/loja\/wp-json\/wp\/v2\/product_brand?post=11872"},{"taxonomy":"product_cat","embeddable":true,"href":"https:\/\/www.casadainjecao.com.br\/loja\/wp-json\/wp\/v2\/product_cat?post=11872"},{"taxonomy":"product_tag","embeddable":true,"href":"https:\/\/www.casadainjecao.com.br\/loja\/wp-json\/wp\/v2\/product_tag?post=11872"},{"taxonomy":"berocket_brand","embeddable":true,"href":"https:\/\/www.casadainjecao.com.br\/loja\/wp-json\/wp\/v2\/berocket_brand?post=11872"}],"curies":[{"name":"wp","href":"https:\/\/api.w.org\/{rel}","templated":true}]}}