{"id":11915,"date":"2021-10-08T08:10:08","date_gmt":"2021-10-08T11:10:08","guid":{"rendered":"https:\/\/www.casadainjecao.com.br\/loja\/?post_type=product&#038;p=11915"},"modified":"2023-10-06T13:34:13","modified_gmt":"2023-10-06T16:34:13","slug":"reservatorio-agua-partida-frio-duster-sandero-289101259r","status":"publish","type":"product","link":"https:\/\/www.casadainjecao.com.br\/loja\/autopecas\/freios\/reservatorio\/reservatorio-agua-partida-frio-duster-sandero-289101259r\/","title":{"rendered":"Reservatorio \u00c1gua Partida Frio Duster Sandero &#8211; 28910"},"content":{"rendered":"<h1>Reservatorio de \u00c1gua Partida Frio Duster Sandero &#8211; 289101259r<\/h1>\n<p>Serve para Renault modelos: Duster<\/p>\n<p>O Reservat\u00f3rio de \u00c1gua de Partida do Frio est\u00e1 Vinculado ao sistema de <a href=\"https:\/\/www.casadainjecao.com.br\/loja\/?s=reservatorio&amp;product_cat=0&amp;post_type=product\">limpeza.<\/a><\/p>\n<h2>APLICA\u00c7\u00c3O:<\/h2>\n<p>O Reservat\u00f3rio de \u00c1gua de Partida do Frio \u00e9 compat\u00edvel com os seguintes modelos:<\/p>\n<ul>\n<li><strong>RENAULT<\/strong><\/li>\n<li>Duster Expression, Dyanmique (flex) 1.6 16v 2.0 16v &#8211; 2001 a 2018<\/li>\n<\/ul>\n<p>&nbsp;<\/p>\n<p><strong>Capacidade Suportada: 3 litros<\/strong><\/p>\n<h4><\/h4>\n<h4>C\u00f3digo de refer\u00eancia:<\/h4>\n<p>289101259r<\/p>\n<h4>Condi\u00e7\u00f5es:<\/h4>\n<p>Novo Original\/ Marca Renault<\/p>\n<h4>Garantia:<\/h4>\n<p>3 Meses<\/p>\n<p>A Casa da Inje\u00e7\u00e3o oferece total garantia nos produtos comprados em nosso site.<\/p>\n<ol>\n<li>Cada item \u00e9 rigorosamente testado antes do envio<\/li>\n<li>Se os itens estiverem danificados ou parcialmente defeituosos, entre em contato conosco.<\/li>\n<\/ol>\n<p>Se houver qualquer defeito, n\u00f3s lhe enviaremos uma substitui\u00e7\u00e3o ap\u00f3s receber o pacote ou devolvemos seu dinheiro.<\/p>\n<p>Leia nossa <a href=\"https:\/\/www.casadainjecao.com.br\/loja\/politica-de-devolucao\">pol\u00edtica de devolu\u00e7\u00e3o aqui<\/a><\/p>\n<p>&#8212;&#8212;&#8212;&#8212;&#8212;&#8212;&#8212;&#8212;&#8212;&#8212;&#8212;&#8212;&#8212;&#8212;&#8212;&#8212;&#8212;&#8212;&#8212;&#8211;<\/p>\n<p><strong>ATEN\u00c7\u00c3O<\/strong>: Antes de efetuar a compra verifique o c\u00f3digo do Reservat\u00f3rio de \u00c1gua de Partida do Frio que est\u00e1 instalado no seu ve\u00edculo.<\/p>\n<p>O Reservat\u00f3rio de \u00c1gua de Partida do Frio \u00e9 compat\u00edvel com as marcas Renault: Duster<\/p>\n<p>&#8212;&#8212;&#8212;&#8212;&#8212;&#8212;&#8212;&#8212;&#8212;&#8212;&#8212;&#8212;&#8212;&#8212;&#8212;&#8212;&#8212;&#8212;&#8212;&#8212;-<\/p>\n<h4>Tem alguma d\u00favida?<\/h4>\n<p>Entre em contato que podemos ajudar!<\/p>\n<p>Confira as informa\u00e7\u00f5es adicionais abaixo:<\/p>\n<ul>\n<li>Todos os nossos produtos s\u00e3o novos, semi-novos, originais, paralelos e possuem garantia.<\/li>\n<li>Todos os produtos anunciados est\u00e3o dispon\u00edveis em estoque e s\u00e3o enviados com extrema rapidez.<\/li>\n<li>O frete pode ser simulado antes de efetuar a compra, basta clicar em \u201cver custos de envio\u201d.<\/li>\n<li>Verifique o endere\u00e7o de entrega cadastrado e atualize caso necess\u00e1rio.<\/li>\n<li>Confirme se a pe\u00e7a \u00e9 correta para o seu modelo de ve\u00edculo.<\/li>\n<li>Para pe\u00e7as automotivas, recomendamos a instala\u00e7\u00e3o por um profissional especializado.<\/li>\n<\/ul>\n<p>Caso possua outras d\u00favidas, entre em contato.<\/p>\n<p>&nbsp;<\/p>\n","protected":false},"excerpt":{"rendered":"<h2>Reservatorio de \u00c1gua Limpador Parabrisa e Partida Frio Renault Duster Sandero &#8211;\u00a0289101259R<\/h2>\n<p>&nbsp;<\/p>\n","protected":false},"featured_media":26692,"template":"","meta":{"_seopress_robots_primary_cat":"none","_seopress_titles_title":"","_seopress_titles_desc":"","_seopress_robots_index":"","_joinchat":[]},"product_cat":[20,1215],"product_tag":[1186,91],"berocket_brand":[394],"_links":{"self":[{"href":"https:\/\/www.casadainjecao.com.br\/loja\/wp-json\/wp\/v2\/product\/11915"}],"collection":[{"href":"https:\/\/www.casadainjecao.com.br\/loja\/wp-json\/wp\/v2\/product"}],"about":[{"href":"https:\/\/www.casadainjecao.com.br\/loja\/wp-json\/wp\/v2\/types\/product"}],"wp:featuredmedia":[{"embeddable":true,"href":"https:\/\/www.casadainjecao.com.br\/loja\/wp-json\/wp\/v2\/media\/26692"}],"wp:attachment":[{"href":"https:\/\/www.casadainjecao.com.br\/loja\/wp-json\/wp\/v2\/media?parent=11915"}],"wp:term":[{"taxonomy":"product_cat","embeddable":true,"href":"https:\/\/www.casadainjecao.com.br\/loja\/wp-json\/wp\/v2\/product_cat?post=11915"},{"taxonomy":"product_tag","embeddable":true,"href":"https:\/\/www.casadainjecao.com.br\/loja\/wp-json\/wp\/v2\/product_tag?post=11915"},{"taxonomy":"berocket_brand","embeddable":true,"href":"https:\/\/www.casadainjecao.com.br\/loja\/wp-json\/wp\/v2\/berocket_brand?post=11915"}],"curies":[{"name":"wp","href":"https:\/\/api.w.org\/{rel}","templated":true}]}}