{"id":11946,"date":"2021-10-08T16:06:52","date_gmt":"2021-10-08T19:06:52","guid":{"rendered":"https:\/\/www.casadainjecao.com.br\/loja\/?post_type=product&#038;p=11946"},"modified":"2025-12-04T15:28:11","modified_gmt":"2025-12-04T18:28:11","slug":"guarnicao-de-borracha-renault-laguna-7700842735","status":"publish","type":"product","link":"https:\/\/www.casadainjecao.com.br\/loja\/autopecas\/carroceria\/borracha\/guarnicao-de-borracha-renault-laguna-7700842735\/","title":{"rendered":"Guarni\u00e7\u00e3o de Borracha Dianteiro Esquerdo Renault Laguna &#"},"content":{"rendered":"<h1>Guarni\u00e7\u00e3o de Borracha Dianteiro Esquerdo<\/h1>\n<h1>Renault Laguna &#8211; 7700842735<\/h1>\n","protected":false},"excerpt":{"rendered":"<h2>Guarni\u00e7\u00e3o de Borracha do Vidro Dianteiro Esquerdo<\/h2>\n<h2>Renault Laguna<\/h2>\n<h2>Codigo: &#8211; 7700842735\u00a0 \u00a0c=174<\/h2>\n","protected":false},"featured_media":14582,"template":"","meta":{"_seopress_robots_primary_cat":"none","_seopress_titles_title":"","_seopress_titles_desc":"","_seopress_robots_index":"","_joinchat":[]},"product_cat":[1258,83],"product_tag":[400],"berocket_brand":[394],"_links":{"self":[{"href":"https:\/\/www.casadainjecao.com.br\/loja\/wp-json\/wp\/v2\/product\/11946"}],"collection":[{"href":"https:\/\/www.casadainjecao.com.br\/loja\/wp-json\/wp\/v2\/product"}],"about":[{"href":"https:\/\/www.casadainjecao.com.br\/loja\/wp-json\/wp\/v2\/types\/product"}],"wp:featuredmedia":[{"embeddable":true,"href":"https:\/\/www.casadainjecao.com.br\/loja\/wp-json\/wp\/v2\/media\/14582"}],"wp:attachment":[{"href":"https:\/\/www.casadainjecao.com.br\/loja\/wp-json\/wp\/v2\/media?parent=11946"}],"wp:term":[{"taxonomy":"product_cat","embeddable":true,"href":"https:\/\/www.casadainjecao.com.br\/loja\/wp-json\/wp\/v2\/product_cat?post=11946"},{"taxonomy":"product_tag","embeddable":true,"href":"https:\/\/www.casadainjecao.com.br\/loja\/wp-json\/wp\/v2\/product_tag?post=11946"},{"taxonomy":"berocket_brand","embeddable":true,"href":"https:\/\/www.casadainjecao.com.br\/loja\/wp-json\/wp\/v2\/berocket_brand?post=11946"}],"curies":[{"name":"wp","href":"https:\/\/api.w.org\/{rel}","templated":true}]}}