{"id":12005,"date":"2021-10-11T14:21:56","date_gmt":"2021-10-11T17:21:56","guid":{"rendered":"https:\/\/www.casadainjecao.com.br\/loja\/?post_type=product&#038;p=12005"},"modified":"2023-10-26T14:59:52","modified_gmt":"2023-10-26T17:59:52","slug":"calota-centro-de-roda-renault-megane-8200412203","status":"publish","type":"product","link":"https:\/\/www.casadainjecao.com.br\/loja\/autopecas\/suspencao\/rodas-pivo\/calota-centro-de-roda-renault-megane-8200412203\/","title":{"rendered":"Calota Centro da Roda Renault Megane &#8211; 8200412203"},"content":{"rendered":"<h2>Calota do Centro da Roda<\/h2>\n<p><strong>RENAULT<\/strong><\/p>\n<p>Renault M\u00e9gane II Dynamique flex, Privil\u00e9ge, Extreme, Expression 1.6 16v (2001 a 2016)<\/p>\n<p>Renault Grand Sc\u00e9nic Dynamique 2.0 16v (2002 a 2018)<\/p>\n<h4>C\u00f3digo de refer\u00eancia:<\/h4>\n<p>8200412203<\/p>\n<h4>Condi\u00e7\u00f5es:<\/h4>\n<p>Novo Original\/ Marca Renault<\/p>\n<h4>Garantia:<\/h4>\n<p>3 Meses<\/p>\n<h3><strong>APLICA\u00c7\u00c3O:<\/strong><\/h3>\n<h4><strong>O que \u00e9 e para que serve a Calota do Centro de Roda?<\/strong><\/h4>\n<p>A Calota Central da Roda \u00e9 um componente est\u00e9tico e tamb\u00e9m tem v\u00e1rias fun\u00e7\u00f5es pr\u00e1ticas como: contribuir para a prote\u00e7\u00e3o, identifica\u00e7\u00e3o e manuten\u00e7\u00e3o das rodas do ve\u00edculo.<\/p>\n<p>A Casa da Inje\u00e7\u00e3o oferece total garantia nos produtos comprados em nosso site.<\/p>\n<ol>\n<li>Cada item \u00e9 rigorosamente testado antes do envio<\/li>\n<li>Se os itens estiverem danificados ou parcialmente defeituosos, entre em contato conosco.<\/li>\n<\/ol>\n<p>Se houver qualquer defeito, n\u00f3s lhe enviaremos uma substitui\u00e7\u00e3o ap\u00f3s receber o pacote ou devolvemos seu dinheiro.<\/p>\n<p>Leia nossa <a href=\"https:\/\/www.casadainjecao.com.br\/loja\/politica-de-devolucao\"><span style=\"color: #ff0000;\">pol\u00edtica de devolu\u00e7\u00e3o aqui<\/span><\/a><\/p>\n<p>&#8212;&#8212;&#8212;&#8212;&#8212;&#8212;&#8212;&#8212;&#8212;&#8212;&#8212;&#8212;&#8212;&#8212;&#8212;&#8212;&#8212;&#8212;&#8212;&#8211;<\/p>\n<p><strong>ATEN\u00c7\u00c3O<\/strong>: Antes de efetuar a compra verifique o c\u00f3digo da Calota do Centro da Roda que est\u00e1 instalado no seu ve\u00edculo.<\/p>\n<p>A Calota do Centro da Roda \u00e9 compat\u00edvel com as marcas Renault: M\u00e9gane, Grand Sc\u00e9nic<\/p>\n<p>&#8212;&#8212;&#8212;&#8212;&#8212;&#8212;&#8212;&#8212;&#8212;&#8212;&#8212;&#8212;&#8212;&#8212;&#8212;&#8212;&#8212;&#8212;&#8212;&#8212;-<\/p>\n<h4>Tem alguma d\u00favida?<\/h4>\n<p>Entre em contato que podemos ajudar!<\/p>\n<p>Confira as informa\u00e7\u00f5es adicionais abaixo:<\/p>\n<ul>\n<li>Todos os nossos produtos s\u00e3o novos, semi-novos, originais, paralelos e possuem garantia.<\/li>\n<li>Todos os produtos anunciados est\u00e3o dispon\u00edveis em estoque e s\u00e3o enviados com extrema rapidez.<\/li>\n<li>O frete pode ser simulado antes de efetuar a compra, basta clicar em \u201cver custos de envio\u201d.<\/li>\n<li>Verifique o endere\u00e7o de entrega cadastrado e atualize caso necess\u00e1rio.<\/li>\n<li>Confirme se a pe\u00e7a \u00e9 correta para o seu modelo de ve\u00edculo.<\/li>\n<li>Para pe\u00e7as automotivas, recomendamos a instala\u00e7\u00e3o por um profissional especializado.<\/li>\n<\/ul>\n<p>Caso possua outras d\u00favidas, entre em contato.<\/p>\n<p>&nbsp;<\/p>\n<p>&nbsp;<\/p>\n<p>&nbsp;<\/p>\n","protected":false},"excerpt":{"rendered":"<h2>Calota Centro de Roda Renault Megane Scenic &#8211; 8200412203<\/h2>\n","protected":false},"featured_media":26938,"template":"","meta":{"_seopress_robots_primary_cat":"none","_seopress_titles_title":"","_seopress_titles_desc":"","_seopress_robots_index":"","_joinchat":[]},"product_cat":[304,23,1114,1104],"product_tag":[50],"berocket_brand":[394],"_links":{"self":[{"href":"https:\/\/www.casadainjecao.com.br\/loja\/wp-json\/wp\/v2\/product\/12005"}],"collection":[{"href":"https:\/\/www.casadainjecao.com.br\/loja\/wp-json\/wp\/v2\/product"}],"about":[{"href":"https:\/\/www.casadainjecao.com.br\/loja\/wp-json\/wp\/v2\/types\/product"}],"wp:featuredmedia":[{"embeddable":true,"href":"https:\/\/www.casadainjecao.com.br\/loja\/wp-json\/wp\/v2\/media\/26938"}],"wp:attachment":[{"href":"https:\/\/www.casadainjecao.com.br\/loja\/wp-json\/wp\/v2\/media?parent=12005"}],"wp:term":[{"taxonomy":"product_cat","embeddable":true,"href":"https:\/\/www.casadainjecao.com.br\/loja\/wp-json\/wp\/v2\/product_cat?post=12005"},{"taxonomy":"product_tag","embeddable":true,"href":"https:\/\/www.casadainjecao.com.br\/loja\/wp-json\/wp\/v2\/product_tag?post=12005"},{"taxonomy":"berocket_brand","embeddable":true,"href":"https:\/\/www.casadainjecao.com.br\/loja\/wp-json\/wp\/v2\/berocket_brand?post=12005"}],"curies":[{"name":"wp","href":"https:\/\/api.w.org\/{rel}","templated":true}]}}