{"id":12067,"date":"2021-10-13T13:01:11","date_gmt":"2021-10-13T16:01:11","guid":{"rendered":"https:\/\/www.casadainjecao.com.br\/loja\/?post_type=product&#038;p=12067"},"modified":"2025-02-10T09:35:05","modified_gmt":"2025-02-10T12:35:05","slug":"borracha-vedacao-porta-traseira-direita-renault-duster-1519-823886708r","status":"publish","type":"product","link":"https:\/\/www.casadainjecao.com.br\/loja\/autopecas\/carroceria\/borracha\/borracha-vedacao-porta-traseira-direita-renault-duster-1519-823886708r\/","title":{"rendered":"Borracha Veda\u00e7\u00e3o Porta Traseira Direita Renault Duster &#8"},"content":{"rendered":"<h1>Borracha Veda\u00e7\u00e3o Porta Traseira Direita Renault Duster &#8211;\u00a0 823886708r<\/h1>\n","protected":false},"excerpt":{"rendered":"<h2>Borracha Veda\u00e7\u00e3o da Porta Traseira Direita Original<\/h2>\n<h2>Renault Duster &#8211; 2015 a 2019<\/h2>\n<h2>C\u00f3digo: &#8211; 823886708r<\/h2>\n<h2>c=79<\/h2>\n","protected":false},"featured_media":12070,"template":"","meta":{"_seopress_robots_primary_cat":"none","_seopress_titles_title":"","_seopress_titles_desc":"","_seopress_robots_index":"","_seopress_analysis_target_kw":"","_kad_blocks_custom_css":"","_kad_blocks_head_custom_js":"","_kad_blocks_body_custom_js":"","_kad_blocks_footer_custom_js":"","_kadence_starter_templates_imported_post":false,"_joinchat":[]},"product_brand":[],"product_cat":[1258,83,97],"product_tag":[1186],"berocket_brand":[394],"class_list":{"0":"post-12067","1":"product","2":"type-product","3":"status-publish","4":"has-post-thumbnail","6":"product_cat-borracha","7":"product_cat-carroceria","8":"product_cat-portas","9":"product_tag-renault-duster","10":"berocket_brand-renault","11":"thunk-woo-product-list","12":"big-store-woo-hover-zoom","13":"open-single-product-tab-horizontal","14":"open-shadow-","15":"open-shadow-hover-","17":"first","18":"outofstock","19":"sale","20":"taxable","21":"shipping-taxable","22":"purchasable","23":"product-type-simple"},"taxonomy_info":{"product_cat":[{"value":1258,"label":"Borracha"},{"value":83,"label":"Carroceria"},{"value":97,"label":"Portas"}],"product_tag":[{"value":1186,"label":"Renault Duster"}],"berocket_brand":[{"value":394,"label":"Renault"}]},"featured_image_src_large":["https:\/\/www.casadainjecao.com.br\/loja\/wp-content\/uploads\/2021\/10\/Borracha-Vedacao-Porta-Traseira-Direita-Duster-823886708r-a.jpg",640,538,false],"author_info":[],"comment_info":"","_links":{"self":[{"href":"https:\/\/www.casadainjecao.com.br\/loja\/wp-json\/wp\/v2\/product\/12067","targetHints":{"allow":["GET"]}}],"collection":[{"href":"https:\/\/www.casadainjecao.com.br\/loja\/wp-json\/wp\/v2\/product"}],"about":[{"href":"https:\/\/www.casadainjecao.com.br\/loja\/wp-json\/wp\/v2\/types\/product"}],"wp:featuredmedia":[{"embeddable":true,"href":"https:\/\/www.casadainjecao.com.br\/loja\/wp-json\/wp\/v2\/media\/12070"}],"wp:attachment":[{"href":"https:\/\/www.casadainjecao.com.br\/loja\/wp-json\/wp\/v2\/media?parent=12067"}],"wp:term":[{"taxonomy":"product_brand","embeddable":true,"href":"https:\/\/www.casadainjecao.com.br\/loja\/wp-json\/wp\/v2\/product_brand?post=12067"},{"taxonomy":"product_cat","embeddable":true,"href":"https:\/\/www.casadainjecao.com.br\/loja\/wp-json\/wp\/v2\/product_cat?post=12067"},{"taxonomy":"product_tag","embeddable":true,"href":"https:\/\/www.casadainjecao.com.br\/loja\/wp-json\/wp\/v2\/product_tag?post=12067"},{"taxonomy":"berocket_brand","embeddable":true,"href":"https:\/\/www.casadainjecao.com.br\/loja\/wp-json\/wp\/v2\/berocket_brand?post=12067"}],"curies":[{"name":"wp","href":"https:\/\/api.w.org\/{rel}","templated":true}]}}