{"id":12127,"date":"2021-10-16T11:43:44","date_gmt":"2021-10-16T14:43:44","guid":{"rendered":"https:\/\/www.casadainjecao.com.br\/loja\/?post_type=product&#038;p=12127"},"modified":"2026-04-30T14:43:11","modified_gmt":"2026-04-30T17:43:11","slug":"correia-alternador-freemont-2-4-2012-mitsubishi-asx-2010-6pk2565","status":"publish","type":"product","link":"https:\/\/www.casadainjecao.com.br\/loja\/autopecas\/motor\/correias\/correia-alternador-freemont-2-4-2012-mitsubishi-asx-2010-6pk2565\/","title":{"rendered":"Correia Alternador Mitsubishi Asx 2010 &#8211; 6PK2565"},"content":{"rendered":"<h1 class=\"ui-pdp-title\">Correia Alternador Dayco<\/h1>\n<p style=\"font-weight: 400;\"><strong>MITSUBISHI<\/strong><\/p>\n<p style=\"font-weight: 400;\"><strong>ASX CVT 4X4 2.0 16cV 16V 2010 EM DIANTE<\/strong><\/p>\n<p style=\"font-weight: 400;\"><strong>ASX MEC\u00c2NICA 2.0 160CV 16V 2010 EM DIANTE<\/strong><\/p>\n<p style=\"font-weight: 400;\"><strong>ASX 4X4 AUTOM\u00c1TICO 2.0 160CV 16v 2010 EM DIANTE<\/strong><\/p>\n<h3 class=\"ui-pdp-title\">C\u00f3digo de Refer\u00eancia:<\/h3>\n<h3 class=\"ui-pdp-title\">6PK2565<\/h3>\n<h5>Condi\u00e7\u00f5es:<\/h5>\n<h5>Produto Novo Original \/ Marca Dayco<\/h5>\n<div class=\"ui-pdp-collapsable__container\">\n<div class=\"ui-pdp-description\">\n<h4><strong>Garantia<\/strong><strong>:<\/strong><\/h4>\n<p>3 Meses<\/p>\n<h3>ATEN\u00c7\u00c3O: Antes de efetuar a compra verifique o c\u00f3digo da sua pe\u00e7a que est\u00e1 instalado no seu ve\u00edculo.<\/h3>\n<h4><strong>O que \u00e9 e para que serve a Correia Alternador?<\/strong><\/h4>\n<\/div>\n<\/div>\n<div class=\"ui-pdp-collapsable ui-pdp-description-collapse\">\n<h5>A Correia do alternador, tamb\u00e9m conhecida como correia de acess\u00f3rios ou correia em V, \u00e9 um componente importante do sistema de acionamento dos acess\u00f3rios em um ve\u00edculo. Ela serve para transmitir a energia do motor para o alternador, permitindo que ele gere energia el\u00e9trica para carregar a bateria do ve\u00edculo e fornecer energia aos sistemas el\u00e9tricos.<\/h5>\n<div class=\"ui-pdp-collapsable__container\">\n<div class=\"ui-pdp-description\">\n<h5><\/h5>\n<h5>A Casa da Inje\u00e7\u00e3o oferece total garantia nos produtos comprados em nosso site.<\/h5>\n<ol>\n<li>\n<h5>Cada item \u00e9 rigorosamente testado antes do envio<\/h5>\n<\/li>\n<li>\n<h5>Se os itens estiverem danificados ou parcialmente defeituosos, entre em contato conosco.<\/h5>\n<\/li>\n<\/ol>\n<h5>Se houver qualquer defeito, n\u00f3s lhe enviaremos uma substitui\u00e7\u00e3o ap\u00f3s receber o pacote ou devolvemos seu dinheiro.<\/h5>\n<h5>Leia nossa\u00a0<span style=\"color: #ff0000;\"><a style=\"color: #ff0000;\" href=\"https:\/\/www.casadainjecao.com.br\/loja\/politica-de-devolucao\">pol\u00edtica de devolu\u00e7\u00e3o aqui<\/a><\/span><\/h5>\n<h5>\u2014\u2014\u2014\u2014\u2014\u2014\u2014\u2014\u2014\u2014\u2014\u2014\u2014\u2014\u2014\u2014\u2014\u2014\u2014\u2013<\/h5>\n<h5><strong>Tem alguma d\u00favida?<\/strong><\/h5>\n<h5>Entre em contato que podemos ajudar!<\/h5>\n<h5>Confira as informa\u00e7\u00f5es adicionais abaixo:<\/h5>\n<ul>\n<li>\n<h5>Todos os nossos produtos s\u00e3o novos, semi-novos, originais e paralelos possuem garantia.<\/h5>\n<\/li>\n<li>\n<h5>Todos os produtos anunciados est\u00e3o dispon\u00edveis em estoque e s\u00e3o enviados com extrema rapidez.<\/h5>\n<\/li>\n<li>\n<h5>O frete pode ser simulado antes de efetuar a compra, basta clicar em \u201cver custos de envio\u201d.<\/h5>\n<\/li>\n<li>\n<h5>Verifique o endere\u00e7o de entrega cadastrado e atualize caso necess\u00e1rio.<\/h5>\n<\/li>\n<li>\n<h5>Confirme se a pe\u00e7a \u00e9 correta para o seu modelo de ve\u00edculo.<\/h5>\n<\/li>\n<li>\n<h5>Para pe\u00e7as automotivas, recomendamos a instala\u00e7\u00e3o por um profissional especializado.<\/h5>\n<\/li>\n<\/ul>\n<h5>Caso possua outras d\u00favidas, entre em contato.<\/h5>\n<\/div>\n<\/div>\n<\/div>\n","protected":false},"excerpt":{"rendered":"<h2 class=\"ui-pdp-title\">Correia Alternador Mitsubishi Asx 2010 6PK2565<\/h2>\n<h2 class=\"ui-pdp-title\"><\/h2>\n","protected":false},"featured_media":30624,"template":"","meta":{"_seopress_robots_primary_cat":"none","_seopress_titles_title":"","_seopress_titles_desc":"","_seopress_robots_index":"","_seopress_analysis_target_kw":"","_kad_blocks_custom_css":"","_kad_blocks_head_custom_js":"","_kad_blocks_body_custom_js":"","_kad_blocks_footer_custom_js":"","_kadence_starter_templates_imported_post":false,"_joinchat":[]},"product_brand":[],"product_cat":[213,22],"product_tag":[2076],"berocket_brand":[391],"class_list":{"0":"post-12127","1":"product","2":"type-product","3":"status-publish","4":"has-post-thumbnail","6":"product_cat-correias","7":"product_cat-motor","8":"product_tag-mitsubishi-asx","9":"berocket_brand-mitsubishi","10":"thunk-woo-product-list","11":"big-store-woo-hover-zoom","12":"open-single-product-tab-horizontal","13":"open-shadow-","14":"open-shadow-hover-","16":"first","17":"instock","18":"sale","19":"taxable","20":"shipping-taxable","21":"purchasable","22":"product-type-simple"},"taxonomy_info":{"product_cat":[{"value":213,"label":"Correias"},{"value":22,"label":"Motor"}],"product_tag":[{"value":2076,"label":"Mitsubishi ASX"}],"berocket_brand":[{"value":391,"label":"Mitsubishi"}]},"featured_image_src_large":["https:\/\/www.casadainjecao.com.br\/loja\/wp-content\/uploads\/2021\/10\/6pk2565-3-920x920.jpg",640,640,true],"author_info":[],"comment_info":"","_links":{"self":[{"href":"https:\/\/www.casadainjecao.com.br\/loja\/wp-json\/wp\/v2\/product\/12127","targetHints":{"allow":["GET"]}}],"collection":[{"href":"https:\/\/www.casadainjecao.com.br\/loja\/wp-json\/wp\/v2\/product"}],"about":[{"href":"https:\/\/www.casadainjecao.com.br\/loja\/wp-json\/wp\/v2\/types\/product"}],"wp:featuredmedia":[{"embeddable":true,"href":"https:\/\/www.casadainjecao.com.br\/loja\/wp-json\/wp\/v2\/media\/30624"}],"wp:attachment":[{"href":"https:\/\/www.casadainjecao.com.br\/loja\/wp-json\/wp\/v2\/media?parent=12127"}],"wp:term":[{"taxonomy":"product_brand","embeddable":true,"href":"https:\/\/www.casadainjecao.com.br\/loja\/wp-json\/wp\/v2\/product_brand?post=12127"},{"taxonomy":"product_cat","embeddable":true,"href":"https:\/\/www.casadainjecao.com.br\/loja\/wp-json\/wp\/v2\/product_cat?post=12127"},{"taxonomy":"product_tag","embeddable":true,"href":"https:\/\/www.casadainjecao.com.br\/loja\/wp-json\/wp\/v2\/product_tag?post=12127"},{"taxonomy":"berocket_brand","embeddable":true,"href":"https:\/\/www.casadainjecao.com.br\/loja\/wp-json\/wp\/v2\/berocket_brand?post=12127"}],"curies":[{"name":"wp","href":"https:\/\/api.w.org\/{rel}","templated":true}]}}