{"id":1216,"date":"2020-08-05T23:13:00","date_gmt":"2020-08-06T02:13:00","guid":{"rendered":"http:\/\/casadainjecao.com.br\/loja\/?post_type=product&#038;p=1216"},"modified":"2026-03-21T08:31:32","modified_gmt":"2026-03-21T11:31:32","slug":"eixo-de-transmissao-secundario-cambio-renault-megane-8200654094","status":"publish","type":"product","link":"https:\/\/www.casadainjecao.com.br\/loja\/autopecas\/transmissao\/eixo\/eixo-de-transmissao-secundario-cambio-renault-megane-8200654094\/","title":{"rendered":"Eixo de Transmiss\u00e3o Secundario Cambio Renault Megane &#8211"},"content":{"rendered":"<h2>Eixo de Transmiss\u00e3o Secundario do Cambio JC5 58\/15 Dentes<\/h2>\n<h3>Renault<\/h3>\n<h3>Sandero 208 a 2023<\/h3>\n<h3>Kangoo II<\/h3>\n<h3>Twingo II<\/h3>\n<h3>Clio II<\/h3>\n<h3>Megane I Sedan 1.6 16v 2.0 8v 16v 1996 a 2017<\/h3>\n<h3>Laguna 2.0 8v 16v 3.0 12v 1993 a 2011<\/h3>\n<h3>Laguna 2.0 16v 3.0 24v 2000 a 2016<\/h3>\n<h3>Duster 1.6 16v 2.0 16v 2001 a 2018<\/h3>\n<h3>Sc\u00e9nic 1.6 16v 2.0 8v 16v 1996 a 2017<\/h3>\n<h3>Laguna Nevada 2.0 16v 1993 a 2011<\/h3>\n<h3>Fluence 1.6 16v 2.0 16v 2001 a 2018<\/h3>\n<h3>M\u00e9gane 1.6 8v 16v 2. 8v 1995 a 2016<\/h3>\n<h3>C\u00f3digo de Refer\u00eancia:<\/h3>\n<h3>770011235,6001548614,8200654094, 8200327532, 7700112219, 7700857650<\/h3>\n<h5>Condi\u00e7\u00f5es:<\/h5>\n<h5>Produto Novo Original \/ Marca Renault<\/h5>\n<h5>Especifica\u00e7\u00f5es:<\/h5>\n<h5>comprimento total da pe\u00e7a 25,5cm ponta 1,04cm<\/h5>\n<h5>Garantia:<\/h5>\n<h5>3 Meses<\/h5>\n<h5><span style=\"font-size: 13.5pt;\">ATEN\u00c7\u00c3O: Antes de efetuar a compra verifique o c\u00f3digo da sua pe\u00e7a que est\u00e1 instalada no seu ve\u00edculo.<\/span><\/h5>\n<h5>A Casa da Inje\u00e7\u00e3o oferece total garantia nos produtos comprados em nosso site.<\/h5>\n<h5>Cada item \u00e9 rigorosamente testado antes do envio<\/h5>\n<h5>Se os itens estiverem danificados ou parcialmente defeituosos, entre em contato conosco.<\/h5>\n<h5>Procure um profissional devidamente licenciado para a instala\u00e7\u00e3o e fa\u00e7a revis\u00f5es periodicamente. A empresa n\u00e3o se responsabiliza por problemas oriundos da m\u00e1 instala\u00e7\u00e3o ou com a falta de cuidados peri\u00f3dicos dos componentes.<\/h5>\n<h5>Se houver qualquer defeito, n\u00f3s lhe enviaremos uma substitui\u00e7\u00e3o ap\u00f3s receber o pacote ou devolvemos seu dinheiro.<\/h5>\n<h5>Leia nossa\u00a0<a href=\"https:\/\/www.casadainjecao.com.br\/loja\/politica-de-devolucao\"><span style=\"color: blue;\">pol\u00edtica de devolu\u00e7\u00e3o aqui<\/span><\/a><\/h5>\n<h5>\u2014\u2014\u2014\u2014\u2014\u2014\u2014\u2014\u2014\u2014\u2014\u2014\u2014\u2014\u2014\u2014\u2014\u2014\u2014\u2013<\/h5>\n<h5>Tem alguma d\u00favida?<\/h5>\n<h5>Entre em contato que podemos ajudar!<\/h5>\n<h5>Confira as informa\u00e7\u00f5es adicionais abaixo:<\/h5>\n<h5>Todos os nossos produtos s\u00e3o novos, semi-novos, originais e paralelos possuem garantia.<\/h5>\n<h5>Todos os produtos anunciados est\u00e3o dispon\u00edveis em estoque e s\u00e3o enviados com extrema rapidez.<\/h5>\n<h5>O frete pode ser simulado antes de efetuar a compra, basta clicar em \u201cver custos de envio\u201d.<\/h5>\n<h5>Verifique o endere\u00e7o de entrega cadastrado e atualize caso necess\u00e1rio.<\/h5>\n<h5>Confirme se a pe\u00e7a \u00e9 correta para o seu modelo de ve\u00edculo.<\/h5>\n<h5>Para pe\u00e7as automotivas, recomendamos a instala\u00e7\u00e3o por um profissional especializado.<\/h5>\n<h5>Caso possua outras d\u00favidas, entre em contato.<\/h5>\n","protected":false},"excerpt":{"rendered":"<h2>Eixo de Transmiss\u00e3o Secundario do Cambio JC5 58\/15 Dentes Renault Megane 8200654094<\/h2>\n","protected":false},"featured_media":22259,"template":"","meta":{"_seopress_robots_primary_cat":"none","_seopress_titles_title":"","_seopress_titles_desc":"","_seopress_robots_index":"","_joinchat":[]},"product_cat":[324,26],"product_tag":[57,50],"berocket_brand":[394],"_links":{"self":[{"href":"https:\/\/www.casadainjecao.com.br\/loja\/wp-json\/wp\/v2\/product\/1216"}],"collection":[{"href":"https:\/\/www.casadainjecao.com.br\/loja\/wp-json\/wp\/v2\/product"}],"about":[{"href":"https:\/\/www.casadainjecao.com.br\/loja\/wp-json\/wp\/v2\/types\/product"}],"wp:featuredmedia":[{"embeddable":true,"href":"https:\/\/www.casadainjecao.com.br\/loja\/wp-json\/wp\/v2\/media\/22259"}],"wp:attachment":[{"href":"https:\/\/www.casadainjecao.com.br\/loja\/wp-json\/wp\/v2\/media?parent=1216"}],"wp:term":[{"taxonomy":"product_cat","embeddable":true,"href":"https:\/\/www.casadainjecao.com.br\/loja\/wp-json\/wp\/v2\/product_cat?post=1216"},{"taxonomy":"product_tag","embeddable":true,"href":"https:\/\/www.casadainjecao.com.br\/loja\/wp-json\/wp\/v2\/product_tag?post=1216"},{"taxonomy":"berocket_brand","embeddable":true,"href":"https:\/\/www.casadainjecao.com.br\/loja\/wp-json\/wp\/v2\/berocket_brand?post=1216"}],"curies":[{"name":"wp","href":"https:\/\/api.w.org\/{rel}","templated":true}]}}