{"id":12161,"date":"2021-10-17T12:09:43","date_gmt":"2021-10-17T15:09:43","guid":{"rendered":"https:\/\/www.casadainjecao.com.br\/loja\/?post_type=product&#038;p=12161"},"modified":"2022-08-16T21:24:00","modified_gmt":"2022-08-17T00:24:00","slug":"suporte-protecao-maquina-de-vidro-direito-renault-clio-7700836601","status":"publish","type":"product","link":"https:\/\/www.casadainjecao.com.br\/loja\/autopecas\/interior\/forros-de-porta\/suporte-protecao-maquina-de-vidro-direito-renault-clio-7700836601\/","title":{"rendered":"Suporte Prote\u00e7\u00e3o Maquina de Vidro Direito Renault Clio &#8"},"content":{"rendered":"<h1>Suporte Prote\u00e7\u00e3o Maquina de Vidro Direito Renault Clio &#8211; 7700836601<\/h1>\n","protected":false},"excerpt":{"rendered":"<h2>Suporte Prote\u00e7\u00e3o Maquina de Vidro Direito<\/h2>\n<h2>Renault Clio<\/h2>\n<h2>Codigo:- 7700836601\u00a0 c=179<\/h2>\n","protected":false},"featured_media":12687,"template":"","meta":{"_seopress_robots_primary_cat":"none","_seopress_titles_title":"","_seopress_titles_desc":"","_seopress_robots_index":"","_joinchat":[]},"product_cat":[350,24,1305],"product_tag":[49],"berocket_brand":[394],"_links":{"self":[{"href":"https:\/\/www.casadainjecao.com.br\/loja\/wp-json\/wp\/v2\/product\/12161"}],"collection":[{"href":"https:\/\/www.casadainjecao.com.br\/loja\/wp-json\/wp\/v2\/product"}],"about":[{"href":"https:\/\/www.casadainjecao.com.br\/loja\/wp-json\/wp\/v2\/types\/product"}],"wp:featuredmedia":[{"embeddable":true,"href":"https:\/\/www.casadainjecao.com.br\/loja\/wp-json\/wp\/v2\/media\/12687"}],"wp:attachment":[{"href":"https:\/\/www.casadainjecao.com.br\/loja\/wp-json\/wp\/v2\/media?parent=12161"}],"wp:term":[{"taxonomy":"product_cat","embeddable":true,"href":"https:\/\/www.casadainjecao.com.br\/loja\/wp-json\/wp\/v2\/product_cat?post=12161"},{"taxonomy":"product_tag","embeddable":true,"href":"https:\/\/www.casadainjecao.com.br\/loja\/wp-json\/wp\/v2\/product_tag?post=12161"},{"taxonomy":"berocket_brand","embeddable":true,"href":"https:\/\/www.casadainjecao.com.br\/loja\/wp-json\/wp\/v2\/berocket_brand?post=12161"}],"curies":[{"name":"wp","href":"https:\/\/api.w.org\/{rel}","templated":true}]}}