{"id":12296,"date":"2021-10-19T14:01:41","date_gmt":"2021-10-19T17:01:41","guid":{"rendered":"https:\/\/www.casadainjecao.com.br\/loja\/?post_type=product&#038;p=12296"},"modified":"2026-02-06T16:29:45","modified_gmt":"2026-02-06T19:29:45","slug":"defletor-oleo-retentor-do-eixo-primario-renault-master-8200274074","status":"publish","type":"product","link":"https:\/\/www.casadainjecao.com.br\/loja\/autopecas\/transmissao\/eixo\/defletor-oleo-retentor-do-eixo-primario-renault-master-8200274074\/","title":{"rendered":"Defletor \u00d3leo Retentor do Eixo Prim\u00e1rio Renault Master &#8"},"content":{"rendered":"<h2>Defletor \u00d3leo Retentor do Eixo Prim\u00e1rio<\/h2>\n<p><strong>RENAULT<\/strong><\/p>\n<p>Renault R-21 2.0 8v 2.2 8v (1992 a 1994)<\/p>\n<p>Renault R-21 Nevada 2.0 8v 2.2 8v (1992 a 1994)<\/p>\n<p>Renault Trafic 2.2 8v (1994 a 1998)<\/p>\n<p>Renault Trafic curta 2.2 8v (1994 a 1998)<\/p>\n<p>Renault Trafic longa 2.2 8v (1994 a 1998)<\/p>\n<p>Renault Master II L1H1, L2H2, L3H2, Furg\u00e3o L2H2, Bus L2H2, C.C L2H1 2.5 16v 2.8 8v (1997 a 2018)<\/p>\n<p>Renault Master III 2.3 (2001 a 2020)<\/p>\n<p>Renault Clio II 1.0 8v 1.0 16v 1.6 16v\u00a0 (2000 a 2016)<\/p>\n<p>Renault Logan 1.0 16v (2007 a 2014)<\/p>\n<p>Renault Sandero\u00a0 1.0 16v( 2008 a 2014)<\/p>\n<p>Renault Twingo 1.2 8v (1992 a 2001)<\/p>\n<h4>C\u00f3digo de Refer\u00eancia:<\/h4>\n<p>8200274074<\/p>\n<h4><strong>Condi\u00e7\u00f5es:<\/strong><\/h4>\n<p>Novo Original \/ Marca Renault<\/p>\n<h4><strong>Garantia:<\/strong><\/h4>\n<p>3 Meses<strong>\u00a0<\/strong><\/p>\n<h3>ATEN\u00c7\u00c3O: Antes de efetuar a compra verifique o c\u00f3digo da sua pe\u00e7a que est\u00e1 instalada no seu ve\u00edculo.<\/h3>\n<h3><strong>APLICA\u00c7\u00c3O:<\/strong><\/h3>\n<p>Linha Renault<\/p>\n<h4><strong>\u00a0O que \u00e9 e para que serve o Defletor \u00d3leo Retentor do Eixo Prim\u00e1rio?<\/strong><\/h4>\n<p>O Defletor \u00d3leo Retentor do Eixo Prim\u00e1rio \u00e9 uma pe\u00e7a do sistema de transmiss\u00e3o, geralmente encontrada em ve\u00edculos com transmiss\u00e3o manual. Ele atua como um componente selante que impede a sa\u00edda excessiva de \u00f3leo da caixa de c\u00e2mbio. Isso \u00e9 vital para manter os n\u00edveis adequados de lubrifica\u00e7\u00e3o para as engrenagens e componentes internos.<\/p>\n<p>&nbsp;<\/p>\n<p>A Casa da Inje\u00e7\u00e3o oferece total garantia nos produtos comprados em nosso site.<\/p>\n<ol>\n<li>Cada item \u00e9 rigorosamente testado antes do envio<\/li>\n<li>Se os itens estiverem danificados ou parcialmente defeituosos, entre em contato conosco.<\/li>\n<\/ol>\n<p>Se houver qualquer defeito, n\u00f3s lhe enviaremos uma substitui\u00e7\u00e3o ap\u00f3s receber o pacote ou devolvemos seu dinheiro.<\/p>\n<p>Leia nossa <span style=\"color: #ff0000;\"><a style=\"color: #ff0000;\" href=\"https:\/\/www.casadainjecao.com.br\/loja\/politica-de-devolucao\">pol\u00edtica de devolu\u00e7\u00e3o aqui<\/a><\/span><\/p>\n<p>&#8212;&#8212;&#8212;&#8212;&#8212;&#8212;&#8212;&#8212;&#8212;&#8212;&#8212;&#8212;&#8212;&#8212;&#8212;&#8212;&#8212;&#8212;&#8212;&#8211;<\/p>\n<p><strong>ATEN\u00c7\u00c3O<\/strong>: Antes de efetuar a compra verifique o c\u00f3digo da sua pe\u00e7a que est\u00e1 instalada no seu ve\u00edculo.<\/p>\n<p><strong>Tem alguma d\u00favida?<\/strong><\/p>\n<p>Entre em contato que podemos ajudar!<\/p>\n<p>Confira as informa\u00e7\u00f5es adicionais abaixo:<\/p>\n<ul>\n<li>Todos os nossos produtos s\u00e3o novos, semi-novos, originais e paralelos possuem garantia.<\/li>\n<li>Todos os produtos anunciados est\u00e3o dispon\u00edveis em estoque e s\u00e3o enviados com extrema rapidez.<\/li>\n<li>O frete pode ser simulado antes de efetuar a compra, basta clicar em \u201cver custos de envio\u201d.<\/li>\n<li>Verifique o endere\u00e7o de entrega cadastrado e atualize caso necess\u00e1rio.<\/li>\n<li>Confirme se a pe\u00e7a \u00e9 correta para o seu modelo de ve\u00edculo.<\/li>\n<li>Para pe\u00e7as automotivas, recomendamos a instala\u00e7\u00e3o por um profissional especializado.<\/li>\n<\/ul>\n<p>Caso possua outras d\u00favidas, entre em contato.<\/p>\n","protected":false},"excerpt":{"rendered":"<h2>Defletor \u00d3leo Retentor do Eixo Prim\u00e1rio Renault Master M\u00e9gane 2004 &#8211; 8200274074<\/h2>\n","protected":false},"featured_media":12300,"template":"","meta":{"_seopress_robots_primary_cat":"none","_seopress_titles_title":"","_seopress_titles_desc":"","_seopress_robots_index":"","_joinchat":[]},"product_cat":[324,26],"product_tag":[216,193,225,1912,91,152,53],"berocket_brand":[394],"_links":{"self":[{"href":"https:\/\/www.casadainjecao.com.br\/loja\/wp-json\/wp\/v2\/product\/12296"}],"collection":[{"href":"https:\/\/www.casadainjecao.com.br\/loja\/wp-json\/wp\/v2\/product"}],"about":[{"href":"https:\/\/www.casadainjecao.com.br\/loja\/wp-json\/wp\/v2\/types\/product"}],"wp:featuredmedia":[{"embeddable":true,"href":"https:\/\/www.casadainjecao.com.br\/loja\/wp-json\/wp\/v2\/media\/12300"}],"wp:attachment":[{"href":"https:\/\/www.casadainjecao.com.br\/loja\/wp-json\/wp\/v2\/media?parent=12296"}],"wp:term":[{"taxonomy":"product_cat","embeddable":true,"href":"https:\/\/www.casadainjecao.com.br\/loja\/wp-json\/wp\/v2\/product_cat?post=12296"},{"taxonomy":"product_tag","embeddable":true,"href":"https:\/\/www.casadainjecao.com.br\/loja\/wp-json\/wp\/v2\/product_tag?post=12296"},{"taxonomy":"berocket_brand","embeddable":true,"href":"https:\/\/www.casadainjecao.com.br\/loja\/wp-json\/wp\/v2\/berocket_brand?post=12296"}],"curies":[{"name":"wp","href":"https:\/\/api.w.org\/{rel}","templated":true}]}}