{"id":1231,"date":"2020-08-05T23:31:30","date_gmt":"2020-08-06T02:31:30","guid":{"rendered":"http:\/\/casadainjecao.com.br\/loja\/?post_type=product&#038;p=1231"},"modified":"2026-02-12T09:16:49","modified_gmt":"2026-02-12T12:16:49","slug":"acionador-de-embreagem-nissan-renault-0501214638","status":"publish","type":"product","link":"https:\/\/www.casadainjecao.com.br\/loja\/autopecas\/transmissao\/atuador-de-embreagem\/acionador-de-embreagem-nissan-renault-0501214638\/","title":{"rendered":"Acionador Embreagem Automatica Mitsubishi Mercedes Bens &#82"},"content":{"rendered":"<h2>Acionador De Embreagem Autom\u00e1tica Tra\u00e7\u00e3o Traseira<\/h2>\n<h2>Atuador de Embreagem para Great Wall, Engrenagem Autom\u00e1tica Haval H1, C30, 452asg Novo Original<\/h2>\n<p>&nbsp;<\/p>\n<p>&nbsp;<\/p>\n<p>&nbsp;<\/p>\n<h3 data-start=\"556\" data-end=\"579\"><strong data-start=\"563\" data-end=\"577\">Mitsubishi<\/strong><\/h3>\n<p data-start=\"580\" data-end=\"611\"><strong data-start=\"580\" data-end=\"611\">Modelos e anos compat\u00edveis:<\/strong><\/p>\n<ul data-start=\"612\" data-end=\"740\">\n<li data-start=\"612\" data-end=\"740\">\n<p data-start=\"614\" data-end=\"671\"><strong data-start=\"614\" data-end=\"671\">Mitsubishi Colt \/ Colt CZT com transmiss\u00e3o Easytronic<\/strong><\/p>\n<ul data-start=\"674\" data-end=\"740\">\n<li data-start=\"674\" data-end=\"691\">\n<p data-start=\"676\" data-end=\"691\"><strong data-start=\"676\" data-end=\"691\">2006 2007 2008 2009 2010 2011 2012<\/strong><\/p>\n<\/li>\n<li data-start=\"694\" data-end=\"740\">\n<p data-start=\"696\" data-end=\"740\">Motor 1.3 \/ 1.5 com transmiss\u00e3o automatizada<\/p>\n<\/li>\n<\/ul>\n<\/li>\n<\/ul>\n<p>&nbsp;<\/p>\n<h3 data-start=\"747\" data-end=\"771\"><strong data-start=\"754\" data-end=\"771\">Mercedes-Benz<\/strong><\/h3>\n<h4 data-start=\"773\" data-end=\"797\"><strong data-start=\"778\" data-end=\"797\">Classe A (W169)<\/strong><\/h4>\n<ul data-start=\"798\" data-end=\"897\">\n<li data-start=\"798\" data-end=\"897\">\n<p data-start=\"800\" data-end=\"868\"><strong data-start=\"800\" data-end=\"831\">Mercedes A160 \/ A180 \/ A200<\/strong> com transmiss\u00e3o <strong data-start=\"848\" data-end=\"868\">Easytronic \/ AMT<\/strong><\/p>\n<ul data-start=\"871\" data-end=\"897\">\n<li data-start=\"871\" data-end=\"897\">\n<p data-start=\"873\" data-end=\"897\"><strong data-start=\"873\" data-end=\"881\">Ano:<\/strong> <strong data-start=\"882\" data-end=\"897\">2004 2005 2006 2007 2008 2009 2010 2011 2012<\/strong><\/p>\n<\/li>\n<\/ul>\n<\/li>\n<\/ul>\n<h4 data-start=\"899\" data-end=\"923\"><strong data-start=\"904\" data-end=\"923\">Classe B (W245)<\/strong><\/h4>\n<ul data-start=\"924\" data-end=\"1023\">\n<li data-start=\"924\" data-end=\"1023\">\n<p data-start=\"926\" data-end=\"994\"><strong data-start=\"926\" data-end=\"957\">Mercedes B170 \/ B180 \/ B200<\/strong> com transmiss\u00e3o <strong data-start=\"974\" data-end=\"994\">Easytronic \/ AMT<\/strong><\/p>\n<ul data-start=\"997\" data-end=\"1023\">\n<li data-start=\"997\" data-end=\"1023\">\n<p data-start=\"999\" data-end=\"1023\"><strong data-start=\"999\" data-end=\"1007\">Ano:<\/strong> <strong data-start=\"1008\" data-end=\"1023\">2005 2006 2007 2008 2009 2010 2011<\/strong><\/p>\n<\/li>\n<\/ul>\n<\/li>\n<\/ul>\n<p>&nbsp;<\/p>\n<h3 data-start=\"870\" data-end=\"911\">Chevrolet (somente Easytronic\/AMT)<\/h3>\n<ul data-start=\"912\" data-end=\"1063\">\n<li data-start=\"912\" data-end=\"950\">\n<p data-start=\"914\" data-end=\"950\"><strong data-start=\"914\" data-end=\"934\">Corsa Easytronic<\/strong> \u2013 2007 2008 2009 2010 2011 2012 2013 2014<\/p>\n<\/li>\n<li data-start=\"951\" data-end=\"997\">\n<p data-start=\"953\" data-end=\"997\"><strong data-start=\"953\" data-end=\"981\">Corsa Classic Easytronic<\/strong> \u2013 2008 2009 2010 2011 2012 2013<\/p>\n<\/li>\n<li data-start=\"998\" data-end=\"1029\">\n<p data-start=\"1000\" data-end=\"1029\"><strong data-start=\"1000\" data-end=\"1013\">Agile AMT<\/strong> \u2013 2009 2010 2011 2012 2013 2014 2015 2016<\/p>\n<\/li>\n<li data-start=\"1030\" data-end=\"1063\">\n<p data-start=\"1032\" data-end=\"1063\"><strong data-start=\"1032\" data-end=\"1047\">Montana AMT<\/strong> \u2013 2010 2011 2012 2013 2014 2015 2016<\/p>\n<\/li>\n<\/ul>\n<p>&nbsp;<\/p>\n<p>Importante:<br data-start=\"1079\" data-end=\"1082\" \/>N\u00e3o serve em c\u00e2mbio manual comum nem autom\u00e1tico tradicional.<br data-start=\"1142\" data-end=\"1145\" \/>Aplica\u00e7\u00e3o v\u00e1lida apenas para ve\u00edculos com transmiss\u00e3o automatizada.<\/p>\n<p>&nbsp;<\/p>\n<p>&nbsp;<\/p>\n<h4>C\u00f3digo de Refer\u00eancia:<\/h4>\n<p>0501214638 ,\u00a0 9970864800A,\u00a0 4542570579,\u00a0 A4542570579,\u00a0 3981000067,\u00a0 MN900584,\u00a0 013981000047,\u00a0 013981000094,\u00a0 013981000025,\u00a0 0012522,1156192<\/p>\n<p>&nbsp;<\/p>\n<h4>Condi\u00e7\u00f5es:<\/h4>\n<p>Novo Original \/ Marca Sachs<\/p>\n<h4 class=\"ui-pdp-description__content\">Garantia:<\/h4>\n<p class=\"ui-pdp-description__content\">3 Meses<\/p>\n<h3 class=\"ui-pdp-description__content\">ATEN\u00c7\u00c3O: Antes de efetuar a compra verifique o c\u00f3digo da pe\u00e7a que est\u00e1 instalada no seu ve\u00edculo.<\/h3>\n<h4 class=\"ui-pdp-description__content\">O que \u00e9 e para que serve o Acionador De Embreagem?<\/h4>\n<p class=\"ui-pdp-description__content\">O Acionador de embreagem permite que o motorista engate ou desengate a embreagem de forma suave e controlada ao pressionar ou soltar o pedal de embreagem. Isso permite mudar de marchas com precis\u00e3o e sem esfor\u00e7o.<\/p>\n<p>&nbsp;<\/p>\n<p>A Casa da Inje\u00e7\u00e3o oferece total garantia nos produtos comprados em nosso site.<\/p>\n<ol>\n<li>Cada item \u00e9 rigorosamente testado antes do envio<\/li>\n<li>Se os itens estiverem danificados ou parcialmente defeituosos, entre em contato conosco.<\/li>\n<\/ol>\n<p>Se houver qualquer defeito, n\u00f3s lhe enviaremos uma substitui\u00e7\u00e3o ap\u00f3s receber o pacote ou devolvemos seu dinheiro.<\/p>\n<p>Leia nossa\u00a0<span style=\"color: #ff0000;\"><a style=\"color: #ff0000;\" href=\"https:\/\/www.casadainjecao.com.br\/loja\/politica-de-devolucao\">pol\u00edtica de devolu\u00e7\u00e3o aqui<\/a><\/span><\/p>\n<p>\u2014\u2014\u2014\u2014\u2014\u2014\u2014\u2014\u2014\u2014\u2014\u2014\u2014\u2014\u2014\u2014\u2014\u2014\u2014\u2014-<\/p>\n<h4>Tem alguma d\u00favida?<\/h4>\n<p>Entre em contato que podemos ajudar!<\/p>\n<p>Confira as informa\u00e7\u00f5es adicionais abaixo:<\/p>\n<ul>\n<li>Todos os nossos produtos s\u00e3o novos, semi-novos, originais, paralelos e possuem garantia.<\/li>\n<li>Todos os produtos anunciados est\u00e3o dispon\u00edveis em estoque e s\u00e3o enviados com extrema rapidez.<\/li>\n<li>O frete pode ser simulado antes de efetuar a compra, basta clicar em \u201cver custos de envio\u201d.<\/li>\n<li>Verifique o endere\u00e7o de entrega cadastrado e atualize caso necess\u00e1rio.<\/li>\n<li>Confirme se a pe\u00e7a \u00e9 correta para o seu modelo de ve\u00edculo.<\/li>\n<li>Para pe\u00e7as automotivas, recomendamos a instala\u00e7\u00e3o por um profissional especializado.<\/li>\n<\/ul>\n","protected":false},"excerpt":{"rendered":"<h2>Acionador\u00a0 Embreagem Autom\u00e1tica Tra\u00e7\u00e3o Traseira &#8211; 0501214638<\/h2>\n<p>&nbsp;<\/p>\n<h2><\/h2>\n","protected":false},"featured_media":33602,"template":"","meta":{"_seopress_robots_primary_cat":"none","_seopress_titles_title":"","_seopress_titles_desc":"","_seopress_robots_index":"","_joinchat":[]},"product_cat":[319,325,26],"product_tag":[334],"berocket_brand":[390,391],"_links":{"self":[{"href":"https:\/\/www.casadainjecao.com.br\/loja\/wp-json\/wp\/v2\/product\/1231"}],"collection":[{"href":"https:\/\/www.casadainjecao.com.br\/loja\/wp-json\/wp\/v2\/product"}],"about":[{"href":"https:\/\/www.casadainjecao.com.br\/loja\/wp-json\/wp\/v2\/types\/product"}],"wp:featuredmedia":[{"embeddable":true,"href":"https:\/\/www.casadainjecao.com.br\/loja\/wp-json\/wp\/v2\/media\/33602"}],"wp:attachment":[{"href":"https:\/\/www.casadainjecao.com.br\/loja\/wp-json\/wp\/v2\/media?parent=1231"}],"wp:term":[{"taxonomy":"product_cat","embeddable":true,"href":"https:\/\/www.casadainjecao.com.br\/loja\/wp-json\/wp\/v2\/product_cat?post=1231"},{"taxonomy":"product_tag","embeddable":true,"href":"https:\/\/www.casadainjecao.com.br\/loja\/wp-json\/wp\/v2\/product_tag?post=1231"},{"taxonomy":"berocket_brand","embeddable":true,"href":"https:\/\/www.casadainjecao.com.br\/loja\/wp-json\/wp\/v2\/berocket_brand?post=1231"}],"curies":[{"name":"wp","href":"https:\/\/api.w.org\/{rel}","templated":true}]}}