{"id":12713,"date":"2021-10-30T17:26:50","date_gmt":"2021-10-30T20:26:50","guid":{"rendered":"https:\/\/www.casadainjecao.com.br\/loja\/?post_type=product&#038;p=12713"},"modified":"2021-11-04T15:02:37","modified_gmt":"2021-11-04T18:02:37","slug":"barra-caixa-de-direcao-renault-clio-7701467617","status":"publish","type":"product","link":"https:\/\/www.casadainjecao.com.br\/loja\/autopecas\/suspencao\/caixa-de-direcao\/barra-caixa-de-direcao-renault-clio-7701467617\/","title":{"rendered":"Barra Caixa de Dire\u00e7\u00e3o Renault Clio &#8211; 7701467617"},"content":{"rendered":"<h1>Barra Caixa de Dire\u00e7\u00e3o Renault Clio &#8211; 7701467617<\/h1>\n","protected":false},"excerpt":{"rendered":"<h2>Barra Caixa de Dire\u00e7\u00e3o<\/h2>\n<h2>Renault Clio<\/h2>\n<h2>Codigo:- 7701467617 b=5<\/h2>\n","protected":false},"featured_media":12889,"template":"","meta":{"_seopress_robots_primary_cat":"none","_seopress_titles_title":"","_seopress_titles_desc":"","_seopress_robots_index":"","_joinchat":[]},"product_cat":[1176,1104],"product_tag":[849],"berocket_brand":[394],"_links":{"self":[{"href":"https:\/\/www.casadainjecao.com.br\/loja\/wp-json\/wp\/v2\/product\/12713"}],"collection":[{"href":"https:\/\/www.casadainjecao.com.br\/loja\/wp-json\/wp\/v2\/product"}],"about":[{"href":"https:\/\/www.casadainjecao.com.br\/loja\/wp-json\/wp\/v2\/types\/product"}],"wp:featuredmedia":[{"embeddable":true,"href":"https:\/\/www.casadainjecao.com.br\/loja\/wp-json\/wp\/v2\/media\/12889"}],"wp:attachment":[{"href":"https:\/\/www.casadainjecao.com.br\/loja\/wp-json\/wp\/v2\/media?parent=12713"}],"wp:term":[{"taxonomy":"product_cat","embeddable":true,"href":"https:\/\/www.casadainjecao.com.br\/loja\/wp-json\/wp\/v2\/product_cat?post=12713"},{"taxonomy":"product_tag","embeddable":true,"href":"https:\/\/www.casadainjecao.com.br\/loja\/wp-json\/wp\/v2\/product_tag?post=12713"},{"taxonomy":"berocket_brand","embeddable":true,"href":"https:\/\/www.casadainjecao.com.br\/loja\/wp-json\/wp\/v2\/berocket_brand?post=12713"}],"curies":[{"name":"wp","href":"https:\/\/api.w.org\/{rel}","templated":true}]}}