{"id":12727,"date":"2021-10-30T19:36:31","date_gmt":"2021-10-30T22:36:31","guid":{"rendered":"https:\/\/www.casadainjecao.com.br\/loja\/?post_type=product&#038;p=12727"},"modified":"2025-12-04T15:54:47","modified_gmt":"2025-12-04T18:54:47","slug":"cinta-de-freio-cambio-renault-logan-sandero-8200207081","status":"publish","type":"product","link":"https:\/\/www.casadainjecao.com.br\/loja\/autopecas\/transmissao\/cambio\/cinta-de-freio-cambio-renault-logan-sandero-8200207081\/","title":{"rendered":"Cinta de Freio Cambio Renault Logan Sandero DPO \/AL4 &#8211;"},"content":{"rendered":"<h2>Cinta de Freio Cambio Automatico = Bamba de Freio Caixa de Marchas DPO \/AL4<\/h2>\n<p><strong>RENAULT<\/strong><\/p>\n<p>Renault Logan Authentique, Expression flex, Privil\u00e9ge flex 1.0 16v 1.6 8v 16v (2002 a 2013)<\/p>\n<p>Renault Sandero Authentique, Expression flex, Privel\u00e9ge flex, Stepway flex, Vibe flex, Gt Line 1.0 16v 1.6 8v 16v (2002 a 2013)<\/p>\n<p>Renault M\u00e9gane I RN, RT, RXE, Alize, Egeus, Expression 1.6 8v 16v 2.0 8v (1995 a 2016)<\/p>\n<p>Renault M\u00e9gane I Sedan Egeus, RT, RXE, Alize, Privil\u00e9ge 1.6 16v 2.0 8v 16v (1996 a 2017)<\/p>\n<p>Renault M\u00e9gane II Dynamique flex, Expression, Extreme, Privil\u00e9ge 1.6 16v (2001 a 2016)<\/p>\n<p>Renault Laguna RT, RXE, V6, Executive 2.0 8v 16v 3.0 12v (1993 a 2011)<\/p>\n<p>Renault Sc\u00e9nic I RT, RXE, Egeus, Expression, Privil\u00e9ge, RN, Alize, Authentique, Privil\u00e9ge flex, Sportway 1.6 16v 2.0 8v 16v (1996 a 2017)<\/p>\n<p>Renault Grand Sc\u00e9nic Dynamique 2.0 16v (2002 a 2018)<\/p>\n<p>Renault Captur Intense flex, Zen 1.6 16v 2.0 16v (2001 a 2020)<\/p>\n<p>Renault Duster Expression, Dynamique flex 1.6 16v 2.0 16v (2001 a 2018)<\/p>\n<p>Renault Laguna II Expression, Privil\u00e9ge, V6 2.0 16v 3.0 24v (2000 a 2016)<\/p>\n<h4>C\u00f3digo de Refer\u00eancia:<\/h4>\n<p>8200207081, 7700101414, 8200385515<\/p>\n<h4>Condi\u00e7\u00f5es:<\/h4>\n<p>Produto Novo Original \/ Marca Renault<\/p>\n<h4>Garantia:<\/h4>\n<p>3 Meses<\/p>\n<h3><span style=\"font-size: 13.5pt;\">ATEN\u00c7\u00c3O: Antes de efetuar a compra verifique o c\u00f3digo da sua pe\u00e7a que est\u00e1 instalada no seu ve\u00edculo.<\/span><\/h3>\n<h4>O que \u00e9 e para que serve a Cinta de Freio C\u00e2mbio?<\/h4>\n<p>A Cinta de Freio do C\u00e2mbio d\u00e1 um acabamento mais refinado ao painel ou \u00e0 porta onde os bot\u00f5es est\u00e3o localizados. Protege os componentes internos e eletr\u00f4nicos do bot\u00e3o de travamento dos vidros contra poeira, sujeira e danos f\u00edsicos.<\/p>\n<p>&nbsp;<\/p>\n<p>A Casa da Inje\u00e7\u00e3o oferece total garantia nos produtos comprados em nosso site.<\/p>\n<p>Cada item \u00e9 rigorosamente testado antes do envio<\/p>\n<p>Se os itens estiverem danificados ou parcialmente defeituosos, entre em contato conosco.<\/p>\n<p>Procure um profissional devidamente licenciado para a instala\u00e7\u00e3o e fa\u00e7a revis\u00f5es periodicamente. A empresa n\u00e3o se responsabiliza por problemas oriundos da m\u00e1 instala\u00e7\u00e3o ou com a falta de cuidados peri\u00f3dicos dos componentes.<\/p>\n<p>Se houver qualquer defeito, n\u00f3s lhe enviaremos uma substitui\u00e7\u00e3o ap\u00f3s receber o pacote ou devolvemos seu dinheiro.<\/p>\n<p>Leia nossa\u00a0<a href=\"https:\/\/www.casadainjecao.com.br\/loja\/politica-de-devolucao\"><span style=\"color: blue;\">pol\u00edtica de devolu\u00e7\u00e3o aqui<\/span><\/a><\/p>\n<p>\u2014\u2014\u2014\u2014\u2014\u2014\u2014\u2014\u2014\u2014\u2014\u2014\u2014\u2014\u2014\u2014\u2014\u2014\u2014\u2013<\/p>\n<p>Tem alguma d\u00favida?<\/p>\n<p>Entre em contato que podemos ajudar!<\/p>\n<p>Confira as informa\u00e7\u00f5es adicionais abaixo:<\/p>\n<p>Todos os nossos produtos s\u00e3o novos, semi-novos, originais e paralelos possuem garantia.<\/p>\n<p>Todos os produtos anunciados est\u00e3o dispon\u00edveis em estoque e s\u00e3o enviados com extrema rapidez.<\/p>\n<p>O frete pode ser simulado antes de efetuar a compra, basta clicar em \u201cver custos de envio\u201d.<\/p>\n<p>Verifique o endere\u00e7o de entrega cadastrado e atualize caso necess\u00e1rio.<\/p>\n<p>Confirme se a pe\u00e7a \u00e9 correta para o seu modelo de ve\u00edculo.<\/p>\n<p>Para pe\u00e7as automotivas, recomendamos a instala\u00e7\u00e3o por um profissional especializado.<\/p>\n<p>Caso possua outras d\u00favidas, entre em contato.<\/p>\n","protected":false},"excerpt":{"rendered":"<h2>Banda de Freio Cambio DPO \/AL4\u00a0Renault Logan Sandero &#8211; 8200207081<\/h2>\n","protected":false},"featured_media":33698,"template":"","meta":{"_seopress_robots_primary_cat":"none","_seopress_titles_title":"","_seopress_titles_desc":"","_seopress_robots_index":"","_joinchat":[]},"product_cat":[320,26],"product_tag":[173,52,128,66,147,91,1843],"berocket_brand":[394],"_links":{"self":[{"href":"https:\/\/www.casadainjecao.com.br\/loja\/wp-json\/wp\/v2\/product\/12727"}],"collection":[{"href":"https:\/\/www.casadainjecao.com.br\/loja\/wp-json\/wp\/v2\/product"}],"about":[{"href":"https:\/\/www.casadainjecao.com.br\/loja\/wp-json\/wp\/v2\/types\/product"}],"wp:featuredmedia":[{"embeddable":true,"href":"https:\/\/www.casadainjecao.com.br\/loja\/wp-json\/wp\/v2\/media\/33698"}],"wp:attachment":[{"href":"https:\/\/www.casadainjecao.com.br\/loja\/wp-json\/wp\/v2\/media?parent=12727"}],"wp:term":[{"taxonomy":"product_cat","embeddable":true,"href":"https:\/\/www.casadainjecao.com.br\/loja\/wp-json\/wp\/v2\/product_cat?post=12727"},{"taxonomy":"product_tag","embeddable":true,"href":"https:\/\/www.casadainjecao.com.br\/loja\/wp-json\/wp\/v2\/product_tag?post=12727"},{"taxonomy":"berocket_brand","embeddable":true,"href":"https:\/\/www.casadainjecao.com.br\/loja\/wp-json\/wp\/v2\/berocket_brand?post=12727"}],"curies":[{"name":"wp","href":"https:\/\/api.w.org\/{rel}","templated":true}]}}