{"id":12731,"date":"2021-10-30T19:39:45","date_gmt":"2021-10-30T22:39:45","guid":{"rendered":"https:\/\/www.casadainjecao.com.br\/loja\/?post_type=product&#038;p=12731"},"modified":"2021-11-04T14:53:46","modified_gmt":"2021-11-04T17:53:46","slug":"terminal-direcao-esquerdo-renault-twingo-98-6000022730","status":"publish","type":"product","link":"https:\/\/www.casadainjecao.com.br\/loja\/autopecas\/suspencao\/caixa-de-direcao\/terminal-direcao-esquerdo-renault-twingo-98-6000022730\/","title":{"rendered":"Terminal Dire\u00e7\u00e3o Esquerdo Renault Twingo ..98 &#8211; 6000"},"content":{"rendered":"<h1>Terminal Dire\u00e7\u00e3o Esquerdo Renault Twingo ..98 &#8211; 6000022730<\/h1>\n","protected":false},"excerpt":{"rendered":"<h2>Terminal Dire\u00e7\u00e3o Esquerdo<\/h2>\n<h2>Renault Twingo ..98<\/h2>\n<h2>Codigo:- 6000022730 b=5<\/h2>\n","protected":false},"featured_media":12734,"template":"","meta":{"_seopress_robots_primary_cat":"none","_seopress_titles_title":"","_seopress_titles_desc":"","_seopress_robots_index":"","_seopress_analysis_target_kw":"","_kad_blocks_custom_css":"","_kad_blocks_head_custom_js":"","_kad_blocks_body_custom_js":"","_kad_blocks_footer_custom_js":"","_kadence_starter_templates_imported_post":false,"_joinchat":[]},"product_brand":[],"product_cat":[1176,1107,1104],"product_tag":[53],"berocket_brand":[394],"class_list":{"0":"post-12731","1":"product","2":"type-product","3":"status-publish","4":"has-post-thumbnail","6":"product_cat-caixa-de-direcao","7":"product_cat-pivo-pivo","8":"product_cat-suspencao","9":"product_tag-twingo","10":"berocket_brand-renault","11":"thunk-woo-product-list","12":"big-store-woo-hover-zoom","13":"open-single-product-tab-horizontal","14":"open-shadow-","15":"open-shadow-hover-","17":"first","18":"instock","19":"sale","20":"taxable","21":"shipping-taxable","22":"purchasable","23":"product-type-simple"},"taxonomy_info":{"product_cat":[{"value":1176,"label":"Caixa de Dire\u00e7\u00e3o"},{"value":1107,"label":"Pivo"},{"value":1104,"label":"Suspen\u00e7\u00e3o"}],"product_tag":[{"value":53,"label":"Twingo"}],"berocket_brand":[{"value":394,"label":"Renault"}]},"featured_image_src_large":["https:\/\/www.casadainjecao.com.br\/loja\/wp-content\/uploads\/2021\/10\/6000022730-terminal-de-direcao-renault-twingo.jpg",500,327,false],"author_info":[],"comment_info":"","_links":{"self":[{"href":"https:\/\/www.casadainjecao.com.br\/loja\/wp-json\/wp\/v2\/product\/12731","targetHints":{"allow":["GET"]}}],"collection":[{"href":"https:\/\/www.casadainjecao.com.br\/loja\/wp-json\/wp\/v2\/product"}],"about":[{"href":"https:\/\/www.casadainjecao.com.br\/loja\/wp-json\/wp\/v2\/types\/product"}],"wp:featuredmedia":[{"embeddable":true,"href":"https:\/\/www.casadainjecao.com.br\/loja\/wp-json\/wp\/v2\/media\/12734"}],"wp:attachment":[{"href":"https:\/\/www.casadainjecao.com.br\/loja\/wp-json\/wp\/v2\/media?parent=12731"}],"wp:term":[{"taxonomy":"product_brand","embeddable":true,"href":"https:\/\/www.casadainjecao.com.br\/loja\/wp-json\/wp\/v2\/product_brand?post=12731"},{"taxonomy":"product_cat","embeddable":true,"href":"https:\/\/www.casadainjecao.com.br\/loja\/wp-json\/wp\/v2\/product_cat?post=12731"},{"taxonomy":"product_tag","embeddable":true,"href":"https:\/\/www.casadainjecao.com.br\/loja\/wp-json\/wp\/v2\/product_tag?post=12731"},{"taxonomy":"berocket_brand","embeddable":true,"href":"https:\/\/www.casadainjecao.com.br\/loja\/wp-json\/wp\/v2\/berocket_brand?post=12731"}],"curies":[{"name":"wp","href":"https:\/\/api.w.org\/{rel}","templated":true}]}}