{"id":12803,"date":"2021-11-01T15:48:15","date_gmt":"2021-11-01T18:48:15","guid":{"rendered":"https:\/\/www.casadainjecao.com.br\/loja\/?post_type=product&#038;p=12803"},"modified":"2021-11-04T11:52:54","modified_gmt":"2021-11-04T14:52:54","slug":"terminal-de-direcao-lado-direito-renault-kangoo-megane-6000022753","status":"publish","type":"product","link":"https:\/\/www.casadainjecao.com.br\/loja\/autopecas\/suspencao\/caixa-de-direcao\/terminal-de-direcao-lado-direito-renault-kangoo-megane-6000022753\/","title":{"rendered":"Terminal de Dire\u00e7\u00e3o Lado Direito Renault Kangoo Megane &#8"},"content":{"rendered":"<h1>Terminal de Dire\u00e7\u00e3o Lado Direito Renault Kangoo Megane &#8211; 6000022753<\/h1>\n","protected":false},"excerpt":{"rendered":"<h2>Terminal de Dire\u00e7\u00e3o Lado Direito<\/h2>\n<h2>Renault Kangoo Megane<\/h2>\n<h2>Codigo:- 6000022753 b=5<\/h2>\n","protected":false},"featured_media":12809,"template":"","meta":{"_seopress_robots_primary_cat":"none","_seopress_titles_title":"","_seopress_titles_desc":"","_seopress_robots_index":"","_joinchat":[]},"product_cat":[1176,1104],"product_tag":[57,50],"berocket_brand":[394],"_links":{"self":[{"href":"https:\/\/www.casadainjecao.com.br\/loja\/wp-json\/wp\/v2\/product\/12803"}],"collection":[{"href":"https:\/\/www.casadainjecao.com.br\/loja\/wp-json\/wp\/v2\/product"}],"about":[{"href":"https:\/\/www.casadainjecao.com.br\/loja\/wp-json\/wp\/v2\/types\/product"}],"wp:featuredmedia":[{"embeddable":true,"href":"https:\/\/www.casadainjecao.com.br\/loja\/wp-json\/wp\/v2\/media\/12809"}],"wp:attachment":[{"href":"https:\/\/www.casadainjecao.com.br\/loja\/wp-json\/wp\/v2\/media?parent=12803"}],"wp:term":[{"taxonomy":"product_cat","embeddable":true,"href":"https:\/\/www.casadainjecao.com.br\/loja\/wp-json\/wp\/v2\/product_cat?post=12803"},{"taxonomy":"product_tag","embeddable":true,"href":"https:\/\/www.casadainjecao.com.br\/loja\/wp-json\/wp\/v2\/product_tag?post=12803"},{"taxonomy":"berocket_brand","embeddable":true,"href":"https:\/\/www.casadainjecao.com.br\/loja\/wp-json\/wp\/v2\/berocket_brand?post=12803"}],"curies":[{"name":"wp","href":"https:\/\/api.w.org\/{rel}","templated":true}]}}