{"id":12814,"date":"2021-11-01T16:33:36","date_gmt":"2021-11-01T19:33:36","guid":{"rendered":"https:\/\/www.casadainjecao.com.br\/loja\/?post_type=product&#038;p=12814"},"modified":"2025-10-30T11:35:35","modified_gmt":"2025-10-30T14:35:35","slug":"terminal-de-direcao-lado-direito-renault-kangoo-7701478408","status":"publish","type":"product","link":"https:\/\/www.casadainjecao.com.br\/loja\/autopecas\/suspencao\/caixa-de-direcao\/terminal-de-direcao-lado-direito-renault-kangoo-7701478408\/","title":{"rendered":"Terminal de Dire\u00e7\u00e3o Lado Direito Renault Kangoo &#8211; 77"},"content":{"rendered":"<h1>Terminal de Dire\u00e7\u00e3o Lado Direito Renault Kangoo &#8211; 7701478408<\/h1>\n","protected":false},"excerpt":{"rendered":"<h2>Terminal de Dire\u00e7\u00e3o Lado Direito<\/h2>\n<h2>Renault Kangoo<\/h2>\n<h2>Codigo:- 7701478408 b=5<\/h2>\n","protected":false},"featured_media":12817,"template":"","meta":{"_seopress_robots_primary_cat":"none","_seopress_titles_title":"","_seopress_titles_desc":"","_seopress_robots_index":"","_joinchat":[]},"product_cat":[1176,1104],"product_tag":[57],"berocket_brand":[394],"_links":{"self":[{"href":"https:\/\/www.casadainjecao.com.br\/loja\/wp-json\/wp\/v2\/product\/12814"}],"collection":[{"href":"https:\/\/www.casadainjecao.com.br\/loja\/wp-json\/wp\/v2\/product"}],"about":[{"href":"https:\/\/www.casadainjecao.com.br\/loja\/wp-json\/wp\/v2\/types\/product"}],"wp:featuredmedia":[{"embeddable":true,"href":"https:\/\/www.casadainjecao.com.br\/loja\/wp-json\/wp\/v2\/media\/12817"}],"wp:attachment":[{"href":"https:\/\/www.casadainjecao.com.br\/loja\/wp-json\/wp\/v2\/media?parent=12814"}],"wp:term":[{"taxonomy":"product_cat","embeddable":true,"href":"https:\/\/www.casadainjecao.com.br\/loja\/wp-json\/wp\/v2\/product_cat?post=12814"},{"taxonomy":"product_tag","embeddable":true,"href":"https:\/\/www.casadainjecao.com.br\/loja\/wp-json\/wp\/v2\/product_tag?post=12814"},{"taxonomy":"berocket_brand","embeddable":true,"href":"https:\/\/www.casadainjecao.com.br\/loja\/wp-json\/wp\/v2\/berocket_brand?post=12814"}],"curies":[{"name":"wp","href":"https:\/\/api.w.org\/{rel}","templated":true}]}}