{"id":12824,"date":"2021-11-01T17:49:10","date_gmt":"2021-11-01T20:49:10","guid":{"rendered":"https:\/\/www.casadainjecao.com.br\/loja\/?post_type=product&#038;p=12824"},"modified":"2026-01-26T16:46:48","modified_gmt":"2026-01-26T19:46:48","slug":"botao-do-pisca-alerta-renault-logan-sandero-duster-8200602232","status":"publish","type":"product","link":"https:\/\/www.casadainjecao.com.br\/loja\/autopecas\/eletrica\/botoes\/botao-do-pisca-alerta-renault-logan-sandero-duster-8200602232\/","title":{"rendered":"Bot\u00e3o do Pisca Alerta Renault Logan Original &#8211; 820060"},"content":{"rendered":"<h2>Bot\u00e3o do Pisca Alerta Renault Original<\/h2>\n<p>Duster &#8211; 1.6 16V H4M &#8211; 2016 em diante<\/p>\n<p>Duster &#8211; 1.6 16V K4M &#8211; 2012 A 2015<\/p>\n<p>Duster &#8211; 2.0 16V F4R &#8211; 2011 em diante<\/p>\n<p>Duster &#8211; 2.0 16V F4R &#8211; 2015 em diante<\/p>\n<p>Logan &#8211; 1.0 16V D4D &#8211; 2007 A 2010<\/p>\n<p>Logan &#8211; 1.0 16V D4D &#8211; 2010 A 2013<\/p>\n<p>Logan &#8211; 1.0 16V D4D &#8211; 2012 A 2014<\/p>\n<p>Logan &#8211; 1.6 16V K4M &#8211; 2010 A 2014<\/p>\n<p>Logan &#8211; 1.6 8V K7M &#8211; 2007 A 2010<\/p>\n<p>Logan &#8211; 1.6 8V K7M &#8211; 2010 A 2013<\/p>\n<p>Sandero &#8211; 1.0 16V D4D &#8211; 2008 A 2011<\/p>\n<p>Sandero &#8211; 1.0 16V D4D &#8211; 2011 A 2014<\/p>\n<p>Sandero &#8211; 1.6 16V K4M &#8211; 2008 A 2011<\/p>\n<p>Sandero &#8211; 1.6 16V K4M &#8211; 2008 A 2014<\/p>\n<p>Sandero &#8211; 1.6 16V K4M &#8211; 2010 A 2014<\/p>\n<p>Sandero &#8211; 1.6 8V K7M &#8211; 2008 A 2011<\/p>\n<p>Sanddero &#8211; 1.6 8V K7M &#8211; 2011 A 2014<\/p>\n<h4>C\u00f3digo de Refer\u00eancia:<\/h4>\n<p>8200602232, 7700421820<\/p>\n<h4>Condi\u00e7\u00e3o:<\/h4>\n<p>Novo Original\/ Marca Renault<\/p>\n<h4>Especifica\u00e7\u00f5es:<\/h4>\n<p>Bot\u00e3o do Pisca Alerta<\/p>\n<h4><strong>Garantia:<\/strong><\/h4>\n<p>3 Meses<strong>\u00a0<\/strong><\/p>\n<h3>ATEN\u00c7\u00c3O IMPORTANTE confirmar a numera\u00e7\u00e3o antes da compra, e se a mesma bate com o c\u00f3digo original do carro. C\u00f3digo igual pe\u00e7a correta, caso seja diferente entre em contato conosco para confirma\u00e7\u00e3o do mesmo e para tirar suas duvidas.<\/h3>\n<p>&nbsp;<\/p>\n<p>A Casa da Inje\u00e7\u00e3o oferece total garantia nos produtos comprados em nosso site.<\/p>\n<ol>\n<li>Cada item \u00e9 rigorosamente testado antes do envio<\/li>\n<li>Se os itens estiverem danificados ou parcialmente defeituosos, entre em contato conosco.<\/li>\n<\/ol>\n<p>Se houver qualquer defeito, n\u00f3s lhe enviaremos uma substitui\u00e7\u00e3o ap\u00f3s receber o pacote ou devolvemos seu dinheiro.<\/p>\n<p>Leia nossa\u00a0<a href=\"https:\/\/www.casadainjecao.com.br\/loja\/politica-de-devolucao\">pol\u00edtica de devolu\u00e7\u00e3o aqui<\/a><\/p>\n<p>\u2014\u2014\u2014\u2014\u2014\u2014\u2014\u2014\u2014\u2014\u2014\u2014\u2014\u2014\u2014\u2014\u2014\u2014\u2014\u2014-<\/p>\n<p><strong>Tem alguma d\u00favida?<\/strong><\/p>\n<p>Entre em contato que podemos ajudar!<\/p>\n<p>Confira as informa\u00e7\u00f5es adicionais abaixo:<\/p>\n<ul>\n<li>Todos os nossos produtos s\u00e3o novos, semi-novos, originais e paralelos possuem garantia.<\/li>\n<li>Todos os produtos anunciados est\u00e3o dispon\u00edveis em estoque e s\u00e3o enviados com extrema rapidez.<\/li>\n<li>O frete pode ser simulado antes de efetuar a compra, basta clicar em \u201cver custos de envio\u201d.<\/li>\n<li>Verifique o endere\u00e7o de entrega cadastrado e atualize caso necess\u00e1rio.<\/li>\n<li>Confirme se a pe\u00e7a \u00e9 correta para o seu modelo de ve\u00edculo.<\/li>\n<li>Para pe\u00e7as automotivas, recomendamos a instala\u00e7\u00e3o por um profissional especializado.<\/li>\n<\/ul>\n","protected":false},"excerpt":{"rendered":"<h2>Bot\u00e3o do Pisca Alerta Renault Logan Original &#8211; 8200602232<\/h2>\n","protected":false},"featured_media":43795,"template":"","meta":{"_seopress_robots_primary_cat":"none","_seopress_titles_title":"","_seopress_titles_desc":"","_seopress_robots_index":"","_joinchat":[]},"product_cat":[118,17],"product_tag":[52,66,91],"berocket_brand":[394],"_links":{"self":[{"href":"https:\/\/www.casadainjecao.com.br\/loja\/wp-json\/wp\/v2\/product\/12824"}],"collection":[{"href":"https:\/\/www.casadainjecao.com.br\/loja\/wp-json\/wp\/v2\/product"}],"about":[{"href":"https:\/\/www.casadainjecao.com.br\/loja\/wp-json\/wp\/v2\/types\/product"}],"wp:featuredmedia":[{"embeddable":true,"href":"https:\/\/www.casadainjecao.com.br\/loja\/wp-json\/wp\/v2\/media\/43795"}],"wp:attachment":[{"href":"https:\/\/www.casadainjecao.com.br\/loja\/wp-json\/wp\/v2\/media?parent=12824"}],"wp:term":[{"taxonomy":"product_cat","embeddable":true,"href":"https:\/\/www.casadainjecao.com.br\/loja\/wp-json\/wp\/v2\/product_cat?post=12824"},{"taxonomy":"product_tag","embeddable":true,"href":"https:\/\/www.casadainjecao.com.br\/loja\/wp-json\/wp\/v2\/product_tag?post=12824"},{"taxonomy":"berocket_brand","embeddable":true,"href":"https:\/\/www.casadainjecao.com.br\/loja\/wp-json\/wp\/v2\/berocket_brand?post=12824"}],"curies":[{"name":"wp","href":"https:\/\/api.w.org\/{rel}","templated":true}]}}