{"id":12836,"date":"2021-11-01T19:10:37","date_gmt":"2021-11-01T22:10:37","guid":{"rendered":"https:\/\/www.casadainjecao.com.br\/loja\/?post_type=product&#038;p=12836"},"modified":"2025-12-16T14:36:28","modified_gmt":"2025-12-16T17:36:28","slug":"terminal-de-direcao-lado-direito-renault-logan-sandero-485200410r","status":"publish","type":"product","link":"https:\/\/www.casadainjecao.com.br\/loja\/autopecas\/suspencao\/pivo-pivo\/terminal-de-direcao-lado-direito-renault-logan-sandero-485200410r\/","title":{"rendered":"Terminal de Dire\u00e7\u00e3o Lado Direito Renault Logan Sandero &#8"},"content":{"rendered":"<h1>Terminal de Dire\u00e7\u00e3o Lado Direito Renault Logan Sandero &#8211; 485200410r<\/h1>\n","protected":false},"excerpt":{"rendered":"<h2>Terminal de Dire\u00e7\u00e3o Lado Direito<\/h2>\n<h2>Renault Logan Sandero<\/h2>\n<h2>Codigo:- 485200410r\/6001550443 b=5<\/h2>\n","protected":false},"featured_media":12840,"template":"","meta":{"_seopress_robots_primary_cat":"none","_seopress_titles_title":"","_seopress_titles_desc":"","_seopress_robots_index":"","_joinchat":[]},"product_cat":[1107,1104,1343],"product_tag":[66,91],"berocket_brand":[394],"_links":{"self":[{"href":"https:\/\/www.casadainjecao.com.br\/loja\/wp-json\/wp\/v2\/product\/12836"}],"collection":[{"href":"https:\/\/www.casadainjecao.com.br\/loja\/wp-json\/wp\/v2\/product"}],"about":[{"href":"https:\/\/www.casadainjecao.com.br\/loja\/wp-json\/wp\/v2\/types\/product"}],"wp:featuredmedia":[{"embeddable":true,"href":"https:\/\/www.casadainjecao.com.br\/loja\/wp-json\/wp\/v2\/media\/12840"}],"wp:attachment":[{"href":"https:\/\/www.casadainjecao.com.br\/loja\/wp-json\/wp\/v2\/media?parent=12836"}],"wp:term":[{"taxonomy":"product_cat","embeddable":true,"href":"https:\/\/www.casadainjecao.com.br\/loja\/wp-json\/wp\/v2\/product_cat?post=12836"},{"taxonomy":"product_tag","embeddable":true,"href":"https:\/\/www.casadainjecao.com.br\/loja\/wp-json\/wp\/v2\/product_tag?post=12836"},{"taxonomy":"berocket_brand","embeddable":true,"href":"https:\/\/www.casadainjecao.com.br\/loja\/wp-json\/wp\/v2\/berocket_brand?post=12836"}],"curies":[{"name":"wp","href":"https:\/\/api.w.org\/{rel}","templated":true}]}}