{"id":1302,"date":"2020-08-06T01:18:36","date_gmt":"2020-08-06T04:18:36","guid":{"rendered":"http:\/\/casadainjecao.com.br\/loja\/?post_type=product&#038;p=1302"},"modified":"2025-05-15T11:06:36","modified_gmt":"2025-05-15T14:06:36","slug":"rolamento-carcaca-do-cambio-renault-kangoo-megane-7703090553","status":"publish","type":"product","link":"https:\/\/www.casadainjecao.com.br\/loja\/autopecas\/transmissao\/rolamentos-transmissao\/rolamento-carcaca-do-cambio-renault-kangoo-megane-7703090553\/","title":{"rendered":"Rolamento da Carca\u00e7a Do Cambio Renault Kangoo Megane &#8211"},"content":{"rendered":"<h2>Rolamento Carca\u00e7a do C\u00e2mbio com Oxida\u00e7\u00e3o<\/h2>\n<p><strong>RENAULT<\/strong><\/p>\n<p>RENAULT CLIO II &#8211; 1.0 16V D4D &#8211; 2000 A 2016<\/p>\n<p>RENAULT CLIO II &#8211; 1.0 8V D7D &#8211; 2000 A 2005<\/p>\n<p>RENAULT CLIO II &#8211; 1.6 16V K4M &#8211; 2000 A 2012<\/p>\n<p>RENAULT CLIO II &#8211; 1.6 8V K7M &#8211; 2000 A 2002<\/p>\n<p>RENAULT KANGOO &#8211; 1.0 8V D7D &#8211; 2000 A 2003<\/p>\n<p>RENAULT KANGOO &#8211; 1.6 8V K7M &#8211; 2000 A 2003<\/p>\n<p>RENAULT KANGOO EXPRESS &#8211; 1.0 8V D7D &#8211; 2000 A 2003<\/p>\n<p>RENAULT MEGANE I &#8211; 1.6 8V K7M &#8211; 1997 A 1999<\/p>\n<p>RENAULT MEGANE I &#8211; 2.0 8V F3R &#8211; 1997 A 1999<\/p>\n<p>RENAULT MEGANE I SEDAN &#8211; 2.0 8V F3R &#8211; 1997 A 2001<\/p>\n<p>RENAULT SCENIC I &#8211; 1.6 16V K4M &#8211; 1999 A 2001<\/p>\n<p>RENAULT SCENIC I &#8211; 2.0 16V F4R &#8211; 2001 A 2009<\/p>\n<p>RENAULT SYMBOL &#8211; 1.6 16V K4M &#8211; 2008 A 2012<\/p>\n<p>RENAULT TWINGO &#8211; 1.0 16V D4D &#8211; 2000 A 2002<\/p>\n<p>RENAULT TWINGO &#8211; 1.0 8V D7D &#8211; 1998 A 2001<\/p>\n<p>RENAULT TWINGO &#8211; 1.2 8V C3G &#8211; 1992 A 1997<\/p>\n<p>RENAULT TWINGO &#8211; 1.2 8V D7F &#8211; 1998 A 2001<\/p>\n<h4>C\u00f3digo de Refer\u00eancia:<\/h4>\n<p>7703090553<\/p>\n<h4>Especifica\u00e7\u00f5es:<\/h4>\n<p>medidas 62 X 25 X 17,50 c\u00e2mbio JB3<\/p>\n<p><strong>Condi\u00e7\u00f5es:<\/strong><\/p>\n<p>Novo Original \/ Marca Renault<\/p>\n<h4><strong>Garantia:<\/strong><\/h4>\n<p>3 Meses<strong>\u00a0<\/strong><\/p>\n<h3>ATEN\u00c7\u00c3O: Antes de efetuar a compra verifique o c\u00f3digo da sua pe\u00e7a que est\u00e1 instalada no seu ve\u00edculo.<\/h3>\n<h3><strong>APLICA\u00c7\u00c3O:<\/strong><\/h3>\n<p>Linha Renault<\/p>\n<h4><strong>O que \u00e9 e para que serve o Rolamento da Carca\u00e7a do C\u00e2mbio?<\/strong><\/h4>\n<div class=\"wDYxhc\" lang=\"pt-BR\" data-md=\"61\">\n<div class=\"LGOjhe\" role=\"heading\" data-attrid=\"wa:\/description\" aria-level=\"3\" data-hveid=\"CBUQAA\"><span class=\"ILfuVd\" lang=\"pt\"><span class=\"hgKElc\">O rolamento de c\u00e2mbio tem como fun\u00e7\u00e3o principal\u00a0controlar a transmiss\u00e3o do motor para a caixa de mudan\u00e7a (c\u00e2mbio), facilitando o engate das marchas.<\/span><\/span><\/div>\n<\/div>\n<p>&nbsp;<\/p>\n<p>A Casa da Inje\u00e7\u00e3o oferece total garantia nos produtos comprados em nosso site.<\/p>\n<ol>\n<li>Cada item \u00e9 rigorosamente testado antes do envio<\/li>\n<li>Se os itens estiverem danificados ou parcialmente defeituosos, entre em contato conosco.<\/li>\n<\/ol>\n<p>Se houver qualquer defeito, n\u00f3s lhe enviaremos uma substitui\u00e7\u00e3o ap\u00f3s receber o pacote ou devolvemos seu dinheiro.<\/p>\n<p>Leia nossa\u00a0<span style=\"color: #ff0000;\"><a style=\"color: #ff0000;\" href=\"https:\/\/www.casadainjecao.com.br\/loja\/politica-de-devolucao\">pol\u00edtica de devolu\u00e7\u00e3o aqui<\/a><\/span><\/p>\n<p>\u2014\u2014\u2014\u2014\u2014\u2014\u2014\u2014\u2014\u2014\u2014\u2014\u2014\u2014\u2014\u2014\u2014\u2014\u2014\u2013<\/p>\n<p><strong>Tem alguma d\u00favida?<\/strong><\/p>\n<p>Entre em contato que podemos ajudar!<\/p>\n<p>Confira as informa\u00e7\u00f5es adicionais abaixo:<\/p>\n<ul>\n<li>Todos os nossos produtos s\u00e3o novos, semi-novos, originais e paralelos possuem garantia.<\/li>\n<li>Todos os produtos anunciados est\u00e3o dispon\u00edveis em estoque e s\u00e3o enviados com extrema rapidez.<\/li>\n<li>O frete pode ser simulado antes de efetuar a compra, basta clicar em \u201cver custos de envio\u201d.<\/li>\n<li>Verifique o endere\u00e7o de entrega cadastrado e atualize caso necess\u00e1rio.<\/li>\n<li>Confirme se a pe\u00e7a \u00e9 correta para o seu modelo de ve\u00edculo.<\/li>\n<li>Para pe\u00e7as automotivas, recomendamos a instala\u00e7\u00e3o por um profissional especializado.<\/li>\n<\/ul>\n<p>Caso possua outras d\u00favidas, entre em contato.<\/p>\n","protected":false},"excerpt":{"rendered":"<h2>Rolamento Carca\u00e7a do C\u00e2mbio Renault Kangoo Megane &#8211; 7703090553<\/h2>\n","protected":false},"featured_media":28474,"template":"","meta":{"_seopress_robots_primary_cat":"none","_seopress_titles_title":"","_seopress_titles_desc":"","_seopress_robots_index":"","_joinchat":[]},"product_cat":[329,26],"product_tag":[49,57,50,51,53],"berocket_brand":[394],"_links":{"self":[{"href":"https:\/\/www.casadainjecao.com.br\/loja\/wp-json\/wp\/v2\/product\/1302"}],"collection":[{"href":"https:\/\/www.casadainjecao.com.br\/loja\/wp-json\/wp\/v2\/product"}],"about":[{"href":"https:\/\/www.casadainjecao.com.br\/loja\/wp-json\/wp\/v2\/types\/product"}],"wp:featuredmedia":[{"embeddable":true,"href":"https:\/\/www.casadainjecao.com.br\/loja\/wp-json\/wp\/v2\/media\/28474"}],"wp:attachment":[{"href":"https:\/\/www.casadainjecao.com.br\/loja\/wp-json\/wp\/v2\/media?parent=1302"}],"wp:term":[{"taxonomy":"product_cat","embeddable":true,"href":"https:\/\/www.casadainjecao.com.br\/loja\/wp-json\/wp\/v2\/product_cat?post=1302"},{"taxonomy":"product_tag","embeddable":true,"href":"https:\/\/www.casadainjecao.com.br\/loja\/wp-json\/wp\/v2\/product_tag?post=1302"},{"taxonomy":"berocket_brand","embeddable":true,"href":"https:\/\/www.casadainjecao.com.br\/loja\/wp-json\/wp\/v2\/berocket_brand?post=1302"}],"curies":[{"name":"wp","href":"https:\/\/api.w.org\/{rel}","templated":true}]}}