{"id":13046,"date":"2021-11-08T15:05:23","date_gmt":"2021-11-08T18:05:23","guid":{"rendered":"https:\/\/www.casadainjecao.com.br\/loja\/?post_type=product&#038;p=13046"},"modified":"2025-03-27T17:28:11","modified_gmt":"2025-03-27T20:28:11","slug":"rolamento-de-agulha-caixa-de-transmissao-renault-megane-scenic-8200471966","status":"publish","type":"product","link":"https:\/\/www.casadainjecao.com.br\/loja\/autopecas\/transmissao\/cambio\/rolamento-de-agulha-caixa-de-transmissao-renault-megane-scenic-8200471966\/","title":{"rendered":"Rolamento de Agulha Caixa de Transmiss\u00e3o Renault Megane 820"},"content":{"rendered":"<h2>Rolamento de Agulha Caixa de Transmiss\u00e3o<\/h2>\n<p><strong>RENAULT<\/strong><\/p>\n<p>Renault M\u00e9gane II Dynamique flex, Expression, Extreme, Privil\u00e9ge 1.6 16v (2001 a 2016)<\/p>\n<h4>C\u00f3digo de Refer\u00eancia:<\/h4>\n<p>8200471966<\/p>\n<p><strong>Condi\u00e7\u00f5es:<\/strong><\/p>\n<p>Novo Original \/ Marca Renault<\/p>\n<h4>Especifica\u00e7\u00f5es:<\/h4>\n<p>Retentor de V\u00e1lvulas Admiss\u00e3o e Escape<\/p>\n<h4><strong>Garantia:<\/strong><\/h4>\n<p>3 Meses<strong>\u00a0<\/strong><\/p>\n<h3>ATEN\u00c7\u00c3O: Antes de efetuar a compra verifique o c\u00f3digo da sua pe\u00e7a que est\u00e1 instalada no seu ve\u00edculo.<\/h3>\n<h3><strong>APLICA\u00c7\u00c3O:<\/strong><\/h3>\n<p>Linha Renault<\/p>\n<h4><strong>O que \u00e9 e para que serve o Rolamento de Agulha?<\/strong><\/h4>\n<p>O Rolamento de agulha da caixa de transmiss\u00e3o \u00e9 um componente essencial que desempenha um papel cr\u00edtico no suporte e na redu\u00e7\u00e3o do atrito entre os elementos m\u00f3veis na caixa de transmiss\u00e3o de um ve\u00edculo. S\u00e3o projetados para suportar cargas tanto axiais quanto radiais, isso significa que eles s\u00e3o capazes de lidar com for\u00e7as que atuam tanto na dire\u00e7\u00e3o do eixo quanto perpendicular a ele, proporcionando um suporte robusto para os componentes rotativos da transmiss\u00e3o.<\/p>\n<p>&nbsp;<\/p>\n<p>A Casa da Inje\u00e7\u00e3o oferece total garantia nos produtos comprados em nosso site.<\/p>\n<ol>\n<li>Cada item \u00e9 rigorosamente testado antes do envio<\/li>\n<li>Se os itens estiverem danificados ou parcialmente defeituosos, entre em contato conosco.<\/li>\n<\/ol>\n<p>Se houver qualquer defeito, n\u00f3s lhe enviaremos uma substitui\u00e7\u00e3o ap\u00f3s receber o pacote ou devolvemos seu dinheiro.<\/p>\n<p>Leia nossa\u00a0<span style=\"color: #ff0000;\"><a style=\"color: #ff0000;\" href=\"https:\/\/www.casadainjecao.com.br\/loja\/politica-de-devolucao\">pol\u00edtica de devolu\u00e7\u00e3o aqui<\/a><\/span><\/p>\n<p>\u2014\u2014\u2014\u2014\u2014\u2014\u2014\u2014\u2014\u2014\u2014\u2014\u2014\u2014\u2014\u2014\u2014\u2014\u2014\u2013<\/p>\n<p><strong>Tem alguma d\u00favida?<\/strong><\/p>\n<p>Entre em contato que podemos ajudar!<\/p>\n<p>Confira as informa\u00e7\u00f5es adicionais abaixo:<\/p>\n<ul>\n<li>Todos os nossos produtos s\u00e3o novos, semi-novos, originais e paralelos possuem garantia.<\/li>\n<li>Todos os produtos anunciados est\u00e3o dispon\u00edveis em estoque e s\u00e3o enviados com extrema rapidez.<\/li>\n<li>O frete pode ser simulado antes de efetuar a compra, basta clicar em \u201cver custos de envio\u201d.<\/li>\n<li>Verifique o endere\u00e7o de entrega cadastrado e atualize caso necess\u00e1rio.<\/li>\n<li>Confirme se a pe\u00e7a \u00e9 correta para o seu modelo de ve\u00edculo.<\/li>\n<li>Para pe\u00e7as automotivas, recomendamos a instala\u00e7\u00e3o por um profissional especializado.<\/li>\n<\/ul>\n<p>Caso possua outras d\u00favidas, entre em contato.<\/p>\n","protected":false},"excerpt":{"rendered":"<h2>Rolamento de Agulha Caixa de Transmiss\u00e3o Renault Megane 8200471966<\/h2>\n<p>&nbsp;<\/p>\n","protected":false},"featured_media":39365,"template":"","meta":{"_seopress_robots_primary_cat":"none","_seopress_titles_title":"","_seopress_titles_desc":"","_seopress_robots_index":"","_joinchat":[]},"product_cat":[320,324,329,26],"product_tag":[50],"berocket_brand":[394],"_links":{"self":[{"href":"https:\/\/www.casadainjecao.com.br\/loja\/wp-json\/wp\/v2\/product\/13046"}],"collection":[{"href":"https:\/\/www.casadainjecao.com.br\/loja\/wp-json\/wp\/v2\/product"}],"about":[{"href":"https:\/\/www.casadainjecao.com.br\/loja\/wp-json\/wp\/v2\/types\/product"}],"wp:featuredmedia":[{"embeddable":true,"href":"https:\/\/www.casadainjecao.com.br\/loja\/wp-json\/wp\/v2\/media\/39365"}],"wp:attachment":[{"href":"https:\/\/www.casadainjecao.com.br\/loja\/wp-json\/wp\/v2\/media?parent=13046"}],"wp:term":[{"taxonomy":"product_cat","embeddable":true,"href":"https:\/\/www.casadainjecao.com.br\/loja\/wp-json\/wp\/v2\/product_cat?post=13046"},{"taxonomy":"product_tag","embeddable":true,"href":"https:\/\/www.casadainjecao.com.br\/loja\/wp-json\/wp\/v2\/product_tag?post=13046"},{"taxonomy":"berocket_brand","embeddable":true,"href":"https:\/\/www.casadainjecao.com.br\/loja\/wp-json\/wp\/v2\/berocket_brand?post=13046"}],"curies":[{"name":"wp","href":"https:\/\/api.w.org\/{rel}","templated":true}]}}