{"id":13121,"date":"2021-11-10T13:34:53","date_gmt":"2021-11-10T16:34:53","guid":{"rendered":"https:\/\/www.casadainjecao.com.br\/loja\/?post_type=product&#038;p=13121"},"modified":"2023-03-10T10:05:38","modified_gmt":"2023-03-10T13:05:38","slug":"ligacao-da-haste-da-caixa-de-marcha-renault-kangoo-8200201750","status":"publish","type":"product","link":"https:\/\/www.casadainjecao.com.br\/loja\/autopecas\/interior\/trambulador\/ligacao-da-haste-da-caixa-de-marcha-renault-kangoo-8200201750\/","title":{"rendered":"Liga\u00e7\u00e3o da Haste da Caixa de Marcha Renault Kangoo &#8211;"},"content":{"rendered":"<h1>Liga\u00e7\u00e3o da Haste da Caixa de Marcha Renault Kangoo &#8211; 8200201750<\/h1>\n","protected":false},"excerpt":{"rendered":"<h2>Liga\u00e7\u00e3o da Haste da Caixa de Marcha<\/h2>\n<h2>Renault Clio Kangoo Megane Scenic Symbol<\/h2>\n<h2>Codigo:- 8200201750 c=89<\/h2>\n","protected":false},"featured_media":20673,"template":"","meta":{"_seopress_robots_primary_cat":"none","_seopress_titles_title":"","_seopress_titles_desc":"","_seopress_robots_index":"","_kad_blocks_custom_css":"","_kad_blocks_head_custom_js":"","_kad_blocks_body_custom_js":"","_kad_blocks_footer_custom_js":"","_joinchat":[]},"product_cat":[24,1181],"product_tag":[49,57,50,51,89],"berocket_brand":[394],"taxonomy_info":{"product_cat":[{"value":24,"label":"Interior"},{"value":1181,"label":"Trambulador"}],"product_tag":[{"value":49,"label":"Clio"},{"value":57,"label":"Kangoo"},{"value":50,"label":"Megane"},{"value":51,"label":"Scenic"},{"value":89,"label":"Symbol"}],"berocket_brand":[{"value":394,"label":"Renault"}]},"featured_image_src_large":["https:\/\/www.casadainjecao.com.br\/loja\/wp-content\/uploads\/2021\/11\/cats-1.jpg",266,750,false],"author_info":[],"comment_info":"","_links":{"self":[{"href":"https:\/\/www.casadainjecao.com.br\/loja\/wp-json\/wp\/v2\/product\/13121"}],"collection":[{"href":"https:\/\/www.casadainjecao.com.br\/loja\/wp-json\/wp\/v2\/product"}],"about":[{"href":"https:\/\/www.casadainjecao.com.br\/loja\/wp-json\/wp\/v2\/types\/product"}],"wp:featuredmedia":[{"embeddable":true,"href":"https:\/\/www.casadainjecao.com.br\/loja\/wp-json\/wp\/v2\/media\/20673"}],"wp:attachment":[{"href":"https:\/\/www.casadainjecao.com.br\/loja\/wp-json\/wp\/v2\/media?parent=13121"}],"wp:term":[{"taxonomy":"product_cat","embeddable":true,"href":"https:\/\/www.casadainjecao.com.br\/loja\/wp-json\/wp\/v2\/product_cat?post=13121"},{"taxonomy":"product_tag","embeddable":true,"href":"https:\/\/www.casadainjecao.com.br\/loja\/wp-json\/wp\/v2\/product_tag?post=13121"},{"taxonomy":"berocket_brand","embeddable":true,"href":"https:\/\/www.casadainjecao.com.br\/loja\/wp-json\/wp\/v2\/berocket_brand?post=13121"}],"curies":[{"name":"wp","href":"https:\/\/api.w.org\/{rel}","templated":true}]}}