{"id":13273,"date":"2021-11-16T16:32:09","date_gmt":"2021-11-16T19:32:09","guid":{"rendered":"https:\/\/www.casadainjecao.com.br\/loja\/?post_type=product&#038;p=13273"},"modified":"2026-01-13T11:21:21","modified_gmt":"2026-01-13T14:21:21","slug":"emblema-porta-friso-lateral-renault-clio-alize-7700433603","status":"publish","type":"product","link":"https:\/\/www.casadainjecao.com.br\/loja\/autopecas\/exterior\/frisos\/emblema-porta-friso-lateral-renault-clio-alize-7700433603\/","title":{"rendered":"Emblema Friso Porta Lateral Renault Clio Aliz\u00e9 &#8211; 7700"},"content":{"rendered":"<h2>Emblema do Friso da Porta Lateral<\/h2>\n<p><strong>RENAULT<\/strong><\/p>\n<p>Renault Clio II RL, RN, RT, RL, SI, Campus, Clio flex, Authentique, Expression, Dynamique, Privil\u00e9ge flex, hi flex, power, Alize 1.0 8v 1.0 16v 1.6 8v 1.6 16v (1997 a 2018)<\/p>\n<h4><strong>C\u00f3digo de refer\u00eancia:<\/strong><\/h4>\n<p>7700433603, 7700433604, 7700419321<\/p>\n<h4><strong>Condi\u00e7\u00f5es:<\/strong><\/h4>\n<p>Novo Original\/ Marca Renault<\/p>\n<h4>Garantia:<\/h4>\n<p>3 Meses<\/p>\n<h3>APLICA\u00c7\u00c3O:<\/h3>\n<p>Linha Renault<\/p>\n<h4><strong>O que \u00e9 e para que serve o Emblema do Friso da Porta Lateral?<\/strong><\/h4>\n<p>O Emblema Friso da Porta da Lateral serve principalmente para fins est\u00e9ticos e identifica\u00e7\u00e3o da marca. Muitas vezes cont\u00e9m o logotipo ou nome do fabricante do ve\u00edculo, e \u00e9 uma forma visual de identificar a marca do carro.<\/p>\n<p>A Casa da Inje\u00e7\u00e3o oferece total garantia nos produtos comprados em nosso site.<\/p>\n<ol>\n<li>Cada item \u00e9 rigorosamente testado antes do envio<\/li>\n<li>Se os itens estiverem danificados ou parcialmente defeituosos, entre em contato conosco.<\/li>\n<\/ol>\n<p>Se houver qualquer defeito, n\u00f3s lhe enviaremos uma substitui\u00e7\u00e3o ap\u00f3s receber o pacote ou devolvemos seu dinheiro.<\/p>\n<p>Leia nossa\u00a0<span style=\"color: #ff0000;\"><a style=\"color: #ff0000;\" href=\"https:\/\/www.casadainjecao.com.br\/loja\/politica-de-devolucao\">pol\u00edtica de devolu\u00e7\u00e3o aqui<\/a><\/span><\/p>\n<p>\u2014\u2014\u2014\u2014\u2014\u2014\u2014\u2014\u2014\u2014\u2014\u2014\u2014\u2014\u2014\u2014\u2014\u2014\u2014\u2013<\/p>\n<p><strong>ATEN\u00c7\u00c3O<\/strong>: Antes de efetuar a compra verifique o c\u00f3digo do Emblema do Friso da Porta Lateral que est\u00e1 instalado no seu ve\u00edculo.<\/p>\n<p>O Emblema do Friso da Porta Lateral \u00e9 compat\u00edvel com as marcas, Renault Clio<\/p>\n<p>\u2014\u2014\u2014\u2014\u2014\u2014\u2014\u2014\u2014\u2014\u2014\u2014\u2014\u2014\u2014\u2014\u2014\u2014\u2014\u2014-<\/p>\n<h4>Tem alguma d\u00favida?<\/h4>\n<p>Entre em contato que podemos ajudar!<\/p>\n<p>Confira as informa\u00e7\u00f5es adicionais abaixo:<\/p>\n<ul>\n<li>Todos os nossos produtos s\u00e3o novos, semi-novos, originais, paralelos e possuem garantia.<\/li>\n<li>Todos os produtos anunciados est\u00e3o dispon\u00edveis em estoque e s\u00e3o enviados com extrema rapidez.<\/li>\n<li>O frete pode ser simulado antes de efetuar a compra, basta clicar em \u201cver custos de envio\u201d.<\/li>\n<li>Verifique o endere\u00e7o de entrega cadastrado e atualize caso necess\u00e1rio.<\/li>\n<li>Confirme se a pe\u00e7a \u00e9 correta para o seu modelo de ve\u00edculo.<\/li>\n<li>Para pe\u00e7as automotivas, recomendamos a instala\u00e7\u00e3o por um profissional especializado.<\/li>\n<\/ul>\n<p>Caso possua outras d\u00favidas, entre em contato.<\/p>\n<p>&nbsp;<\/p>\n<p>&nbsp;<\/p>\n","protected":false},"excerpt":{"rendered":"<h2>Emblema Porta Friso Lateral Renault Clio Alize &#8211; 7700433603, 7700433604, 7700419321<\/h2>\n<h2><\/h2>\n","protected":false},"featured_media":27047,"template":"","meta":{"_seopress_robots_primary_cat":"none","_seopress_titles_title":"","_seopress_titles_desc":"","_seopress_robots_index":"","_joinchat":[]},"product_cat":[1057,23,307],"product_tag":[49,57],"berocket_brand":[394],"_links":{"self":[{"href":"https:\/\/www.casadainjecao.com.br\/loja\/wp-json\/wp\/v2\/product\/13273"}],"collection":[{"href":"https:\/\/www.casadainjecao.com.br\/loja\/wp-json\/wp\/v2\/product"}],"about":[{"href":"https:\/\/www.casadainjecao.com.br\/loja\/wp-json\/wp\/v2\/types\/product"}],"wp:featuredmedia":[{"embeddable":true,"href":"https:\/\/www.casadainjecao.com.br\/loja\/wp-json\/wp\/v2\/media\/27047"}],"wp:attachment":[{"href":"https:\/\/www.casadainjecao.com.br\/loja\/wp-json\/wp\/v2\/media?parent=13273"}],"wp:term":[{"taxonomy":"product_cat","embeddable":true,"href":"https:\/\/www.casadainjecao.com.br\/loja\/wp-json\/wp\/v2\/product_cat?post=13273"},{"taxonomy":"product_tag","embeddable":true,"href":"https:\/\/www.casadainjecao.com.br\/loja\/wp-json\/wp\/v2\/product_tag?post=13273"},{"taxonomy":"berocket_brand","embeddable":true,"href":"https:\/\/www.casadainjecao.com.br\/loja\/wp-json\/wp\/v2\/berocket_brand?post=13273"}],"curies":[{"name":"wp","href":"https:\/\/api.w.org\/{rel}","templated":true}]}}