{"id":13365,"date":"2021-11-18T11:51:29","date_gmt":"2021-11-18T14:51:29","guid":{"rendered":"https:\/\/www.casadainjecao.com.br\/loja\/?post_type=product&#038;p=13365"},"modified":"2026-03-14T17:32:09","modified_gmt":"2026-03-14T20:32:09","slug":"dobradica-direita-do-capo-renault-kangoo-8200153190","status":"publish","type":"product","link":"https:\/\/www.casadainjecao.com.br\/loja\/autopecas\/carroceria\/capo\/dobradica-direita-do-capo-renault-kangoo-8200153190\/","title":{"rendered":"Dobradi\u00e7a do Cap\u00f4 Direito Renault Kangoo &#8211; 820015319"},"content":{"rendered":"<h1>Dobradi\u00e7a do Cap\u00f4 Direito Renault Kangoo &#8211; 8200153190<\/h1>\n","protected":false},"excerpt":{"rendered":"<h2>Dobradi\u00e7a do Cap\u00f4 Direito Original<\/h2>\n<h2>Renault Kangoo<\/h2>\n<h2>C\u00f3digo: &#8211; 8200153190\u00a0 \u00a0c=190<\/h2>\n","protected":false},"featured_media":20928,"template":"","meta":{"_seopress_robots_primary_cat":"none","_seopress_titles_title":"","_seopress_titles_desc":"","_seopress_robots_index":"","_joinchat":[]},"product_cat":[87,83,88,1104],"product_tag":[57],"berocket_brand":[394],"_links":{"self":[{"href":"https:\/\/www.casadainjecao.com.br\/loja\/wp-json\/wp\/v2\/product\/13365"}],"collection":[{"href":"https:\/\/www.casadainjecao.com.br\/loja\/wp-json\/wp\/v2\/product"}],"about":[{"href":"https:\/\/www.casadainjecao.com.br\/loja\/wp-json\/wp\/v2\/types\/product"}],"wp:featuredmedia":[{"embeddable":true,"href":"https:\/\/www.casadainjecao.com.br\/loja\/wp-json\/wp\/v2\/media\/20928"}],"wp:attachment":[{"href":"https:\/\/www.casadainjecao.com.br\/loja\/wp-json\/wp\/v2\/media?parent=13365"}],"wp:term":[{"taxonomy":"product_cat","embeddable":true,"href":"https:\/\/www.casadainjecao.com.br\/loja\/wp-json\/wp\/v2\/product_cat?post=13365"},{"taxonomy":"product_tag","embeddable":true,"href":"https:\/\/www.casadainjecao.com.br\/loja\/wp-json\/wp\/v2\/product_tag?post=13365"},{"taxonomy":"berocket_brand","embeddable":true,"href":"https:\/\/www.casadainjecao.com.br\/loja\/wp-json\/wp\/v2\/berocket_brand?post=13365"}],"curies":[{"name":"wp","href":"https:\/\/api.w.org\/{rel}","templated":true}]}}