{"id":13409,"date":"2021-11-19T09:16:18","date_gmt":"2021-11-19T12:16:18","guid":{"rendered":"https:\/\/www.casadainjecao.com.br\/loja\/?post_type=product&#038;p=13409"},"modified":"2026-01-27T23:13:46","modified_gmt":"2026-01-28T02:13:46","slug":"abracadeira-aco-mangueira-renault-clio-kangoo-master-7703083474","status":"publish","type":"product","link":"https:\/\/www.casadainjecao.com.br\/loja\/autopecas\/motor\/mangueiras-motor\/abracadeira-aco-mangueira-renault-clio-kangoo-master-7703083474\/","title":{"rendered":"Abra\u00e7adeira A\u00e7o Mangueira Radiador Renault Clio &#8211; 77"},"content":{"rendered":"<h2>Abra\u00e7adeira de A\u00e7o Mangueira Radiador (24mm)<\/h2>\n<p><strong>RENAULT\u00a0<\/strong><\/p>\n<p>Renault Clio<\/p>\n<p>Renault Kangoo<\/p>\n<p>Renault Master<\/p>\n<h4>C\u00f3digo de Refer\u00eancia:<\/h4>\n<p>7703083474<\/p>\n<h4>Condi\u00e7\u00f5es:<\/h4>\n<p>Novo Original \/ Marca Renualt<\/p>\n<h4 class=\"ui-pdp-description__content\">Garantia:<\/h4>\n<p class=\"ui-pdp-description__content\">3 Meses<\/p>\n<h3 class=\"ui-pdp-description__content\">ATEN\u00c7\u00c3O: Antes de efetuar a compra verifique o c\u00f3digo da pe\u00e7a que est\u00e1 instalada no seu ve\u00edculo.<\/h3>\n<h4 class=\"ui-pdp-description__content\">O que \u00e9 e para que serve a Abra\u00e7adeira A\u00e7o Mangueira Radiador?<\/h4>\n<p class=\"ui-pdp-description__content\">A Abra\u00e7adeira de A\u00e7o \u00e9 usada para apertar as mangueiras do radiador ao redor das tubula\u00e7\u00f5es ou conex\u00f5es, garantindo uma fixa\u00e7\u00e3o segura e firme. Isso ajuda a prevenir que as mangueiras soltem ou se movam devido \u00e0 press\u00e3o do l\u00edquido de arrefecimento que passa por elas.<\/p>\n<p>&nbsp;<\/p>\n<p>A Casa da Inje\u00e7\u00e3o oferece total garantia nos produtos comprados em nosso site.<\/p>\n<ol>\n<li>Cada item \u00e9 rigorosamente testado antes do envio<\/li>\n<li>Se os itens estiverem danificados ou parcialmente defeituosos, entre em contato conosco.<\/li>\n<\/ol>\n<p>Se houver qualquer defeito, n\u00f3s lhe enviaremos uma substitui\u00e7\u00e3o ap\u00f3s receber o pacote ou devolvemos seu dinheiro.<\/p>\n<p>Leia nossa\u00a0<span style=\"color: #ff0000;\"><a style=\"color: #ff0000;\" href=\"https:\/\/www.casadainjecao.com.br\/loja\/politica-de-devolucao\">pol\u00edtica de devolu\u00e7\u00e3o aqui<\/a><\/span><\/p>\n<p>\u2014\u2014\u2014\u2014\u2014\u2014\u2014\u2014\u2014\u2014\u2014\u2014\u2014\u2014\u2014\u2014\u2014\u2014\u2014\u2014-<\/p>\n<h4>Tem alguma d\u00favida?<\/h4>\n<p>Entre em contato que podemos ajudar!<\/p>\n<p>Confira as informa\u00e7\u00f5es adicionais abaixo:<\/p>\n<ul>\n<li>Todos os nossos produtos s\u00e3o novos, semi-novos, originais, paralelos e possuem garantia.<\/li>\n<li>Todos os produtos anunciados est\u00e3o dispon\u00edveis em estoque e s\u00e3o enviados com extrema rapidez.<\/li>\n<li>O frete pode ser simulado antes de efetuar a compra, basta clicar em \u201cver custos de envio\u201d.<\/li>\n<li>Verifique o endere\u00e7o de entrega cadastrado e atualize caso necess\u00e1rio.<\/li>\n<li>Confirme se a pe\u00e7a \u00e9 correta para o seu modelo de ve\u00edculo.<\/li>\n<li>Para pe\u00e7as automotivas, recomendamos a instala\u00e7\u00e3o por um profissional especializado.<\/li>\n<\/ul>\n","protected":false},"excerpt":{"rendered":"<h2>Abra\u00e7adeira A\u00e7o Mangueira Radiador Renault Clio &#8211; 7703083474<\/h2>\n","protected":false},"featured_media":31063,"template":"","meta":{"_seopress_robots_primary_cat":"none","_seopress_titles_title":"","_seopress_titles_desc":"","_seopress_robots_index":"","_joinchat":[]},"product_cat":[1182,16,223,72,22],"product_tag":[49,57,81,91,53],"berocket_brand":[392,394,397],"_links":{"self":[{"href":"https:\/\/www.casadainjecao.com.br\/loja\/wp-json\/wp\/v2\/product\/13409"}],"collection":[{"href":"https:\/\/www.casadainjecao.com.br\/loja\/wp-json\/wp\/v2\/product"}],"about":[{"href":"https:\/\/www.casadainjecao.com.br\/loja\/wp-json\/wp\/v2\/types\/product"}],"wp:featuredmedia":[{"embeddable":true,"href":"https:\/\/www.casadainjecao.com.br\/loja\/wp-json\/wp\/v2\/media\/31063"}],"wp:attachment":[{"href":"https:\/\/www.casadainjecao.com.br\/loja\/wp-json\/wp\/v2\/media?parent=13409"}],"wp:term":[{"taxonomy":"product_cat","embeddable":true,"href":"https:\/\/www.casadainjecao.com.br\/loja\/wp-json\/wp\/v2\/product_cat?post=13409"},{"taxonomy":"product_tag","embeddable":true,"href":"https:\/\/www.casadainjecao.com.br\/loja\/wp-json\/wp\/v2\/product_tag?post=13409"},{"taxonomy":"berocket_brand","embeddable":true,"href":"https:\/\/www.casadainjecao.com.br\/loja\/wp-json\/wp\/v2\/berocket_brand?post=13409"}],"curies":[{"name":"wp","href":"https:\/\/api.w.org\/{rel}","templated":true}]}}