{"id":13578,"date":"2021-11-26T09:27:34","date_gmt":"2021-11-26T12:27:34","guid":{"rendered":"https:\/\/www.casadainjecao.com.br\/loja\/?post_type=product&#038;p=13578"},"modified":"2025-08-27T08:56:10","modified_gmt":"2025-08-27T11:56:10","slug":"tampa-da-flange-de-combustivel-renault-copia","status":"publish","type":"product","link":"https:\/\/www.casadainjecao.com.br\/loja\/autopecas\/injecao-eletronica\/bomba-de-combustivel\/tampa-da-flange-de-combustivel-renault-copia\/","title":{"rendered":"Tampa da Flange de Combust\u00edvel Renault Duster &#8211; 17202"},"content":{"rendered":"<h2>Tampa da Flange de Combust\u00edvel Original Marwal sem Oring<\/h2>\n<p><strong>RENAULT<\/strong><\/p>\n<p>Renault Duster 4X2 1.6 16V Hi-Flex 4P (2011 a 2015)<\/p>\n<p>Renault Duster Dakar 4X2 1.6 16V Hi-Flex 4P (2015 a 2019)<\/p>\n<p>Renault Duster Dynamique 4X2 1.6 16V Hi-Flex 4P (2011 a 2019)<\/p>\n<p>Renault Duster Expression 4X2 1.6 16V Hi-Flex 4P (2011 a 2019)<\/p>\n<p>Renault Duster Outdoor 4X2 1.6 16V Hi-Flex 4P (2014 a 2015)<\/p>\n<p>Renault Duster Tech Road 4X2 1.6 16V Hi-Flex 4P (2013 a 2015)<\/p>\n<h4>C\u00f3digo refer\u00eancia:<\/h4>\n<p>172021384r, 172024887r, 172024289r, 172027803r, 172029382r<\/p>\n<h4>Condi\u00e7\u00f5es:<\/h4>\n<p>Novo\/ Marca Marwal<\/p>\n<h4>Garantia:<\/h4>\n<p>3 Meses<\/p>\n<h3><strong>ATEN\u00c7\u00c3O<\/strong>: Antes de efetuar a compra verifique o c\u00f3digo da pe\u00e7a que est\u00e1 instalada no seu ve\u00edculo.<\/h3>\n<h3>APLICA\u00c7\u00c3O:<\/h3>\n<p>Linha Renault<\/p>\n<h4>O que \u00e9 e para que serve a Tampa da Flange de Combust\u00edvel?<\/h4>\n<p>A Tampa da Flange de combust\u00edvel, tem diversas fun\u00e7\u00f5es importantes em um ve\u00edculo: sua principal fun\u00e7\u00e3o \u00e9 evitar a entrada de sujeira, poeira, detritos e outros contaminantes no tanque de combust\u00edvel. Isso \u00e9 fundamental para manter o combust\u00edvel limpo e evitar danos ao sistema de combust\u00edvel do ve\u00edculo.<\/p>\n<p>&nbsp;<\/p>\n<p>A Casa da Inje\u00e7\u00e3o oferece total garantia nos produtos comprados em nosso site.<\/p>\n<ol>\n<li>Cada item \u00e9 rigorosamente testado antes do envio<\/li>\n<li>Se os itens estiverem danificados ou parcialmente defeituosos, entre em contato conosco.<\/li>\n<\/ol>\n<p>Se houver qualquer defeito, n\u00f3s lhe enviaremos uma substitui\u00e7\u00e3o ap\u00f3s receber o pacote ou devolvemos seu dinheiro.<\/p>\n<p>Leia nossa<span style=\"color: #ff0000;\">\u00a0<a style=\"color: #ff0000;\" href=\"https:\/\/www.casadainjecao.com.br\/loja\/politica-de-devolucao\">pol\u00edtica de devolu\u00e7\u00e3o aqui<\/a><\/span><\/p>\n<p>\u2014\u2014\u2014\u2014\u2014\u2014\u2014\u2014\u2014\u2014\u2014\u2014\u2014\u2014\u2014\u2014\u2014\u2014\u2014\u2013<\/p>\n<h4>Tem alguma d\u00favida?<\/h4>\n<p>Entre em contato que podemos ajudar!<\/p>\n<p>Confira as informa\u00e7\u00f5es adicionais abaixo:<\/p>\n<ul>\n<li>Todos os nossos produtos s\u00e3o novos, semi-novos, originais, paralelos e possuem garantia.<\/li>\n<li>Todos os produtos anunciados est\u00e3o dispon\u00edveis em estoque e s\u00e3o enviados com extrema rapidez.<\/li>\n<li>O frete pode ser simulado antes de efetuar a compra, basta clicar em \u201cver custos de envio\u201d.<\/li>\n<li>Verifique o endere\u00e7o de entrega cadastrado e atualize caso necess\u00e1rio.<\/li>\n<li>Confirme se a pe\u00e7a \u00e9 correta para o seu modelo de ve\u00edculo.<\/li>\n<li>Para pe\u00e7as automotivas, recomendamos a instala\u00e7\u00e3o por um profissional especializado.<\/li>\n<\/ul>\n<p>Caso possua outras d\u00favidas, entre em contato.<\/p>\n","protected":false},"excerpt":{"rendered":"<h2>Tampa da Flange de Combust\u00edvel Renault Duster &#8211; 172021384r<\/h2>\n<p>&nbsp;<\/p>\n","protected":false},"featured_media":29619,"template":"","meta":{"_seopress_robots_primary_cat":"none","_seopress_titles_title":"","_seopress_titles_desc":"","_seopress_robots_index":"","_joinchat":[]},"product_cat":[257,21,1385],"product_tag":[52],"berocket_brand":[394],"_links":{"self":[{"href":"https:\/\/www.casadainjecao.com.br\/loja\/wp-json\/wp\/v2\/product\/13578"}],"collection":[{"href":"https:\/\/www.casadainjecao.com.br\/loja\/wp-json\/wp\/v2\/product"}],"about":[{"href":"https:\/\/www.casadainjecao.com.br\/loja\/wp-json\/wp\/v2\/types\/product"}],"wp:featuredmedia":[{"embeddable":true,"href":"https:\/\/www.casadainjecao.com.br\/loja\/wp-json\/wp\/v2\/media\/29619"}],"wp:attachment":[{"href":"https:\/\/www.casadainjecao.com.br\/loja\/wp-json\/wp\/v2\/media?parent=13578"}],"wp:term":[{"taxonomy":"product_cat","embeddable":true,"href":"https:\/\/www.casadainjecao.com.br\/loja\/wp-json\/wp\/v2\/product_cat?post=13578"},{"taxonomy":"product_tag","embeddable":true,"href":"https:\/\/www.casadainjecao.com.br\/loja\/wp-json\/wp\/v2\/product_tag?post=13578"},{"taxonomy":"berocket_brand","embeddable":true,"href":"https:\/\/www.casadainjecao.com.br\/loja\/wp-json\/wp\/v2\/berocket_brand?post=13578"}],"curies":[{"name":"wp","href":"https:\/\/api.w.org\/{rel}","templated":true}]}}