{"id":13797,"date":"2021-12-07T13:53:59","date_gmt":"2021-12-07T16:53:59","guid":{"rendered":"https:\/\/www.casadainjecao.com.br\/loja\/?post_type=product&#038;p=13797"},"modified":"2026-03-14T11:25:55","modified_gmt":"2026-03-14T14:25:55","slug":"capa-retrovisor-externo-esquerdo-renault-sandero-963734089r","status":"publish","type":"product","link":"https:\/\/www.casadainjecao.com.br\/loja\/autopecas\/exterior\/capa-retrovisor-externo-esquerdo-renault-sandero-963734089r\/","title":{"rendered":"Capa Retrovisor Esquerdo Renault Logan Sandero &#8211; 96373"},"content":{"rendered":"<h2>Capa do Retrovisor lado Esquerdo (Cor Prata)<\/h2>\n<p><strong>RENAULT<\/strong><\/p>\n<p>Logan Authentique, Expression flex, Privil\u00e9ge flex 1.0 16v 1.6 8v 1.6 16v 2002\/2003\/2004\/2005\/2006\/2007\/2008\/2009\/2010\/2011\/2012\/2013<\/p>\n<p>Sandero Authentique, Expression flex, Privil\u00e9ge flex, Stepway flex, Vibe flex, GT line 1.0 16v 1.6 8v 1.6 16v 2002\/2003\/2004\/2005\/2006\/2007\/2008\/2009\/2010\/2011\/2012\/2013<\/p>\n<h4>C\u00f3digo de Refer\u00eancia:<\/h4>\n<p>963734089R, 272130053<\/p>\n<h4><strong>Condi\u00e7\u00f5es:<\/strong><\/h4>\n<p>Novo Original \/ Marca Renault<\/p>\n<h4><strong>Garantia:<\/strong><\/h4>\n<p>3 Meses<strong>\u00a0<\/strong><\/p>\n<h3>ATEN\u00c7\u00c3O: Antes de efetuar a compra verifique o c\u00f3digo da sua pe\u00e7a que est\u00e1 instalada no seu ve\u00edculo.<\/h3>\n","protected":false},"excerpt":{"rendered":"<h2>Capa da Cobertura do Retrovisor lado Esquerdo Original (Prata) Renault Logan Sandero &#8211; 963734089R, 272130053\u00a0<\/h2>\n","protected":false},"featured_media":43439,"template":"","meta":{"_seopress_robots_primary_cat":"none","_seopress_titles_title":"","_seopress_titles_desc":"","_seopress_robots_index":"","_joinchat":[]},"product_cat":[23],"product_tag":[1171],"berocket_brand":[394],"_links":{"self":[{"href":"https:\/\/www.casadainjecao.com.br\/loja\/wp-json\/wp\/v2\/product\/13797"}],"collection":[{"href":"https:\/\/www.casadainjecao.com.br\/loja\/wp-json\/wp\/v2\/product"}],"about":[{"href":"https:\/\/www.casadainjecao.com.br\/loja\/wp-json\/wp\/v2\/types\/product"}],"wp:featuredmedia":[{"embeddable":true,"href":"https:\/\/www.casadainjecao.com.br\/loja\/wp-json\/wp\/v2\/media\/43439"}],"wp:attachment":[{"href":"https:\/\/www.casadainjecao.com.br\/loja\/wp-json\/wp\/v2\/media?parent=13797"}],"wp:term":[{"taxonomy":"product_cat","embeddable":true,"href":"https:\/\/www.casadainjecao.com.br\/loja\/wp-json\/wp\/v2\/product_cat?post=13797"},{"taxonomy":"product_tag","embeddable":true,"href":"https:\/\/www.casadainjecao.com.br\/loja\/wp-json\/wp\/v2\/product_tag?post=13797"},{"taxonomy":"berocket_brand","embeddable":true,"href":"https:\/\/www.casadainjecao.com.br\/loja\/wp-json\/wp\/v2\/berocket_brand?post=13797"}],"curies":[{"name":"wp","href":"https:\/\/api.w.org\/{rel}","templated":true}]}}